{"id":3614,"date":"2018-08-01T13:18:09","date_gmt":"2018-08-01T13:18:09","guid":{"rendered":"http:\/\/trenaferragens1.hospedagemdesites.ws\/produto\/import-placeholder-for-4144\/"},"modified":"2018-08-01T13:18:17","modified_gmt":"2018-08-01T13:18:17","slug":"impermanta-primer","status":"publish","type":"product","link":"https:\/\/trenaferragens.com.br\/?product=impermanta-primer","title":{"rendered":"Impermanta Primer"},"content":{"rendered":"<p>Impermanta Primer<\/p>\n<p>Solu\u00e7\u00e3o asf\u00e1ltica para imprima\u00e7\u00e3o \u00e0 base de asfalto oxidado dilu\u00eddo em solventes apropriados, para aplica\u00e7\u00e3o a frio.<\/p>\n","protected":false},"excerpt":{"rendered":"<p>Solu\u00e7\u00e3o asf\u00e1ltica para imprima\u00e7\u00e3o \u00e0 base de asfalto oxidado dilu\u00eddo em solventes apropriados, para aplica\u00e7\u00e3o a frio.<\/p>\n<p>Embalagem: Gal\u00e3o 3,6 L<\/p>\n","protected":false},"featured_media":233,"comment_status":"open","ping_status":"closed","template":"","meta":[],"product_cat":[165,1116],"product_tag":[167],"_links":{"self":[{"href":"https:\/\/trenaferragens.com.br\/index.php?rest_route=\/wp\/v2\/product\/3614"}],"collection":[{"href":"https:\/\/trenaferragens.com.br\/index.php?rest_route=\/wp\/v2\/product"}],"about":[{"href":"https:\/\/trenaferragens.com.br\/index.php?rest_route=\/wp\/v2\/types\/product"}],"replies":[{"embeddable":true,"href":"https:\/\/trenaferragens.com.br\/index.php?rest_route=%2Fwp%2Fv2%2Fcomments&post=3614"}],"wp:featuredmedia":[{"embeddable":true,"href":"https:\/\/trenaferragens.com.br\/index.php?rest_route=\/wp\/v2\/media\/233"}],"wp:attachment":[{"href":"https:\/\/trenaferragens.com.br\/index.php?rest_route=%2Fwp%2Fv2%2Fmedia&parent=3614"}],"wp:term":[{"taxonomy":"product_cat","embeddable":true,"href":"https:\/\/trenaferragens.com.br\/index.php?rest_route=%2Fwp%2Fv2%2Fproduct_cat&post=3614"},{"taxonomy":"product_tag","embeddable":true,"href":"https:\/\/trenaferragens.com.br\/index.php?rest_route=%2Fwp%2Fv2%2Fproduct_tag&post=3614"}],"curies":[{"name":"wp","href":"https:\/\/api.w.org\/{rel}","templated":true}]}}