{"id":3616,"date":"2018-08-01T13:18:10","date_gmt":"2018-08-01T13:18:10","guid":{"rendered":"http:\/\/trenaferragens1.hospedagemdesites.ws\/produto\/import-placeholder-for-4155\/"},"modified":"2018-08-01T13:18:17","modified_gmt":"2018-08-01T13:18:17","slug":"refil-p-purificador-agua-soft-pro-se-acquabios","status":"publish","type":"product","link":"https:\/\/trenaferragens.com.br\/?product=refil-p-purificador-agua-soft-pro-se-acquabios","title":{"rendered":"Refil P\/Purificador \u00c1gua Soft (PR\u00d3-SE) Acquabios"},"content":{"rendered":"<p>Refil P\/Purificador \u00c1gua Soft (PR\u00d3-SE) Acquabios<\/p>\n<h2 class=\"titulo_empresa\">BEM-VINDO \u00c0 ACQUABIOS<\/h2>\n<div class=\"texto_empresa\">Fundada em 2008 com o objetivo de fornecer filtros purificadores de \u00e1gua com qualidade, pre\u00e7os competitivos e seguran\u00e7a, proporcionando a todos bem-estar e qualidade de vida atrav\u00e9s da populariza\u00e7\u00e3o do uso de filtros purificadores de \u00e1gua.\u00a0Conta com a experi\u00eancia e o pioneirismo de seu s\u00f3cio, atuante no segmento desde 1994. Neste per\u00edodo esteve \u00e0 frente do desenvolvimento no mercado interno da tecnologia Melt Blown, anteriormente dispon\u00edvel apenas no exterior. Al\u00e9m de ser detentor de diversas patentes de produtos comercializados atualmente no mercado de filtros.<\/div>\n","protected":false},"excerpt":{"rendered":"<div id=\"categoria_selecionada\" class=\"selecionado_box\">\n<div class=\"selecionado_box_descricao\">\n<p>Refil P\/Purificador \u00c1gua Soft (PR\u00d3-SE) Acquabios<\/p>\n<p><strong>CARACTER\u00cdSTICAS<\/strong><\/p>\n<p>Vaz\u00e3o nominal &#8211; 60 L\/H<\/p>\n<p>Press\u00e3o &#8211; 19,6 a 392 Kpa<\/p>\n<p>Redu\u00e7\u00e3o do cloro livre &#8211; Aplic\u00e1vel<\/p>\n<p>Classe de reten\u00e7\u00e3o de part\u00edculas &#8211; Classe C<\/p>\n<p>Vida \u00fatil do refil &#8211; 6.000 L*<\/p>\n<p>C\u00f3digo de F\u00e1brica:<\/p>\n<p>10050008<\/p>\n<p>Os elementos filtrantes de reposi\u00e7\u00e3o da Linha Pr\u00f3 SE, s\u00e3o uma combina\u00e7\u00e3o eficiente.<\/p>\n<p>Os produtos da linha Multiuso da ACQUABIOS oferecem praticidadee facilidade de instala\u00e7\u00e3o. Esta linha conta com modelos de reposi\u00e7\u00e3o de outros fabricantes e modelos para uso direto. Sua versatilidade permite que sejam instalados em geladeiras com refil purificador externo, em bebedouros de coluna como pr\u00e9-filtro, sob a bancada de cozinhas e banheiros e outras aplica\u00e7\u00f5es. ACQUABIOS, \u00e1gua filtrada onde voc\u00ea desejar<\/p>\n<p>Com tripla filtra\u00e7\u00e3o atrav\u00e9s de duas camadas de polipropileno Melt Blown, respons\u00e1vel por fazer uma pr\u00e9-filtra\u00e7\u00e3o na \u00e1gua.\u00a0O Segundo elemento filtrante \u00e9 fabricado com carv\u00e3o ativado ativado.\u00a0Refil para reten\u00e7\u00e3o de impurezas, redu\u00e7\u00e3o de cloro, odores e gosto.<\/p>\n<p>Para uso em \u00e1gua pot\u00e1vel que atenda as condi\u00e7\u00f5es da 2914 do Minist\u00e9rio da Sa\u00fade.<\/p>\n<p><strong>IMPORTANTE<\/strong><\/p>\n<p>A troca do elemento filtrante\/Refil \u00e9 recomendada a cada 06 meses \u2013 1500 litros ou 6.000 dependendo do modelo ou quando houver redu\u00e7\u00e3o do fluxo de \u00e1gua.<\/p>\n<p>Este refil n\u00e3o \u00e9 lav\u00e1vel.<\/p>\n<p>Para d\u00favidas entre em contato com o SAC atrav\u00e9s de Fale Conosco.<\/p>\n<\/div>\n<\/div>\n","protected":false},"featured_media":235,"comment_status":"open","ping_status":"closed","template":"","meta":[],"product_cat":[1840,1841],"product_tag":[171],"_links":{"self":[{"href":"https:\/\/trenaferragens.com.br\/index.php?rest_route=\/wp\/v2\/product\/3616"}],"collection":[{"href":"https:\/\/trenaferragens.com.br\/index.php?rest_route=\/wp\/v2\/product"}],"about":[{"href":"https:\/\/trenaferragens.com.br\/index.php?rest_route=\/wp\/v2\/types\/product"}],"replies":[{"embeddable":true,"href":"https:\/\/trenaferragens.com.br\/index.php?rest_route=%2Fwp%2Fv2%2Fcomments&post=3616"}],"wp:featuredmedia":[{"embeddable":true,"href":"https:\/\/trenaferragens.com.br\/index.php?rest_route=\/wp\/v2\/media\/235"}],"wp:attachment":[{"href":"https:\/\/trenaferragens.com.br\/index.php?rest_route=%2Fwp%2Fv2%2Fmedia&parent=3616"}],"wp:term":[{"taxonomy":"product_cat","embeddable":true,"href":"https:\/\/trenaferragens.com.br\/index.php?rest_route=%2Fwp%2Fv2%2Fproduct_cat&post=3616"},{"taxonomy":"product_tag","embeddable":true,"href":"https:\/\/trenaferragens.com.br\/index.php?rest_route=%2Fwp%2Fv2%2Fproduct_tag&post=3616"}],"curies":[{"name":"wp","href":"https:\/\/api.w.org\/{rel}","templated":true}]}}