{"id":3617,"date":"2018-08-01T13:18:10","date_gmt":"2018-08-01T13:18:10","guid":{"rendered":"http:\/\/trenaferragens1.hospedagemdesites.ws\/produto\/import-placeholder-for-4159\/"},"modified":"2018-08-01T13:18:18","modified_gmt":"2018-08-01T13:18:18","slug":"filtro-refil-p-torneira-acquabios-e05","status":"publish","type":"product","link":"https:\/\/trenaferragens.com.br\/?product=filtro-refil-p-torneira-acquabios-e05","title":{"rendered":"Filtro (Refil) P\/Torneira Acquabios E05"},"content":{"rendered":"<p>Filtro (Refil) P\/Torneira Acquabios E05<\/p>\n<h2 class=\"titulo_empresa\">BEM-VINDO \u00c0 ACQUABIOS<\/h2>\n<div class=\"texto_empresa\">Fundada em 2008 com o objetivo de fornecer filtros purificadores de \u00e1gua com qualidade, pre\u00e7os competitivos e seguran\u00e7a, proporcionando a todos bem-estar e qualidade de vida atrav\u00e9s da populariza\u00e7\u00e3o do uso de filtros purificadores de \u00e1gua.\u00a0Conta com a experi\u00eancia e o pioneirismo de seu s\u00f3cio, atuante no segmento desde 1994. Neste per\u00edodo esteve \u00e0 frente do desenvolvimento no mercado interno da tecnologia Melt Blown, anteriormente dispon\u00edvel apenas no exterior. Al\u00e9m de ser detentor de diversas patentes de produtos comercializados atualmente no mercado de filtros.<\/div>\n<div class=\"selecionado_box_descricao\">\n<p>&nbsp;<\/p>\n<\/div>\n","protected":false},"excerpt":{"rendered":"<p>Filtro (Refil) P\/Torneira Acquabios E05<\/p>\n<p>DISPON\u00cdVEL NAS OP\u00c7\u00d5ES:<\/p>\n<p>Branca \/ Preta<\/p>\n<p>C\u00f3digo de F\u00e1brica:<\/p>\n<p>RBRE05 \/\u00a0RCR-P<\/p>\n<p>O refil blindado \u00e9 indicado para qualquer modelo da linha ACQUA E05,\u00a0possui filtra\u00e7\u00e3o com polipropileno e carv\u00e3o.\u00a0 Refil econ\u00f4mico, troca total. Seu filtro sempre novo a cada recarga. Garantia de m\u00e1xima efici\u00eancia na redu\u00e7\u00e3o de cloro livre.<\/p>\n<p><strong>\u00c1gua cristalina\u00a0<\/strong><strong>para voc\u00ea beber a qualquer momento!<\/strong><\/p>\n<p>&nbsp;<\/p>\n<p><strong>CARACTER\u00cdSTICAS<\/strong><\/p>\n<p>Vaz\u00e3o nominal &#8211; 40 L\/H<br \/>\nVaz\u00e3o m\u00e1x. recomendada &#8211; 40 L\/H<br \/>\nPress\u00e3o &#8211; 19,6 a 392 Kpa<br \/>\nTemperatura &#8211; 4\u00b0C a 38\u00b0C<br \/>\nEfici\u00eancia na reten\u00e7\u00e3o de part\u00edculas &#8211; Classe D<br \/>\nCom redu\u00e7\u00e3o de cloro livre<\/p>\n<p>&nbsp;<\/p>\n<p><strong>IMPORTANTE<\/strong><\/p>\n<p>A troca do Refil \u00e9 recomendada a cada 1.500 litros ou quando observada a redu\u00e7\u00e3o do fluxo de \u00e1gua, o que ocorrer antes. Este refil n\u00e3o \u00e9 lav\u00e1vel.\u00a0Para d\u00favidas entre em contato com o SAC atrav\u00e9s de Fale Conosco.<\/p>\n","protected":false},"featured_media":236,"comment_status":"open","ping_status":"closed","template":"","meta":[],"product_cat":[1840,1841],"product_tag":[172],"_links":{"self":[{"href":"https:\/\/trenaferragens.com.br\/index.php?rest_route=\/wp\/v2\/product\/3617"}],"collection":[{"href":"https:\/\/trenaferragens.com.br\/index.php?rest_route=\/wp\/v2\/product"}],"about":[{"href":"https:\/\/trenaferragens.com.br\/index.php?rest_route=\/wp\/v2\/types\/product"}],"replies":[{"embeddable":true,"href":"https:\/\/trenaferragens.com.br\/index.php?rest_route=%2Fwp%2Fv2%2Fcomments&post=3617"}],"wp:featuredmedia":[{"embeddable":true,"href":"https:\/\/trenaferragens.com.br\/index.php?rest_route=\/wp\/v2\/media\/236"}],"wp:attachment":[{"href":"https:\/\/trenaferragens.com.br\/index.php?rest_route=%2Fwp%2Fv2%2Fmedia&parent=3617"}],"wp:term":[{"taxonomy":"product_cat","embeddable":true,"href":"https:\/\/trenaferragens.com.br\/index.php?rest_route=%2Fwp%2Fv2%2Fproduct_cat&post=3617"},{"taxonomy":"product_tag","embeddable":true,"href":"https:\/\/trenaferragens.com.br\/index.php?rest_route=%2Fwp%2Fv2%2Fproduct_tag&post=3617"}],"curies":[{"name":"wp","href":"https:\/\/api.w.org\/{rel}","templated":true}]}}