{"id":3623,"date":"2018-08-01T13:18:12","date_gmt":"2018-08-01T13:18:12","guid":{"rendered":"http:\/\/trenaferragens1.hospedagemdesites.ws\/produto\/import-placeholder-for-4179\/"},"modified":"2018-08-01T13:18:21","modified_gmt":"2018-08-01T13:18:21","slug":"cola-madeira","status":"publish","type":"product","link":"https:\/\/trenaferragens.com.br\/?product=cola-madeira","title":{"rendered":"Cola Madeira"},"content":{"rendered":"<p>Cola Madeira<\/p>\n<p>AMAZONAS<\/p>\n<p>O Grupo Amazonas produz mais de 1.400 variedades de adesivos e selantes para os mais diversos segmentos, com destaque para constru\u00e7\u00e3o civil, cal\u00e7ados, embalagens, m\u00f3veis, estofados, colch\u00f5es, artesanato, gr\u00e1fico e automotivo.<\/p>\n<p>A inova\u00e7\u00e3o est\u00e1 no DNA da empresa, sendo a primeira ind\u00fastria brasileira a desenvolver adesivos para solados \u2013 at\u00e9 ent\u00e3o esse trabalho era feito com pregos ou grude de farinha! No segmento de constru\u00e7\u00e3o foi pioneira no lan\u00e7amento do FixaTudo, produto ideal para fixa\u00e7\u00e3o, veda\u00e7\u00e3o, reparos e manuten\u00e7\u00f5es residenciais em geral, e que se tornou um marco no setor.<\/p>\n<p>A empresa, que tamb\u00e9m foi a primeira a fabricar no Brasil adesivos base \u00e1gua, sem tolueno, e a pioneira no fornecimento de cola em espuma antichama para o setor moveleiro, continua inovando e, hoje, tem entre seus carros-chefes os adesivos hotmelt, as modernas linhas de metalocenos e PSA, processando, ao todo, mais de 43 mil toneladas\/ano entre adesivos e selantes.<\/p>\n<p>Como qualidade \u00e9 quest\u00e3o essencial, uma preocupa\u00e7\u00e3o do Grupo Amazonas \u00e9 fazer com que os adesivos e selantes tenham excelente rendimento e efici\u00eancia. Para isso, a ind\u00fastria prioriza os materiais nobres, empregando o que h\u00e1 de mais moderno na ind\u00fastria qu\u00edmica, sem perder de vista a sustentabilidade do produto.<\/p>\n<p>&nbsp;<\/p>\n","protected":false},"excerpt":{"rendered":"<p>Cola Madeira<\/p>\n<p>Adesivo desenvolvido para colagens na \u00e1rea moveleira e com boa ades\u00e3o em diversos materiais. Testar a compatibilidade do adesivo com o substrato antes da colagem.<\/p>\n<p>Aplica\u00e7\u00e3o: Usado para fabrica\u00e7\u00e3o de m\u00f3veis, colagem de pe\u00e7as de madeira em geral, onde haja necessidade de colagem r\u00e1pida. Ideal para colagem de encaixe de pe\u00e7as de madeira, chapas, buchas, janelas e portas. Tamb\u00e9m indicado para colagem de papel\u00e3o, pap\u00e9is e cart\u00f5es em geral.<\/p>\n<p>Cor: Amarela<\/p>\n<p>DISPON\u00cdVEL NAS OP\u00c7\u00d5ES<\/p>\n<p>Cola Madeira 100GR<\/p>\n<p>Cola Madeira 250GR<\/p>\n","protected":false},"featured_media":269,"comment_status":"open","ping_status":"closed","template":"","meta":[],"product_cat":[1050],"product_tag":[181],"_links":{"self":[{"href":"https:\/\/trenaferragens.com.br\/index.php?rest_route=\/wp\/v2\/product\/3623"}],"collection":[{"href":"https:\/\/trenaferragens.com.br\/index.php?rest_route=\/wp\/v2\/product"}],"about":[{"href":"https:\/\/trenaferragens.com.br\/index.php?rest_route=\/wp\/v2\/types\/product"}],"replies":[{"embeddable":true,"href":"https:\/\/trenaferragens.com.br\/index.php?rest_route=%2Fwp%2Fv2%2Fcomments&post=3623"}],"wp:featuredmedia":[{"embeddable":true,"href":"https:\/\/trenaferragens.com.br\/index.php?rest_route=\/wp\/v2\/media\/269"}],"wp:attachment":[{"href":"https:\/\/trenaferragens.com.br\/index.php?rest_route=%2Fwp%2Fv2%2Fmedia&parent=3623"}],"wp:term":[{"taxonomy":"product_cat","embeddable":true,"href":"https:\/\/trenaferragens.com.br\/index.php?rest_route=%2Fwp%2Fv2%2Fproduct_cat&post=3623"},{"taxonomy":"product_tag","embeddable":true,"href":"https:\/\/trenaferragens.com.br\/index.php?rest_route=%2Fwp%2Fv2%2Fproduct_tag&post=3623"}],"curies":[{"name":"wp","href":"https:\/\/api.w.org\/{rel}","templated":true}]}}