{"id":3624,"date":"2018-08-01T13:18:12","date_gmt":"2018-08-01T13:18:12","guid":{"rendered":"http:\/\/trenaferragens1.hospedagemdesites.ws\/produto\/import-placeholder-for-4181\/"},"modified":"2018-08-01T13:18:21","modified_gmt":"2018-08-01T13:18:21","slug":"veda-calha-amazonas","status":"publish","type":"product","link":"https:\/\/trenaferragens.com.br\/?product=veda-calha-amazonas","title":{"rendered":"Veda Calha Amazonas"},"content":{"rendered":"<p>Veda Calha Amazonas<\/p>\n<p>Adesivo vedante \u00e0 base de pol\u00edmeros sint\u00e9ticos especialmente desenvolvidos para veda\u00e7\u00e3o de calhas e rufos. A cura acontece quando da elimina\u00e7\u00e3o total dos solventes, formando um composto polim\u00e9rico de alta resist\u00eancia \u00e0s intemp\u00e9ries e fungos, com \u00f3tima for\u00e7a de coes\u00e3o e resist\u00eancia \u00e0 abras\u00e3o.<\/p>\n","protected":false},"excerpt":{"rendered":"<p><b>Aplica\u00e7\u00e3o<\/b>: Uni\u00e3o de calhas de zinco, dispensando o uso da solda.<\/p>\n<p><b>Cor<\/b>: Alum\u00ednio<\/p>\n<p><b>Embalagens<\/b>: Cartucho 280 gr<\/p>\n","protected":false},"featured_media":271,"comment_status":"open","ping_status":"closed","template":"","meta":[],"product_cat":[1053],"product_tag":[182],"_links":{"self":[{"href":"https:\/\/trenaferragens.com.br\/index.php?rest_route=\/wp\/v2\/product\/3624"}],"collection":[{"href":"https:\/\/trenaferragens.com.br\/index.php?rest_route=\/wp\/v2\/product"}],"about":[{"href":"https:\/\/trenaferragens.com.br\/index.php?rest_route=\/wp\/v2\/types\/product"}],"replies":[{"embeddable":true,"href":"https:\/\/trenaferragens.com.br\/index.php?rest_route=%2Fwp%2Fv2%2Fcomments&post=3624"}],"wp:featuredmedia":[{"embeddable":true,"href":"https:\/\/trenaferragens.com.br\/index.php?rest_route=\/wp\/v2\/media\/271"}],"wp:attachment":[{"href":"https:\/\/trenaferragens.com.br\/index.php?rest_route=%2Fwp%2Fv2%2Fmedia&parent=3624"}],"wp:term":[{"taxonomy":"product_cat","embeddable":true,"href":"https:\/\/trenaferragens.com.br\/index.php?rest_route=%2Fwp%2Fv2%2Fproduct_cat&post=3624"},{"taxonomy":"product_tag","embeddable":true,"href":"https:\/\/trenaferragens.com.br\/index.php?rest_route=%2Fwp%2Fv2%2Fproduct_tag&post=3624"}],"curies":[{"name":"wp","href":"https:\/\/api.w.org\/{rel}","templated":true}]}}