{"id":3627,"date":"2018-08-01T13:18:13","date_gmt":"2018-08-01T13:18:13","guid":{"rendered":"http:\/\/trenaferragens1.hospedagemdesites.ws\/produto\/import-placeholder-for-4188\/"},"modified":"2018-08-01T13:18:22","modified_gmt":"2018-08-01T13:18:22","slug":"tubo-de-aco-galvanizado-5580l-6mts-apolo","status":"publish","type":"product","link":"https:\/\/trenaferragens.com.br\/?product=tubo-de-aco-galvanizado-5580l-6mts-apolo","title":{"rendered":"Tubo de A\u00e7o Galvanizado 5580L 6MTS Apolo"},"content":{"rendered":"<p><span style=\"font-size: 14.4px;\">Tubo de A\u00e7o Galvanizado 5580L 6MTS Apolo<\/span><\/p>\n<p>A Apolo come\u00e7ou a operar em 1938, primeira empresa industrial do Grupo Peixoto de Castro e pioneira no Brasil na fabrica\u00e7\u00e3o de tubos de a\u00e7o ERW. A Apolo Tubos e Equipamentos est\u00e1 instalada em uma unidade fabril no Rio de Janeiro em um dos principais p\u00f3los industriais do pa\u00eds.<\/p>\n<p>Muito desta trajet\u00f3ria vitoriosa pode ser atribu\u00eddo \u00e0 dedica\u00e7\u00e3o do elemento humano, o que proporcionou a forma\u00e7\u00e3o de profissionais altamente qualificados, sempre atentos \u00e0 satisfa\u00e7\u00e3o de seus clientes e sempre conscientes das necessidades de seus fornecedores. Enfim, uma atua\u00e7\u00e3o voltada para o sucesso dos parceiros como a forma de obter suas pr\u00f3prias vit\u00f3rias.<\/p>\n<p>Essa agilidade em definir novos horizontes possibilitou uma precisa adequa\u00e7\u00e3o ao mundo globalizado, sobretudo gra\u00e7as ao processo de verticaliza\u00e7\u00e3o dos neg\u00f3cios, dos pesados investimentos em tecnologia, do compromisso com o meio ambiente, das parcerias com empresas especializadas, do esfor\u00e7o cont\u00ednuo pela competitividade internacional; uma postura que, al\u00e9m de garantir a conquista das normas ISO por toda as empresas do Grupo, nos traz a certeza de outros anos \u00e0 frente.<\/p>\n<p>&nbsp;<\/p>\n","protected":false},"excerpt":{"rendered":"<p>Tubo de A\u00e7o Galvanizado 5580L 6MTS Apolo<\/p>\n<p>Tubos de a\u00e7o galvanizado, tamb\u00e9m conhecido como tubos zincado, s\u00e3o empregados em diversos setores como estruturas de alambrados, postes de ilumina\u00e7\u00e3o, condu\u00e7\u00f5es de diversos flu\u00eddos.<\/p>\n<p>Trabalhamos com tubos galvanizado de classe leve e m\u00e9dia sob norma NBR 5580. Podem ser utilizados com total seguran\u00e7a e garantia pela Apolo Tubos.<\/p>\n<p>Com h\u00e1 tradi\u00e7\u00e3o de 75 anos no mercado, toda fabrica\u00e7\u00e3o \u00e9 sujeita a rigorosos testes de seguran\u00e7a e qualidade, assim garantimos a qualidade e efici\u00eancia de sempre nos Tubos Apolo.<\/p>\n<p>DISPON\u00cdVEL NOS TAMANHOS:<\/p>\n<p>Tubo de A\u00e7o Galvanizado 5580L 6MTS 1\/2 (BS)<\/p>\n<p>Tubo de A\u00e7o Galvanizado 5580L 6MTS 3\/4\u00a0(BS)<\/p>\n<p>Tubo de A\u00e7o Galvanizado 5580L 6MTS 1\u00a0(BS)<\/p>\n<p>Tubo de A\u00e7o Galvanizado 5580L 6MTS 11\/4\u00a0(BS)<\/p>\n<p>Tubo de A\u00e7o Galvanizado 5580L 6MTS 11\/2 (BS)<\/p>\n<p>Tubo de A\u00e7o Galvanizado 5580L 6MTS 2 (BS)<\/p>\n<p>Tubo de A\u00e7o Galvanizado 5580L 6MTS 21\/2\u00a0(BS)<\/p>\n<p>Tubo de A\u00e7o Galvanizado 5580L 6MTS 3 (BS)<\/p>\n<p>Tubo de A\u00e7o Galvanizado 5580L 6MTS 4 (BS)<\/p>\n","protected":false},"featured_media":275,"comment_status":"open","ping_status":"closed","template":"","meta":[],"product_cat":[185,1844],"product_tag":[187],"_links":{"self":[{"href":"https:\/\/trenaferragens.com.br\/index.php?rest_route=\/wp\/v2\/product\/3627"}],"collection":[{"href":"https:\/\/trenaferragens.com.br\/index.php?rest_route=\/wp\/v2\/product"}],"about":[{"href":"https:\/\/trenaferragens.com.br\/index.php?rest_route=\/wp\/v2\/types\/product"}],"replies":[{"embeddable":true,"href":"https:\/\/trenaferragens.com.br\/index.php?rest_route=%2Fwp%2Fv2%2Fcomments&post=3627"}],"wp:featuredmedia":[{"embeddable":true,"href":"https:\/\/trenaferragens.com.br\/index.php?rest_route=\/wp\/v2\/media\/275"}],"wp:attachment":[{"href":"https:\/\/trenaferragens.com.br\/index.php?rest_route=%2Fwp%2Fv2%2Fmedia&parent=3627"}],"wp:term":[{"taxonomy":"product_cat","embeddable":true,"href":"https:\/\/trenaferragens.com.br\/index.php?rest_route=%2Fwp%2Fv2%2Fproduct_cat&post=3627"},{"taxonomy":"product_tag","embeddable":true,"href":"https:\/\/trenaferragens.com.br\/index.php?rest_route=%2Fwp%2Fv2%2Fproduct_tag&post=3627"}],"curies":[{"name":"wp","href":"https:\/\/api.w.org\/{rel}","templated":true}]}}