{"id":3632,"date":"2018-08-01T13:18:15","date_gmt":"2018-08-01T13:18:15","guid":{"rendered":"http:\/\/trenaferragens1.hospedagemdesites.ws\/produto\/import-placeholder-for-4201\/"},"modified":"2018-08-01T13:18:24","modified_gmt":"2018-08-01T13:18:24","slug":"arame-galvanizado-gerdau","status":"publish","type":"product","link":"https:\/\/trenaferragens.com.br\/?product=arame-galvanizado-gerdau","title":{"rendered":"Arame Galvanizado Gerdau"},"content":{"rendered":"<div class=\"col-xs-12\">\n<p class=\"productTitle\">Arame Galvanizado Gerdau<\/p>\n<\/div>\n<p>O Arame Galvanizado Gerdau \u00e9\u00a0utilizado para fabrica\u00e7\u00e3o de telas de alambrado, grampos, al\u00e7as de balde e outras finalidades indus\u200b\u200btriais,\u00a0possui caracter\u00edsticas t\u00e9cnicas inovadoras que lhe d\u00e3o maior resist\u00eancia e um excelente acabamento.<\/p>\n<div>E tamb\u00e9m \u00e9\u00a0indicado\u00a0para amarrar o Cercafix em todos os fios da cerca e arrematar a cabe\u00e7a do Mour\u00e3o de A\u00e7o Gerdau, para evitar o deslocamento lateral.\u200b<\/div>\n<div>\n<div>\n<div><\/div>\n<div>\u200b\u00c9 fornecido em rolos de 1kg atados de 10kg, 50kg, 100kg e em estocadores (consultar pesos) e carret\u00e9is de at\u00e9 1600kg.<\/div>\n<\/div>\n<\/div>\n","protected":false},"excerpt":{"rendered":"<div class=\"col-xs-12\">\n<p class=\"productTitle\">Arame Galvanizado Gerdau<\/p>\n<\/div>\n<div class=\"col-sm-8\">Especifica\u00e7\u00f5es: 1K = 12 2.76MM<\/div>\n","protected":false},"featured_media":280,"comment_status":"open","ping_status":"closed","template":"","meta":[],"product_cat":[1066,199],"product_tag":[200],"_links":{"self":[{"href":"https:\/\/trenaferragens.com.br\/index.php?rest_route=\/wp\/v2\/product\/3632"}],"collection":[{"href":"https:\/\/trenaferragens.com.br\/index.php?rest_route=\/wp\/v2\/product"}],"about":[{"href":"https:\/\/trenaferragens.com.br\/index.php?rest_route=\/wp\/v2\/types\/product"}],"replies":[{"embeddable":true,"href":"https:\/\/trenaferragens.com.br\/index.php?rest_route=%2Fwp%2Fv2%2Fcomments&post=3632"}],"wp:featuredmedia":[{"embeddable":true,"href":"https:\/\/trenaferragens.com.br\/index.php?rest_route=\/wp\/v2\/media\/280"}],"wp:attachment":[{"href":"https:\/\/trenaferragens.com.br\/index.php?rest_route=%2Fwp%2Fv2%2Fmedia&parent=3632"}],"wp:term":[{"taxonomy":"product_cat","embeddable":true,"href":"https:\/\/trenaferragens.com.br\/index.php?rest_route=%2Fwp%2Fv2%2Fproduct_cat&post=3632"},{"taxonomy":"product_tag","embeddable":true,"href":"https:\/\/trenaferragens.com.br\/index.php?rest_route=%2Fwp%2Fv2%2Fproduct_tag&post=3632"}],"curies":[{"name":"wp","href":"https:\/\/api.w.org\/{rel}","templated":true}]}}