{"id":3659,"date":"2018-08-01T15:16:46","date_gmt":"2018-08-01T15:16:46","guid":{"rendered":"http:\/\/trenaferragens1.hospedagemdesites.ws\/produto\/import-placeholder-for-4217\/"},"modified":"2018-08-01T15:17:03","modified_gmt":"2018-08-01T15:17:03","slug":"aguarras-itaqua","status":"publish","type":"product","link":"https:\/\/trenaferragens.com.br\/?product=aguarras-itaqua","title":{"rendered":"Aguarr\u00e1s Itaqu\u00e1"},"content":{"rendered":"<p>Aguarr\u00e1s Itaqu\u00e1<\/p>\n<p>A <strong>Itaqu\u00e1 &#8211; Ind\u00fastria e Com\u00e9rcio de Suprimentos Gr\u00e1ficos Ltda<\/strong>, \u00e9 uma empresa criada para ser uma op\u00e7\u00e3o vi\u00e1vel e constante no mercado gr\u00e1fico para fornecimento de insumos qu\u00edmicos, contando com: qualidade, agilidade e pontualidade.<\/p>\n<p>Em sua sede pr\u00f3pria, com tancagem para armazenagem dos seus produtos, escrit\u00f3rio e frota, est\u00e1 sempre pronta para operar seu neg\u00f3cio da melhor forma.<\/p>\n<p>Sempre estimulando a inova\u00e7\u00e3o para otimizar os processos operacionais, respeitando o meio ambiente e as rela\u00e7\u00f5es de confian\u00e7a estabelecidas com seus parceiros e clientes, dirige com responsabilidade as a\u00e7\u00f5es da empresa quanto ao manuseio, armazenamento e transporte dos produtos, visando minimizar quaisquer riscos para a sa\u00fade dos seus colaboradores.<\/p>\n<p>A <strong>Itaqu\u00e1 &#8211; Ind\u00fastria e Com\u00e9rcio de Suprimentos Gr\u00e1ficos Ltda<\/strong>, est\u00e1 pronta para atender a sua empresa. Entre em Contato.<\/p>\n","protected":false},"excerpt":{"rendered":"<p>Descri\u00e7\u00e3o: Aguarr\u00e1s Itaqu\u00e1 Gal\u00e3o 5Lt<\/p>\n","protected":false},"featured_media":284,"comment_status":"open","ping_status":"closed","template":"","meta":[],"product_cat":[1155,1123],"product_tag":[207],"_links":{"self":[{"href":"https:\/\/trenaferragens.com.br\/index.php?rest_route=\/wp\/v2\/product\/3659"}],"collection":[{"href":"https:\/\/trenaferragens.com.br\/index.php?rest_route=\/wp\/v2\/product"}],"about":[{"href":"https:\/\/trenaferragens.com.br\/index.php?rest_route=\/wp\/v2\/types\/product"}],"replies":[{"embeddable":true,"href":"https:\/\/trenaferragens.com.br\/index.php?rest_route=%2Fwp%2Fv2%2Fcomments&post=3659"}],"wp:featuredmedia":[{"embeddable":true,"href":"https:\/\/trenaferragens.com.br\/index.php?rest_route=\/wp\/v2\/media\/284"}],"wp:attachment":[{"href":"https:\/\/trenaferragens.com.br\/index.php?rest_route=%2Fwp%2Fv2%2Fmedia&parent=3659"}],"wp:term":[{"taxonomy":"product_cat","embeddable":true,"href":"https:\/\/trenaferragens.com.br\/index.php?rest_route=%2Fwp%2Fv2%2Fproduct_cat&post=3659"},{"taxonomy":"product_tag","embeddable":true,"href":"https:\/\/trenaferragens.com.br\/index.php?rest_route=%2Fwp%2Fv2%2Fproduct_tag&post=3659"}],"curies":[{"name":"wp","href":"https:\/\/api.w.org\/{rel}","templated":true}]}}