{"id":3662,"date":"2018-08-01T15:16:48","date_gmt":"2018-08-01T15:16:48","guid":{"rendered":"http:\/\/trenaferragens1.hospedagemdesites.ws\/produto\/import-placeholder-for-4257\/"},"modified":"2018-08-01T15:17:05","modified_gmt":"2018-08-01T15:17:05","slug":"caixa-dagua-de-polietileno-fortlev","status":"publish","type":"product","link":"https:\/\/trenaferragens.com.br\/?product=caixa-dagua-de-polietileno-fortlev","title":{"rendered":"Caixa D\u2019\u00c1gua de Polietileno FortLev"},"content":{"rendered":"<p>Caixa D\u2019\u00c1gua de Polietileno FortLev<strong><\/strong><\/p>\n<p>Mais do que oferecer seguran\u00e7a e resist\u00eancia, os reservat\u00f3rios FORTLEV apresentam versatilidade. Eles se adaptam aos mais diferentes projetos e garantem, assim, uma \u00e1gua mais protegida. Sem falar na economia, que tamb\u00e9m protege o seu bolso. L\u00edder na categoria, os produtos consolidaram uma marca forte, testada e aprovada em todos os cantos do pa\u00eds.<\/p>\n<p>&nbsp;<\/p>\n","protected":false},"excerpt":{"rendered":"<p>Muito mais pr\u00e1ticas e dur\u00e1veis, as Caixas d\u00b4\u00e1gua de polietileno FORTLEV possuem superf\u00edcies internas lisas que facilitam a limpeza. S\u00e3o diversos modelos, de 100 a 10.000 litros. Todas com exclusivo sistema de encaixe das tampas que dispensa parafusos e amarras na instala\u00e7\u00e3o e garante ainda mais veda\u00e7\u00e3o e conserva\u00e7\u00e3o da \u00e1gua.<\/p>\n<p><strong>Garantia: 5 anos contra defeitos de fabrica\u00e7\u00e3o.<\/strong><\/p>\n","protected":false},"featured_media":302,"comment_status":"open","ping_status":"closed","template":"","meta":[],"product_cat":[210],"product_tag":[211],"_links":{"self":[{"href":"https:\/\/trenaferragens.com.br\/index.php?rest_route=\/wp\/v2\/product\/3662"}],"collection":[{"href":"https:\/\/trenaferragens.com.br\/index.php?rest_route=\/wp\/v2\/product"}],"about":[{"href":"https:\/\/trenaferragens.com.br\/index.php?rest_route=\/wp\/v2\/types\/product"}],"replies":[{"embeddable":true,"href":"https:\/\/trenaferragens.com.br\/index.php?rest_route=%2Fwp%2Fv2%2Fcomments&post=3662"}],"wp:featuredmedia":[{"embeddable":true,"href":"https:\/\/trenaferragens.com.br\/index.php?rest_route=\/wp\/v2\/media\/302"}],"wp:attachment":[{"href":"https:\/\/trenaferragens.com.br\/index.php?rest_route=%2Fwp%2Fv2%2Fmedia&parent=3662"}],"wp:term":[{"taxonomy":"product_cat","embeddable":true,"href":"https:\/\/trenaferragens.com.br\/index.php?rest_route=%2Fwp%2Fv2%2Fproduct_cat&post=3662"},{"taxonomy":"product_tag","embeddable":true,"href":"https:\/\/trenaferragens.com.br\/index.php?rest_route=%2Fwp%2Fv2%2Fproduct_tag&post=3662"}],"curies":[{"name":"wp","href":"https:\/\/api.w.org\/{rel}","templated":true}]}}