{"id":3663,"date":"2018-08-01T15:16:48","date_gmt":"2018-08-01T15:16:48","guid":{"rendered":"http:\/\/trenaferragens1.hospedagemdesites.ws\/produto\/import-placeholder-for-4262\/"},"modified":"2018-08-01T15:17:05","modified_gmt":"2018-08-01T15:17:05","slug":"chuveiro-geriba-teto","status":"publish","type":"product","link":"https:\/\/trenaferragens.com.br\/?product=chuveiro-geriba-teto","title":{"rendered":"Chuveiro Gerib\u00e1 Teto"},"content":{"rendered":"<p>Chuveiro Gerib\u00e1 Teto<\/p>\n<p>H\u00e1 mais de 50 anos, a Fabrimar preza pelo respeito ao cliente, traduzindo isso em qualidade nos seus produtos e servi\u00e7os. Reconhecida como uma das mais tradicionais fabricantes de metais sanit\u00e1rios do Brasil, est\u00e1 presente no dia a dia de lares, construtoras, lojistas e muito mais. Seu pioneirismo \u00e9 marca registrada, sendo a primeira no mercado a vender a base separada do acabamento, para facilitar a troca do produto, e a produzir pe\u00e7as com corpo forjado, o que resulta em muito mais durabilidade. O design \u00e9 um caso \u00e0 parte, j\u00e1 que o bom gosto \u00e9 fundamental para finalizar, com perfei\u00e7\u00e3o, o design de ambientes. Por fim, a Fabrimar participa em projetos de responsabilidade social, como o Casa da Crian\u00e7a, que oferece melhores condi\u00e7\u00f5es de vida para menores carentes. Navegue no menu ao lado para descobrir ainda mais sobre a Fabrimar!<\/p>\n","protected":false},"excerpt":{"rendered":"<p class=\"font-light font-gray texto-produto\">Chuveiro de teto redondo.<\/p>\n<p class=\"font-light font-gray texto-produto\">Acabamento superficial cromado de alt\u00edssima qualidade.<\/p>\n<p class=\"font-light font-gray texto-produto\">Crivo m\u00f3vel com 15 cm de di\u00e2metro.<\/p>\n<p class=\"font-light font-gray texto-produto\">Torne seu chuveiro um produto economizador usando reguladores de vaz\u00e3o para chuveiro Fabrimar de 12, 15 ou 18 litros por minuto.<\/p>\n","protected":false},"featured_media":303,"comment_status":"open","ping_status":"closed","template":"","meta":[],"product_cat":[212],"product_tag":[214],"_links":{"self":[{"href":"https:\/\/trenaferragens.com.br\/index.php?rest_route=\/wp\/v2\/product\/3663"}],"collection":[{"href":"https:\/\/trenaferragens.com.br\/index.php?rest_route=\/wp\/v2\/product"}],"about":[{"href":"https:\/\/trenaferragens.com.br\/index.php?rest_route=\/wp\/v2\/types\/product"}],"replies":[{"embeddable":true,"href":"https:\/\/trenaferragens.com.br\/index.php?rest_route=%2Fwp%2Fv2%2Fcomments&post=3663"}],"wp:featuredmedia":[{"embeddable":true,"href":"https:\/\/trenaferragens.com.br\/index.php?rest_route=\/wp\/v2\/media\/303"}],"wp:attachment":[{"href":"https:\/\/trenaferragens.com.br\/index.php?rest_route=%2Fwp%2Fv2%2Fmedia&parent=3663"}],"wp:term":[{"taxonomy":"product_cat","embeddable":true,"href":"https:\/\/trenaferragens.com.br\/index.php?rest_route=%2Fwp%2Fv2%2Fproduct_cat&post=3663"},{"taxonomy":"product_tag","embeddable":true,"href":"https:\/\/trenaferragens.com.br\/index.php?rest_route=%2Fwp%2Fv2%2Fproduct_tag&post=3663"}],"curies":[{"name":"wp","href":"https:\/\/api.w.org\/{rel}","templated":true}]}}