{"id":3665,"date":"2018-08-01T15:16:49","date_gmt":"2018-08-01T15:16:49","guid":{"rendered":"http:\/\/trenaferragens1.hospedagemdesites.ws\/produto\/import-placeholder-for-4269\/"},"modified":"2018-08-01T15:17:06","modified_gmt":"2018-08-01T15:17:06","slug":"furadeira-impacto-760w-hp1640-127v-makita","status":"publish","type":"product","link":"https:\/\/trenaferragens.com.br\/?product=furadeira-impacto-760w-hp1640-127v-makita","title":{"rendered":"Furadeira Impacto 760W HP1640 127V Makita"},"content":{"rendered":"<p>Furadeira Impacto 760W HP1640 127V Makita<\/p>\n<p>Velocidade vari\u00e1vel.<br \/>\nRota\u00e7\u00e3o revers\u00edvel.<br \/>\nDupla isola\u00e7\u00e3o.<\/p>\n","protected":false},"excerpt":{"rendered":"<div class=\"titulos\">ESPECIFICA\u00c7\u00d5ES<\/div>\n<div class=\"textos\">Pot\u00eancia: 760 W<br \/>\nCapacidades<br \/>\nConcreto : 16mm<br \/>\nA\u00e7o : 13mm<br \/>\nMadeira : 30mm<br \/>\nImpactos por minuto: 0-44.800<br \/>\nRota\u00e7\u00f5es por minuto: 0-2.800<br \/>\nDimens\u00f5es(C x L x A): 303 x 72 x 222mm<br \/>\nMandril : 13mm<br \/>\nPeso : 2kg<br \/>\nEmiss\u00e3o de vibra\u00e7\u00f5es: 19 m\/s\u00b2<br \/>\nIncerteza K: 2m\/s\u00b2<\/div>\n","protected":false},"featured_media":305,"comment_status":"open","ping_status":"closed","template":"","meta":[],"product_cat":[1852],"product_tag":[218],"_links":{"self":[{"href":"https:\/\/trenaferragens.com.br\/index.php?rest_route=\/wp\/v2\/product\/3665"}],"collection":[{"href":"https:\/\/trenaferragens.com.br\/index.php?rest_route=\/wp\/v2\/product"}],"about":[{"href":"https:\/\/trenaferragens.com.br\/index.php?rest_route=\/wp\/v2\/types\/product"}],"replies":[{"embeddable":true,"href":"https:\/\/trenaferragens.com.br\/index.php?rest_route=%2Fwp%2Fv2%2Fcomments&post=3665"}],"wp:featuredmedia":[{"embeddable":true,"href":"https:\/\/trenaferragens.com.br\/index.php?rest_route=\/wp\/v2\/media\/305"}],"wp:attachment":[{"href":"https:\/\/trenaferragens.com.br\/index.php?rest_route=%2Fwp%2Fv2%2Fmedia&parent=3665"}],"wp:term":[{"taxonomy":"product_cat","embeddable":true,"href":"https:\/\/trenaferragens.com.br\/index.php?rest_route=%2Fwp%2Fv2%2Fproduct_cat&post=3665"},{"taxonomy":"product_tag","embeddable":true,"href":"https:\/\/trenaferragens.com.br\/index.php?rest_route=%2Fwp%2Fv2%2Fproduct_tag&post=3665"}],"curies":[{"name":"wp","href":"https:\/\/api.w.org\/{rel}","templated":true}]}}