{"id":3666,"date":"2018-08-01T15:16:50","date_gmt":"2018-08-01T15:16:50","guid":{"rendered":"http:\/\/trenaferragens1.hospedagemdesites.ws\/produto\/import-placeholder-for-4272\/"},"modified":"2021-08-18T12:15:30","modified_gmt":"2021-08-18T12:15:30","slug":"telha-ondulada-eternit","status":"publish","type":"product","link":"https:\/\/trenaferragens.com.br\/?product=telha-ondulada-eternit","title":{"rendered":"Telha Ondulada Eternit"},"content":{"rendered":"<p>Telha Ondulada Eternit<\/p>\n<p><strong>Detalhes da telha Ondulada<\/strong><\/p>\n<p>Apresenta rapidez de montagem e fixa\u00e7\u00e3o, exigindo ainda estrutura de apoio simplificada. \u00c9 econ\u00f4mica, resistente e dur\u00e1vel, oferecendo variada gama de pe\u00e7as complementares.<\/p>\n","protected":false},"excerpt":{"rendered":"<div class=\"attr-name coberturas\">Comprimentos<\/div>\n<div class=\"attr-value \">1,22m; 1,53m; 1,83m; 2,13m; 2,44m; 3,05m e 3,66m<\/div>\n<div class=\"clearfix\"><\/div>\n<div class=\"attr-name coberturas\">Largura<\/div>\n<div class=\"attr-value \">1,10m<\/div>\n<div class=\"clearfix\"><\/div>\n<div class=\"attr-name coberturas\">Largura \u00fatil<\/div>\n<div class=\"attr-value \">1,05m<\/div>\n<div class=\"clearfix\"><\/div>\n<div class=\"attr-name coberturas\">Espessura<\/div>\n<div class=\"attr-value \">6mm e 8mm<\/div>\n<div class=\"clearfix\"><\/div>\n<div class=\"attr-name coberturas\">V\u00e3o m\u00e1ximo<\/div>\n<div class=\"attr-value \">Telha de 6mm (1,22m, 1,53m, 1,83m) = 1,69m com 2 apoios<br \/>\nTelha de 6mm (2,13m, 2,44m, 3,05m, 3,66m) = 1,76m com 3 apoios<br \/>\nTelha de 8mm (1,22m, 1,53m, 1,83m, 2,13m) = 1,99m com 2 apoios<br \/>\nTelha de 8mm (2,44m, 3,05m, 3,66m) = 1,99m com 3 apoios<\/div>\n<div class=\"clearfix\"><\/div>\n<div class=\"attr-name coberturas\">Inclina\u00e7\u00e3o m\u00ednima<\/div>\n<div class=\"attr-value big-attr\">9% (5\u00b0)<\/div>\n<div class=\"clearfix\"><\/div>\n<div class=\"attr-name coberturas\">Pe\u00e7as complementares<\/div>\n<div class=\"attr-value big-attr\">Cumeeira normal, cumeeira universal, cumeeira shed, cumeeira articulada, cumeeira lanternin, espig\u00e3o universal, espig\u00e3o de in\u00edcio, espig\u00e3o de aba plana, rufo, telha de ventila\u00e7\u00e3o, telha claraboia, aresta, pe\u00e7a terminal e cantoneira<\/div>\n<div class=\"clearfix\"><\/div>\n<div class=\"attr-name coberturas\">Garantia: 5 anos<\/div>\n","protected":false},"featured_media":306,"comment_status":"open","ping_status":"closed","template":"","meta":[],"product_cat":[1142],"product_tag":[220],"_links":{"self":[{"href":"https:\/\/trenaferragens.com.br\/index.php?rest_route=\/wp\/v2\/product\/3666"}],"collection":[{"href":"https:\/\/trenaferragens.com.br\/index.php?rest_route=\/wp\/v2\/product"}],"about":[{"href":"https:\/\/trenaferragens.com.br\/index.php?rest_route=\/wp\/v2\/types\/product"}],"replies":[{"embeddable":true,"href":"https:\/\/trenaferragens.com.br\/index.php?rest_route=%2Fwp%2Fv2%2Fcomments&post=3666"}],"wp:featuredmedia":[{"embeddable":true,"href":"https:\/\/trenaferragens.com.br\/index.php?rest_route=\/wp\/v2\/media\/306"}],"wp:attachment":[{"href":"https:\/\/trenaferragens.com.br\/index.php?rest_route=%2Fwp%2Fv2%2Fmedia&parent=3666"}],"wp:term":[{"taxonomy":"product_cat","embeddable":true,"href":"https:\/\/trenaferragens.com.br\/index.php?rest_route=%2Fwp%2Fv2%2Fproduct_cat&post=3666"},{"taxonomy":"product_tag","embeddable":true,"href":"https:\/\/trenaferragens.com.br\/index.php?rest_route=%2Fwp%2Fv2%2Fproduct_tag&post=3666"}],"curies":[{"name":"wp","href":"https:\/\/api.w.org\/{rel}","templated":true}]}}