{"id":3669,"date":"2018-08-01T15:16:51","date_gmt":"2018-08-01T15:16:51","guid":{"rendered":"http:\/\/trenaferragens1.hospedagemdesites.ws\/produto\/import-placeholder-for-4280\/"},"modified":"2018-08-01T15:17:08","modified_gmt":"2018-08-01T15:17:08","slug":"refil-para-filtro-3m-aqualar-aquatotal","status":"publish","type":"product","link":"https:\/\/trenaferragens.com.br\/?product=refil-para-filtro-3m-aqualar-aquatotal","title":{"rendered":"Refil para filtro 3M Aqualar Aquatotal"},"content":{"rendered":"<p>Refil para filtro 3M Aqualar Aquatotal<\/p>\n<p><b>MANUTEN\u00c7\u00c3O (TROCA DO REFIL):<\/b><\/p>\n<p>A troca do refil \u00e9 feita sem necessidade de assist\u00eancia t\u00e9cnica e a freq\u00fc\u00eancia de troca recomendada \u00e9 a cada 3 meses, dependendo da qualidade da \u00e1gua a ser filtrada. Este refil \u00e9 espec\u00edfico para o filtro de \u00e1gua Aquatotal, pois ele tem encaixe perfeito com o corpo do filtro, evitando que a \u00e1gua passe sem ser filtrada.<\/p>\n<p><b>PRINCIPAIS BENEF\u00cdCIOS<\/b><\/p>\n<ul>\n<li><b>Aprovado pelo INMETRO (Certifica\u00e7\u00e3o INMETRO)<\/b><\/li>\n<li><b>Alt\u00edssima vaz\u00e3o:<\/b> 1360 litros\/hora (ideal para sua utiliza\u00e7\u00e3o no ponto de entrada de \u00e1gua da resid\u00eancia)<\/li>\n<li><b>Garantia:<\/b> 2 anos<\/li>\n<li><b>Manuten\u00e7\u00e3o f\u00e1cil, pr\u00e1tica e econ\u00f4mica<\/b><\/li>\n<li><b>Reduz incrusta\u00e7\u00f5es na rede de encanamento da sua casa<\/b><\/li>\n<li><b>Reduz sucessivas limpezas na caixa d&#8217;\u00e1gua<\/b><\/li>\n<\/ul>\n","protected":false},"excerpt":{"rendered":"<p><b>DESCRI\u00c7\u00c3O DO PRODUTO:<\/b><\/p>\n<p>O refil para o filtro de \u00e1gua 3M Aqualar Aquatotal ret\u00e9m part\u00edculas de areia, barro, ferrugem e outros sedimentos, melhorando assim a qualidade da \u00e1gua que \u00e9 abastecida em todos os pontos da sua casa, al\u00e9m de reduzir incrusta\u00e7\u00f5es na rede de encanamento da resid\u00eancia.<\/p>\n","protected":false},"featured_media":310,"comment_status":"open","ping_status":"closed","template":"","meta":[],"product_cat":[192,1840,1841],"product_tag":[226],"_links":{"self":[{"href":"https:\/\/trenaferragens.com.br\/index.php?rest_route=\/wp\/v2\/product\/3669"}],"collection":[{"href":"https:\/\/trenaferragens.com.br\/index.php?rest_route=\/wp\/v2\/product"}],"about":[{"href":"https:\/\/trenaferragens.com.br\/index.php?rest_route=\/wp\/v2\/types\/product"}],"replies":[{"embeddable":true,"href":"https:\/\/trenaferragens.com.br\/index.php?rest_route=%2Fwp%2Fv2%2Fcomments&post=3669"}],"wp:featuredmedia":[{"embeddable":true,"href":"https:\/\/trenaferragens.com.br\/index.php?rest_route=\/wp\/v2\/media\/310"}],"wp:attachment":[{"href":"https:\/\/trenaferragens.com.br\/index.php?rest_route=%2Fwp%2Fv2%2Fmedia&parent=3669"}],"wp:term":[{"taxonomy":"product_cat","embeddable":true,"href":"https:\/\/trenaferragens.com.br\/index.php?rest_route=%2Fwp%2Fv2%2Fproduct_cat&post=3669"},{"taxonomy":"product_tag","embeddable":true,"href":"https:\/\/trenaferragens.com.br\/index.php?rest_route=%2Fwp%2Fv2%2Fproduct_tag&post=3669"}],"curies":[{"name":"wp","href":"https:\/\/api.w.org\/{rel}","templated":true}]}}