{"id":3670,"date":"2018-08-01T15:16:52","date_gmt":"2018-08-01T15:16:52","guid":{"rendered":"http:\/\/trenaferragens1.hospedagemdesites.ws\/produto\/import-placeholder-for-4282\/"},"modified":"2018-08-01T15:17:08","modified_gmt":"2018-08-01T15:17:08","slug":"filtro-3m-aqualar-ap200","status":"publish","type":"product","link":"https:\/\/trenaferragens.com.br\/?product=filtro-3m-aqualar-ap200","title":{"rendered":"Filtro 3M Aqualar AP200"},"content":{"rendered":"<p>Filtro 3M Aqualar AP200<\/p>\n<p><b>PRINCIPAIS BENEF\u00cdCIOS<\/b><\/p>\n<ul>\n<li><b>Aprovado pelo INMETRO (Certifica\u00e7\u00e3o INMETRO)<\/b><\/li>\n<li><b>Sistema de tripla filtra\u00e7\u00e3o 3M (entenda como funciona o processo de filtra\u00e7\u00e3o)<\/b><\/li>\n<li><b>Econ\u00f4mico:<\/b> 1 refil equivale a 125 gal\u00f5es de 20 litros<\/li>\n<li><b>Garantia:<\/b> 2 anos<\/li>\n<li><b>Manuten\u00e7\u00e3o f\u00e1cil, pr\u00e1tica e econ\u00f4mica<\/b><\/li>\n<li><b>\u00c1gua pura e leve:<\/b> livre de cloro, odores e part\u00edculas<\/li>\n<li><b>Cont\u00e9m prata coloidal, para manter o controle microbiol\u00f3gico do filtro<\/b><\/li>\n<li><b>Alta performance de filtra\u00e7\u00e3o:<\/b> enche rapidamente garrafas e jarras sem prejudicar a qualidade de filtra\u00e7\u00e3o<\/li>\n<li><b>Vaz\u00e3o (l\/h):<\/b> 680 litros\/hora<\/li>\n<\/ul>\n<p>A instala\u00e7\u00e3o \u00e9 recomendada entre o ponto de \u00e1gua e o equipamento (m\u00e1quina de caf\u00e9, bebedouros, gelo, etc), ou embaixo da pia antes do sif\u00e3o, sem necessidade de ser ligado \u00e0 tomada. A troca do refil \u00e9 feita sem necessidade de assist\u00eancia t\u00e9cnica e sem o contato do elemento filtrante com as m\u00e3os. Recomenda-se a troca do refil a cada 6 meses, dependendo do volume de uso e da qualidade da \u00e1gua. Ao realizar a troca, deve ser utilizado refil exclusivo para o filtro de \u00e1gua AP 200, pois ele tem encaixe perfeito com o corpo do filtro, evitando que a \u00e1gua passe sem ser filtrada.<\/p>\n","protected":false},"excerpt":{"rendered":"<p>O filtro de \u00e1gua 3M Aqualar AP200 possui um sistema de tripla filtra\u00e7\u00e3o com tecnologia 3M, que deixa a \u00e1gua livre de materiais particulados como areia, barro, ferrugem, poeiras e outros sedimentos, al\u00e9m de eliminar mais de 75% do gosto e cheiro do cloro (nota m\u00e1xima do INMETRO em reten\u00e7\u00e3o de cloro). Dispon\u00edvel nas cores branco e transparente, filtro de \u00e1gua 3M Aqualar AP200 possui fluxo cont\u00ednuo de \u00e1gua em temperatura natural, pronta para beber, fazer gelo, sucos, caf\u00e9, lavar os alimentos e cozinhar.<\/p>\n","protected":false},"featured_media":311,"comment_status":"open","ping_status":"closed","template":"","meta":[],"product_cat":[192,1840,1841],"product_tag":[227],"_links":{"self":[{"href":"https:\/\/trenaferragens.com.br\/index.php?rest_route=\/wp\/v2\/product\/3670"}],"collection":[{"href":"https:\/\/trenaferragens.com.br\/index.php?rest_route=\/wp\/v2\/product"}],"about":[{"href":"https:\/\/trenaferragens.com.br\/index.php?rest_route=\/wp\/v2\/types\/product"}],"replies":[{"embeddable":true,"href":"https:\/\/trenaferragens.com.br\/index.php?rest_route=%2Fwp%2Fv2%2Fcomments&post=3670"}],"wp:featuredmedia":[{"embeddable":true,"href":"https:\/\/trenaferragens.com.br\/index.php?rest_route=\/wp\/v2\/media\/311"}],"wp:attachment":[{"href":"https:\/\/trenaferragens.com.br\/index.php?rest_route=%2Fwp%2Fv2%2Fmedia&parent=3670"}],"wp:term":[{"taxonomy":"product_cat","embeddable":true,"href":"https:\/\/trenaferragens.com.br\/index.php?rest_route=%2Fwp%2Fv2%2Fproduct_cat&post=3670"},{"taxonomy":"product_tag","embeddable":true,"href":"https:\/\/trenaferragens.com.br\/index.php?rest_route=%2Fwp%2Fv2%2Fproduct_tag&post=3670"}],"curies":[{"name":"wp","href":"https:\/\/api.w.org\/{rel}","templated":true}]}}