{"id":3674,"date":"2018-08-01T15:16:54","date_gmt":"2018-08-01T15:16:54","guid":{"rendered":"http:\/\/trenaferragens1.hospedagemdesites.ws\/produto\/import-placeholder-for-4296\/"},"modified":"2018-08-01T15:17:11","modified_gmt":"2018-08-01T15:17:11","slug":"sifao-tubo-extensivo-universal-blukit","status":"publish","type":"product","link":"https:\/\/trenaferragens.com.br\/?product=sifao-tubo-extensivo-universal-blukit","title":{"rendered":"Sif\u00e3o Tubo Extensivo Universal Blukit"},"content":{"rendered":"<p>Sif\u00e3o Tubo Extensivo Universal Blukit<\/p>\n<p class=\"title\">Descri\u00e7\u00e3o:<\/p>\n<p class=\"short-description\">Sif\u00f5es Tubos Extensivos Blukit s\u00e3o a melhor op\u00e7\u00e3o para quem busca um produto vers\u00e1til e pr\u00e1tico para escoamento de \u00e1guas servidas dos ambientes. Fabricados em pl\u00e1sticos de engenharia, ultrarresistentes que suportam extremas temperaturas da \u00e1gua, com acabamento branco ou cinza. Seu uso correto assegura um ambiente livre dos maus odores do esgoto.<\/p>\n<p class=\"short-description\">Testes de Qualidade<\/p>\n<p>Alta e Baixa Temperatura<\/p>\n<p>Teste de resist\u00eancia a temperatura extremas<\/p>\n<p>Tem por finalidade verificar a resist\u00eancia dos materiais \u00e0 varia\u00e7\u00e3o de temperatura. O teste pode ser realizado com os produtos submersos em \u00e1gua ou , em casos espec\u00edficos, submetidos a c\u00e2maras de temperatura. Os produtos s\u00e3o testados para suportar varia\u00e7\u00f5es de temperatura de -20\u00baC a 100\u00baC, garantindo um alto padr\u00e3o de qualidade.<\/p>\n<p>Torque<\/p>\n<p>Teste de resist\u00eancia das conex\u00f5es<\/p>\n<p>Este teste avalia a resist\u00eancia de roscas, porcas e conex\u00f5es aos esfor\u00e7os (apertos) exercidos nelas durante a instala\u00e7\u00e3o. Realizado com o aux\u00edlio de um torqu\u00edmetro, aplicam-se os esfor\u00e7os especificados para cada produto testado verificando-se, ao final do processo, a exist\u00eancia de fraturas ou cisalhamento.<\/p>\n<p>Estanqueidade<\/p>\n<p>Teste de veda\u00e7\u00e3o<\/p>\n<p>Neste teste, submete-se o equipamento \u00e0 uma press\u00e3o hidrost\u00e1tica (\u00e1gua sob press\u00e3o) constante por um per\u00edodo de tempo em conformidade com as normas da Associa\u00e7\u00e3o Brasileira de Normas T\u00e9cnicas (ABNT) que, dependendo do produto testado, pode variar de 40 a 150 metros coluna d&#8217;\u00e1gua (M.C.A.). Ao t\u00e9rmino do tempo especificado na norma, o equipamento testado n\u00e3o deve apresentar nenhum vazamento.<\/p>\n","protected":false},"excerpt":{"rendered":"<p>DISPON\u00cdVEIS NAS CORES:<\/p>\n<p>BRANCO E CINZA.<\/p>\n<p>Refer\u00eancias:<\/p>\n<p>030101<\/p>\n<p>030105<\/p>\n<p>Material: Pl\u00e1sticos de Engenharia e Elast\u00f4meros<\/p>\n<p>Comprimento:<\/p>\n<p>720 mm (m\u00e1x.)<br \/>\n330 mm (m\u00edn.)<\/p>\n<p>Di\u00e2metros de sa\u00edda<\/p>\n<p>DN38 x DN40 x DN48 x DN50<\/p>\n","protected":false},"featured_media":315,"comment_status":"open","ping_status":"closed","template":"","meta":[],"product_cat":[1103],"product_tag":[231],"_links":{"self":[{"href":"https:\/\/trenaferragens.com.br\/index.php?rest_route=\/wp\/v2\/product\/3674"}],"collection":[{"href":"https:\/\/trenaferragens.com.br\/index.php?rest_route=\/wp\/v2\/product"}],"about":[{"href":"https:\/\/trenaferragens.com.br\/index.php?rest_route=\/wp\/v2\/types\/product"}],"replies":[{"embeddable":true,"href":"https:\/\/trenaferragens.com.br\/index.php?rest_route=%2Fwp%2Fv2%2Fcomments&post=3674"}],"wp:featuredmedia":[{"embeddable":true,"href":"https:\/\/trenaferragens.com.br\/index.php?rest_route=\/wp\/v2\/media\/315"}],"wp:attachment":[{"href":"https:\/\/trenaferragens.com.br\/index.php?rest_route=%2Fwp%2Fv2%2Fmedia&parent=3674"}],"wp:term":[{"taxonomy":"product_cat","embeddable":true,"href":"https:\/\/trenaferragens.com.br\/index.php?rest_route=%2Fwp%2Fv2%2Fproduct_cat&post=3674"},{"taxonomy":"product_tag","embeddable":true,"href":"https:\/\/trenaferragens.com.br\/index.php?rest_route=%2Fwp%2Fv2%2Fproduct_tag&post=3674"}],"curies":[{"name":"wp","href":"https:\/\/api.w.org\/{rel}","templated":true}]}}