{"id":3675,"date":"2018-08-01T15:16:54","date_gmt":"2018-08-01T15:16:54","guid":{"rendered":"http:\/\/trenaferragens1.hospedagemdesites.ws\/produto\/import-placeholder-for-4299\/"},"modified":"2018-08-01T15:17:11","modified_gmt":"2018-08-01T15:17:11","slug":"grelha-quadrada-c-caixilho-moldenox","status":"publish","type":"product","link":"https:\/\/trenaferragens.com.br\/?product=grelha-quadrada-c-caixilho-moldenox","title":{"rendered":"Grelha Quadrada c\/ Caixilho Moldenox"},"content":{"rendered":"<p>Grelha Quadrada c\/ Caixilho Moldenox<\/p>\n<p>H\u00e1 40 anos a Moldenox inovou a cria\u00e7\u00e3o da 1\u00aa Grelha Rotativa no mercado.<br \/>\nA tradicional Grelha tem como mat\u00e9ria prima o a\u00e7o inox 304, alta resist\u00eancia \u00e0 corros\u00e3o e durabilidade. Por isso, nosso produto \u00e9 o \u00fanico no mercado com garantia de qualidade por &#8221; Toda a Vida&#8221; contra defeitos de fabrica\u00e7\u00e3o.<br \/>\nSin\u00f4nimo de qualidade no mercado. as Grelhas Moldenox s\u00e3o imprescind\u00edveis em todos os segmentos. do fino acabamento de cozinhas, banheiros e \u00e1reas de servi\u00e7os residenciais at\u00e9 em \u00e1reas comerciais, industriais e laborat\u00f3rios.<\/p>\n","protected":false},"excerpt":{"rendered":"<p>DISPON\u00cdVEIS NOS TAMANHOS:<\/p>\n<p>Grelha Quadrada 10 x 10 c\/ Caixilho<\/p>\n<p>Grelha Quadrada 15 x 15 c\/ Caixilho<\/p>\n<p><span class=\"subTitulo\">Mat\u00e9ria-prima:<\/span><br \/>\nA\u00e7o 304<\/p>\n<p><span class=\"subTitulo\">Acabamentos:<\/span><br \/>\n&#8211; A\u00e7o Polido<\/p>\n<p><span class=\"pequenaBold\">(cod. 119-A) (cod.118-A)<\/span><br \/>\n&#8211; A\u00e7o Polido<\/p>\n<p><span class=\"pequenaBold\">(cod. S19A-GEAPAP (Sem Rotativo))<\/span><br \/>\n&#8211; Branco <span class=\"pequenaBold\">(cod. 019-ABR)<\/span><\/p>\n<p><span class=\"subTitulo\">Garantia:<\/span><br \/>\nPor toda a vida<\/p>\n","protected":false},"featured_media":317,"comment_status":"open","ping_status":"closed","template":"","meta":[],"product_cat":[1101],"product_tag":[233],"_links":{"self":[{"href":"https:\/\/trenaferragens.com.br\/index.php?rest_route=\/wp\/v2\/product\/3675"}],"collection":[{"href":"https:\/\/trenaferragens.com.br\/index.php?rest_route=\/wp\/v2\/product"}],"about":[{"href":"https:\/\/trenaferragens.com.br\/index.php?rest_route=\/wp\/v2\/types\/product"}],"replies":[{"embeddable":true,"href":"https:\/\/trenaferragens.com.br\/index.php?rest_route=%2Fwp%2Fv2%2Fcomments&post=3675"}],"wp:featuredmedia":[{"embeddable":true,"href":"https:\/\/trenaferragens.com.br\/index.php?rest_route=\/wp\/v2\/media\/317"}],"wp:attachment":[{"href":"https:\/\/trenaferragens.com.br\/index.php?rest_route=%2Fwp%2Fv2%2Fmedia&parent=3675"}],"wp:term":[{"taxonomy":"product_cat","embeddable":true,"href":"https:\/\/trenaferragens.com.br\/index.php?rest_route=%2Fwp%2Fv2%2Fproduct_cat&post=3675"},{"taxonomy":"product_tag","embeddable":true,"href":"https:\/\/trenaferragens.com.br\/index.php?rest_route=%2Fwp%2Fv2%2Fproduct_tag&post=3675"}],"curies":[{"name":"wp","href":"https:\/\/api.w.org\/{rel}","templated":true}]}}