{"id":3677,"date":"2018-08-01T15:16:55","date_gmt":"2018-08-01T15:16:55","guid":{"rendered":"http:\/\/trenaferragens1.hospedagemdesites.ws\/produto\/import-placeholder-for-4302\/"},"modified":"2018-08-01T15:17:12","modified_gmt":"2018-08-01T15:17:12","slug":"tubo-solda-cobre-5mts-eluma","status":"publish","type":"product","link":"https:\/\/trenaferragens.com.br\/?product=tubo-solda-cobre-5mts-eluma","title":{"rendered":"Tubo Solda Cobre 5MTS Eluma"},"content":{"rendered":"<p>Tubo Solda Cobre 5MTS Eluma<\/p>\n<p>Os tubos de cobre s\u00e3o fabricados por extrus\u00e3o e podem ser fornecidos nos formatos reto, rolo, carretel, panqueca, entre outros, com dimensionais variados dentro de um limite de fabrica\u00e7\u00e3o amplo.<\/p>\n<p>Atualmente a Paranapanema produz os tubos em ligas de cobre, para diversos segmentos de mercado, atendendo assim uma vasta quantidade de aplica\u00e7\u00f5es.<\/p>\n<p>Os tubos de cobre s\u00e3o utilizados na fabrica\u00e7\u00e3o de trocadores de calor, na utiliza\u00e7\u00e3o de gabinetes de refrigera\u00e7\u00e3o, frigor\u00edficos, aquecedores solar, usinas de a\u00e7\u00facar e radiadores automotivos. Al\u00e9m do nosso limite de fabrica\u00e7\u00e3o, que compreende as ligas acima, sempre estamos abertos para novas oportunidades, ligas novas e aplica\u00e7\u00f5es que requeiram grande aporte tecnol\u00f3gico.<\/p>\n","protected":false},"excerpt":{"rendered":"<p>Tubo Solda Cobre 5MTS Eluma<\/p>\n<p>DISPON\u00cdVEL NOS TAMANHOS:<\/p>\n<p>Tubo Solda Classe E Cobre 15mm<\/p>\n<p>Tubo Solda Classe E Cobre 22mm<\/p>\n<p>Tubo Solda Classe E Cobre 28mm<\/p>\n<p>Tubo Solda Classe I\u00a0Cobre 15mm<\/p>\n<p>Tubo Solda Classe I\u00a0Cobre 22mm<\/p>\n<p>Tubo Solda Classe I\u00a0Cobre 28mm<\/p>\n<p>Tubo Solda Classe I\u00a0Cobre 35mm<\/p>\n<p>Tubo Solda Classe I\u00a0Cobre 42mm<\/p>\n<p>Tubo Solda Classe I\u00a0Cobre 54mm<\/p>\n","protected":false},"featured_media":318,"comment_status":"open","ping_status":"closed","template":"","meta":[],"product_cat":[1844,235],"product_tag":[236],"_links":{"self":[{"href":"https:\/\/trenaferragens.com.br\/index.php?rest_route=\/wp\/v2\/product\/3677"}],"collection":[{"href":"https:\/\/trenaferragens.com.br\/index.php?rest_route=\/wp\/v2\/product"}],"about":[{"href":"https:\/\/trenaferragens.com.br\/index.php?rest_route=\/wp\/v2\/types\/product"}],"replies":[{"embeddable":true,"href":"https:\/\/trenaferragens.com.br\/index.php?rest_route=%2Fwp%2Fv2%2Fcomments&post=3677"}],"wp:featuredmedia":[{"embeddable":true,"href":"https:\/\/trenaferragens.com.br\/index.php?rest_route=\/wp\/v2\/media\/318"}],"wp:attachment":[{"href":"https:\/\/trenaferragens.com.br\/index.php?rest_route=%2Fwp%2Fv2%2Fmedia&parent=3677"}],"wp:term":[{"taxonomy":"product_cat","embeddable":true,"href":"https:\/\/trenaferragens.com.br\/index.php?rest_route=%2Fwp%2Fv2%2Fproduct_cat&post=3677"},{"taxonomy":"product_tag","embeddable":true,"href":"https:\/\/trenaferragens.com.br\/index.php?rest_route=%2Fwp%2Fv2%2Fproduct_tag&post=3677"}],"curies":[{"name":"wp","href":"https:\/\/api.w.org\/{rel}","templated":true}]}}