{"id":3678,"date":"2018-08-01T15:16:56","date_gmt":"2018-08-01T15:16:56","guid":{"rendered":"http:\/\/trenaferragens1.hospedagemdesites.ws\/produto\/import-placeholder-for-4304\/"},"modified":"2018-08-01T15:17:13","modified_gmt":"2018-08-01T15:17:13","slug":"fita-veda-rosca-polyfita","status":"publish","type":"product","link":"https:\/\/trenaferragens.com.br\/?product=fita-veda-rosca-polyfita","title":{"rendered":"Fita Veda Rosca PolyFita"},"content":{"rendered":"<p>Fita Veda Rosca PolyFita<\/p>\n<p>A Fita de veda\u00e7\u00e3o para rosca POLYFITA \u00e9 excelente op\u00e7\u00e3o para quem quer \u00f3timos resultados e tamb\u00e9m para redu\u00e7\u00e3o de custos. Com pre\u00e7o super competitivo, tem uma \u00f3tima sa\u00edda no ponto de vendas e \u00e9 acess\u00edvel a toda utiliza\u00e7\u00e3o.<\/p>\n","protected":false},"excerpt":{"rendered":"<p><strong>APLICA\u00c7\u00d5ES:<\/strong><\/p>\n<p>Foi desenvolvida para toda e qualquer rosca que necessite de veda\u00e7\u00e3o tais como:<\/p>\n<p>Roscas e conex\u00f5es de lat\u00e3o, cobre, a\u00e7o, plasticos, em geral<\/p>\n<p>Veda\u00e7\u00e3o de tubula\u00e7oes hidr\u00e1ulicas<\/p>\n<p>Veda\u00e7\u00e3o de tubula\u00e7\u00f5es de gases, etc&#8230;<\/p>\n","protected":false},"featured_media":319,"comment_status":"open","ping_status":"closed","template":"","meta":[],"product_cat":[1097,1051],"product_tag":[237],"_links":{"self":[{"href":"https:\/\/trenaferragens.com.br\/index.php?rest_route=\/wp\/v2\/product\/3678"}],"collection":[{"href":"https:\/\/trenaferragens.com.br\/index.php?rest_route=\/wp\/v2\/product"}],"about":[{"href":"https:\/\/trenaferragens.com.br\/index.php?rest_route=\/wp\/v2\/types\/product"}],"replies":[{"embeddable":true,"href":"https:\/\/trenaferragens.com.br\/index.php?rest_route=%2Fwp%2Fv2%2Fcomments&post=3678"}],"wp:featuredmedia":[{"embeddable":true,"href":"https:\/\/trenaferragens.com.br\/index.php?rest_route=\/wp\/v2\/media\/319"}],"wp:attachment":[{"href":"https:\/\/trenaferragens.com.br\/index.php?rest_route=%2Fwp%2Fv2%2Fmedia&parent=3678"}],"wp:term":[{"taxonomy":"product_cat","embeddable":true,"href":"https:\/\/trenaferragens.com.br\/index.php?rest_route=%2Fwp%2Fv2%2Fproduct_cat&post=3678"},{"taxonomy":"product_tag","embeddable":true,"href":"https:\/\/trenaferragens.com.br\/index.php?rest_route=%2Fwp%2Fv2%2Fproduct_tag&post=3678"}],"curies":[{"name":"wp","href":"https:\/\/api.w.org\/{rel}","templated":true}]}}