{"id":3679,"date":"2018-08-01T15:16:56","date_gmt":"2018-08-01T15:16:56","guid":{"rendered":"http:\/\/trenaferragens1.hospedagemdesites.ws\/produto\/import-placeholder-for-4306\/"},"modified":"2018-08-01T15:17:14","modified_gmt":"2018-08-01T15:17:14","slug":"exaustor-industrial-grafiti-tron","status":"publish","type":"product","link":"https:\/\/trenaferragens.com.br\/?product=exaustor-industrial-grafiti-tron","title":{"rendered":"Exaustor Industrial Grafiti Tron"},"content":{"rendered":"<p>Exaustor Industrial Grafiti Tron<\/p>\n<p>TRON<\/p>\n<p><strong>Nesta marca voc\u00ea pode confiar.<\/strong><br \/>\nUma das maiores e mais importantes f\u00e1bricas de ventiladores do pa\u00eds, a TRON acaba de inovar mais uma vez.<\/p>\n<p>Para garantir ainda mais agilidade e qualidade em sua linha de produ\u00e7\u00e3o, acaba de inaugurar sua mais nova unidade.<\/p>\n<p>Localizada \u00e0s margens da Rodovia Washington Luis, a\u00a0<strong>nova f\u00e1brica \u00e9 equipada com tudo o que existe de mais moderno no segmento de ventiladores.<\/strong>\u00a0E essa privilegiada localiza\u00e7\u00e3o &#8211; \u00e0s margens de uma das mais importantes rodovias brasileiras \u2013 \u00e9 um fator estrat\u00e9gico de extrema relev\u00e2ncia, pois garante maior agilidade \u00e0 log\u00edstica e pontualidade nas entregas.<\/p>\n<p>Al\u00e9m disso, conta tamb\u00e9m com uma equipe de profissionais especializados, dedicados para a fabrica\u00e7\u00e3o de produtos realmente diferenciados que tenham como principais caracter\u00edsticas a ousadia de um design de vanguarda, durabilidade e qualidade total.<\/p>\n","protected":false},"excerpt":{"rendered":"<p>DISPON\u00cdVEL NOS TAMANHOS:<\/p>\n<p>300mm, 400mm e 500mm<\/p>\n<p>ESPECIFICA\u00c7\u00d5ES T\u00c9CNICAS:<\/p>\n<p>300mm \/ Pot\u00eancia: 100W<\/p>\n<p>400mm \/ Pot\u00eancia: 120W<\/p>\n<p>500mm \/\u00a0Pot\u00eancia: 170W<\/p>\n<p>Rota\u00e7\u00e3o: 1750 rpm<\/p>\n<p>Tens\u00e3o: 127V \/ 220V \/ bivolt<\/p>\n","protected":false},"featured_media":320,"comment_status":"open","ping_status":"closed","template":"","meta":[],"product_cat":[1036,238],"product_tag":[239],"_links":{"self":[{"href":"https:\/\/trenaferragens.com.br\/index.php?rest_route=\/wp\/v2\/product\/3679"}],"collection":[{"href":"https:\/\/trenaferragens.com.br\/index.php?rest_route=\/wp\/v2\/product"}],"about":[{"href":"https:\/\/trenaferragens.com.br\/index.php?rest_route=\/wp\/v2\/types\/product"}],"replies":[{"embeddable":true,"href":"https:\/\/trenaferragens.com.br\/index.php?rest_route=%2Fwp%2Fv2%2Fcomments&post=3679"}],"wp:featuredmedia":[{"embeddable":true,"href":"https:\/\/trenaferragens.com.br\/index.php?rest_route=\/wp\/v2\/media\/320"}],"wp:attachment":[{"href":"https:\/\/trenaferragens.com.br\/index.php?rest_route=%2Fwp%2Fv2%2Fmedia&parent=3679"}],"wp:term":[{"taxonomy":"product_cat","embeddable":true,"href":"https:\/\/trenaferragens.com.br\/index.php?rest_route=%2Fwp%2Fv2%2Fproduct_cat&post=3679"},{"taxonomy":"product_tag","embeddable":true,"href":"https:\/\/trenaferragens.com.br\/index.php?rest_route=%2Fwp%2Fv2%2Fproduct_tag&post=3679"}],"curies":[{"name":"wp","href":"https:\/\/api.w.org\/{rel}","templated":true}]}}