{"id":3684,"date":"2018-08-01T15:16:59","date_gmt":"2018-08-01T15:16:59","guid":{"rendered":"http:\/\/trenaferragens1.hospedagemdesites.ws\/produto\/import-placeholder-for-4320\/"},"modified":"2018-08-01T15:17:17","modified_gmt":"2018-08-01T15:17:17","slug":"ventilador-de-teto-samatra-tron","status":"publish","type":"product","link":"https:\/\/trenaferragens.com.br\/?product=ventilador-de-teto-samatra-tron","title":{"rendered":"Ventilador de Teto Samatra Tron"},"content":{"rendered":"<p>Ventilador de Teto Samatra Tron<\/p>\n<p>TRON<\/p>\n<p><strong>Nesta marca voc\u00ea pode confiar.<\/strong><br \/>\nUma das maiores e mais importantes f\u00e1bricas de ventiladores do pa\u00eds, a TRON acaba de inovar mais uma vez.<\/p>\n<p>Para garantir ainda mais agilidade e qualidade em sua linha de produ\u00e7\u00e3o, acaba de inaugurar sua mais nova unidade.<\/p>\n<p>Localizada \u00e0s margens da Rodovia Washington Luis, a\u00a0<strong>nova f\u00e1brica \u00e9 equipada com tudo o que existe de mais moderno no segmento de ventiladores.<\/strong>\u00a0E essa privilegiada localiza\u00e7\u00e3o \u2013 \u00e0s margens de uma das mais importantes rodovias brasileiras \u2013 \u00e9 um fator estrat\u00e9gico de extrema relev\u00e2ncia, pois garante maior agilidade \u00e0 log\u00edstica e pontualidade nas entregas.<\/p>\n<p>Al\u00e9m disso, conta tamb\u00e9m com uma equipe de profissionais especializados, dedicados para a fabrica\u00e7\u00e3o de produtos realmente diferenciados que tenham como principais caracter\u00edsticas a ousadia de um design de vanguarda, durabilidade e qualidade total.<\/p>\n","protected":false},"excerpt":{"rendered":"<p>DISPON\u00cdVEL NAS CORES:<\/p>\n<p>BRANCO E PRETO.<\/p>\n<p>Pot\u00eancia: 130W<\/p>\n<p>Tens\u00e3o: 127V ou 220V<\/p>\n<p>Rota\u00e7\u00e3o m\u00e1xima: 420 rpm<\/p>\n<p>Di\u00e2metro do ventilador: 1020 mm<\/p>\n<p>Cores: Branco | Preto<\/p>\n<p>Material da p\u00e1: MDF<\/p>\n<p>Cor da p\u00e1: Branca | Preta<\/p>\n<p>Lustre: Fosco em vidro<\/p>\n<p>Ilumina\u00e7\u00e3o: 2 l\u00e2mpadas eletr\u00f4nicas de 15W cada, 2 l\u00e2mpadas incandescentes de 60W cada<\/p>\n","protected":false},"featured_media":347,"comment_status":"open","ping_status":"closed","template":"","meta":[],"product_cat":[194,238],"product_tag":[244],"_links":{"self":[{"href":"https:\/\/trenaferragens.com.br\/index.php?rest_route=\/wp\/v2\/product\/3684"}],"collection":[{"href":"https:\/\/trenaferragens.com.br\/index.php?rest_route=\/wp\/v2\/product"}],"about":[{"href":"https:\/\/trenaferragens.com.br\/index.php?rest_route=\/wp\/v2\/types\/product"}],"replies":[{"embeddable":true,"href":"https:\/\/trenaferragens.com.br\/index.php?rest_route=%2Fwp%2Fv2%2Fcomments&post=3684"}],"wp:featuredmedia":[{"embeddable":true,"href":"https:\/\/trenaferragens.com.br\/index.php?rest_route=\/wp\/v2\/media\/347"}],"wp:attachment":[{"href":"https:\/\/trenaferragens.com.br\/index.php?rest_route=%2Fwp%2Fv2%2Fmedia&parent=3684"}],"wp:term":[{"taxonomy":"product_cat","embeddable":true,"href":"https:\/\/trenaferragens.com.br\/index.php?rest_route=%2Fwp%2Fv2%2Fproduct_cat&post=3684"},{"taxonomy":"product_tag","embeddable":true,"href":"https:\/\/trenaferragens.com.br\/index.php?rest_route=%2Fwp%2Fv2%2Fproduct_tag&post=3684"}],"curies":[{"name":"wp","href":"https:\/\/api.w.org\/{rel}","templated":true}]}}