{"id":3707,"date":"2018-08-01T15:17:32","date_gmt":"2018-08-01T15:17:32","guid":{"rendered":"http:\/\/trenaferragens1.hospedagemdesites.ws\/produto\/import-placeholder-for-4414\/"},"modified":"2018-08-01T15:17:49","modified_gmt":"2018-08-01T15:17:49","slug":"lixa-dagua","status":"publish","type":"product","link":"https:\/\/trenaferragens.com.br\/?product=lixa-dagua","title":{"rendered":"Lixa D\u2019\u00c1gua"},"content":{"rendered":"<p class=\"font_0\">Lixa D\u2019\u00c1gua<\/p>\n<p class=\"font_7\"><span style=\"font-size: 14.4px;\">As lixas, tamb\u00e9m conhecidas como abrasivos revestidos, s\u00e3o utilizadas para os mais variados tipos de aplica\u00e7\u00f5es.<\/span><\/p>\n<p class=\"font_7\"><span class=\"color_15\">Do Desbaste ao Polimento, as lixas s\u00e3o encontradas em distintos tipos de convers\u00f5es como: folhas, rolos, discos e cintas, al\u00e9m da variedade de granulometrias que alteram\u00a0de acordo com cada opera\u00e7\u00e3o.<\/span><\/p>\n","protected":false},"excerpt":{"rendered":"<div id=\"comp-ixnchdyt5\" class=\"txtNew\" data-reactid=\".0.$SITE_ROOT.$desktop_siteRoot.$PAGES_CONTAINER.1.1.$SITE_PAGES.$bye8o_DESKTOP.1.$comp-ixnchdyt5\">\n<p class=\"font_8\">Lixa indicada para remo\u00e7\u00e3o e acabamento de vernizes, tintas, primers, massa pl\u00e1stica e poli\u00e9ster em superf\u00edcies met\u00e1licas, fibra de vidro e repara\u00e7\u00e3o automotiva para as opera\u00e7\u00f5es de lixamento e polimento. Produzida com papel l\u00e1tex \u00e0 prova d\u00b4\u00e1gua proporcionando maior flexibilidade e melhor acabamento.<\/p>\n<p class=\"font_8\">Folhas: 225mm x 275mm<\/p>\n<p class=\"font_8\">Embalagem: 50 folhas<\/p>\n<p class=\"font_8\">Rolos: 225mm x 45.000mm<\/p>\n<p class=\"font_8\">Discos: 5\u00a8, 6\u00a8e 9\u00a8- Costado com pluma<\/p>\n<p class=\"font_8\">Desbaste: 80 \/ 100<\/p>\n<p class=\"font_8\">Semi acabamento: 120 \/ 150 \/ 180<\/p>\n<p class=\"font_8\">Acabamento: 220 \/ 240 \/ 280 \/ 320<\/p>\n<p class=\"font_8\">Fino acabamento: 360 \/ 400 \/ 500 \/ 600 \/ 1200<\/p>\n<p class=\"font_8\">*Medidas Especiais Sob Consulta<\/p>\n<\/div>\n","protected":false},"featured_media":393,"comment_status":"open","ping_status":"closed","template":"","meta":[],"product_cat":[188],"product_tag":[267],"_links":{"self":[{"href":"https:\/\/trenaferragens.com.br\/index.php?rest_route=\/wp\/v2\/product\/3707"}],"collection":[{"href":"https:\/\/trenaferragens.com.br\/index.php?rest_route=\/wp\/v2\/product"}],"about":[{"href":"https:\/\/trenaferragens.com.br\/index.php?rest_route=\/wp\/v2\/types\/product"}],"replies":[{"embeddable":true,"href":"https:\/\/trenaferragens.com.br\/index.php?rest_route=%2Fwp%2Fv2%2Fcomments&post=3707"}],"wp:featuredmedia":[{"embeddable":true,"href":"https:\/\/trenaferragens.com.br\/index.php?rest_route=\/wp\/v2\/media\/393"}],"wp:attachment":[{"href":"https:\/\/trenaferragens.com.br\/index.php?rest_route=%2Fwp%2Fv2%2Fmedia&parent=3707"}],"wp:term":[{"taxonomy":"product_cat","embeddable":true,"href":"https:\/\/trenaferragens.com.br\/index.php?rest_route=%2Fwp%2Fv2%2Fproduct_cat&post=3707"},{"taxonomy":"product_tag","embeddable":true,"href":"https:\/\/trenaferragens.com.br\/index.php?rest_route=%2Fwp%2Fv2%2Fproduct_tag&post=3707"}],"curies":[{"name":"wp","href":"https:\/\/api.w.org\/{rel}","templated":true}]}}