{"id":3708,"date":"2018-08-01T15:17:32","date_gmt":"2018-08-01T15:17:32","guid":{"rendered":"http:\/\/trenaferragens1.hospedagemdesites.ws\/produto\/import-placeholder-for-4416\/"},"modified":"2018-08-01T15:17:49","modified_gmt":"2018-08-01T15:17:49","slug":"lixa-ferro-aco","status":"publish","type":"product","link":"https:\/\/trenaferragens.com.br\/?product=lixa-ferro-aco","title":{"rendered":"Lixa Ferro\/A\u00e7o"},"content":{"rendered":"<p class=\"font_0\">Lixa Ferro\/A\u00e7o<\/p>\n<p class=\"font_0\"><span style=\"font-size: 14.4px;\">As lixas, tamb\u00e9m conhecidas como abrasivos revestidos, s\u00e3o utilizadas para os mais variados tipos de aplica\u00e7\u00f5es.<\/span><\/p>\n<p class=\"font_7\"><span class=\"color_15\">Do Desbaste ao Polimento, as lixas s\u00e3o encontradas em distintos tipos de convers\u00f5es como: folhas, rolos, discos e cintas, al\u00e9m da variedade de granulometrias que alteram\u00a0de acordo com cada opera\u00e7\u00e3o.<\/span><\/p>\n","protected":false},"excerpt":{"rendered":"<div id=\"comp-ixnchdyt1\" class=\"txtNew\" data-reactid=\".0.$SITE_ROOT.$desktop_siteRoot.$PAGES_CONTAINER.1.1.$SITE_PAGES.$bye8o_DESKTOP.1.$comp-ixnchdyt1\">\n<p class=\"font_0\">Lixa Ferro\/A\u00e7o<\/p>\n<\/div>\n<div id=\"comp-ixnchdyt2\" class=\"txtNew\" data-reactid=\".0.$SITE_ROOT.$desktop_siteRoot.$PAGES_CONTAINER.1.1.$SITE_PAGES.$bye8o_DESKTOP.1.$comp-ixnchdyt2\">\n<p class=\"font_8\">Lixa indicada para uso em superf\u00edcies met\u00e1licas em geral, remo\u00e7\u00e3o de ferrugens e tintas aplicadas em metais e desbaste de massa pl\u00e1stica.<\/p>\n<p class=\"font_8\">Folhas: 225mm x 275mm<\/p>\n<p class=\"font_8\">Embalagem: 25 \/ 50 folhas<\/p>\n<p class=\"font_8\">Rolos: 50mm a 225mm x 45.000mm<\/p>\n<p class=\"font_8\">Discos: 4,5\u2033, 5\u2033 e 7\u2033<\/p>\n<p class=\"font_8\">Costado sem pluma<\/p>\n<p class=\"font_8\">Desbaste: 36 \/ 40<\/p>\n<p class=\"font_8\">Semi acabamento: 50 \/ 60 \/ 80 \/ 100<\/p>\n<p class=\"font_8\">Acabamento: 120 \/ 150 \/ 180 \/ 220<\/p>\n<p class=\"font_8\">Fino acabamento: 240 \/ 280 \/ 320<\/p>\n<\/div>\n","protected":false},"featured_media":394,"comment_status":"open","ping_status":"closed","template":"","meta":[],"product_cat":[188],"product_tag":[268],"_links":{"self":[{"href":"https:\/\/trenaferragens.com.br\/index.php?rest_route=\/wp\/v2\/product\/3708"}],"collection":[{"href":"https:\/\/trenaferragens.com.br\/index.php?rest_route=\/wp\/v2\/product"}],"about":[{"href":"https:\/\/trenaferragens.com.br\/index.php?rest_route=\/wp\/v2\/types\/product"}],"replies":[{"embeddable":true,"href":"https:\/\/trenaferragens.com.br\/index.php?rest_route=%2Fwp%2Fv2%2Fcomments&post=3708"}],"wp:featuredmedia":[{"embeddable":true,"href":"https:\/\/trenaferragens.com.br\/index.php?rest_route=\/wp\/v2\/media\/394"}],"wp:attachment":[{"href":"https:\/\/trenaferragens.com.br\/index.php?rest_route=%2Fwp%2Fv2%2Fmedia&parent=3708"}],"wp:term":[{"taxonomy":"product_cat","embeddable":true,"href":"https:\/\/trenaferragens.com.br\/index.php?rest_route=%2Fwp%2Fv2%2Fproduct_cat&post=3708"},{"taxonomy":"product_tag","embeddable":true,"href":"https:\/\/trenaferragens.com.br\/index.php?rest_route=%2Fwp%2Fv2%2Fproduct_tag&post=3708"}],"curies":[{"name":"wp","href":"https:\/\/api.w.org\/{rel}","templated":true}]}}