{"id":3716,"date":"2018-08-01T15:17:36","date_gmt":"2018-08-01T15:17:36","guid":{"rendered":"http:\/\/trenaferragens1.hospedagemdesites.ws\/produto\/import-placeholder-for-4434\/"},"modified":"2018-08-01T15:17:54","modified_gmt":"2018-08-01T15:17:54","slug":"macarico-portatil-italgas-5-litros","status":"publish","type":"product","link":"https:\/\/trenaferragens.com.br\/?product=macarico-portatil-italgas-5-litros","title":{"rendered":"Ma\u00e7arico Port\u00e1til Italg\u00e1s 5 Litros"},"content":{"rendered":"<p>Ma\u00e7arico Port\u00e1til Italg\u00e1s 5 Litros<\/p>\n<p>Somos uma empresa especializada em ma\u00e7aricos port\u00e1teis de alta qualidade desde 2010, com crescimento ano a ano, com expressiva atividade comercial.<br \/>\nNo in\u00edcio de 2017 estaremos ampliando sustancialmente nossa presen\u00e7a no mercado nacional, portanto j\u00e1 estamos abrindo espa\u00e7o para empresas de Representa\u00e7\u00e3o Comercial, que vislumbrem em nossa proposta um neg\u00f3cio rent\u00e1vel.<\/p>\n","protected":false},"excerpt":{"rendered":"<p>Ma\u00e7arico Port\u00e1til Italg\u00e1s 5 Litros<\/p>\n<p>&nbsp;<\/p>\n","protected":false},"featured_media":424,"comment_status":"open","ping_status":"closed","template":"","meta":[],"product_cat":[1854],"product_tag":[278],"_links":{"self":[{"href":"https:\/\/trenaferragens.com.br\/index.php?rest_route=\/wp\/v2\/product\/3716"}],"collection":[{"href":"https:\/\/trenaferragens.com.br\/index.php?rest_route=\/wp\/v2\/product"}],"about":[{"href":"https:\/\/trenaferragens.com.br\/index.php?rest_route=\/wp\/v2\/types\/product"}],"replies":[{"embeddable":true,"href":"https:\/\/trenaferragens.com.br\/index.php?rest_route=%2Fwp%2Fv2%2Fcomments&post=3716"}],"wp:featuredmedia":[{"embeddable":true,"href":"https:\/\/trenaferragens.com.br\/index.php?rest_route=\/wp\/v2\/media\/424"}],"wp:attachment":[{"href":"https:\/\/trenaferragens.com.br\/index.php?rest_route=%2Fwp%2Fv2%2Fmedia&parent=3716"}],"wp:term":[{"taxonomy":"product_cat","embeddable":true,"href":"https:\/\/trenaferragens.com.br\/index.php?rest_route=%2Fwp%2Fv2%2Fproduct_cat&post=3716"},{"taxonomy":"product_tag","embeddable":true,"href":"https:\/\/trenaferragens.com.br\/index.php?rest_route=%2Fwp%2Fv2%2Fproduct_tag&post=3716"}],"curies":[{"name":"wp","href":"https:\/\/api.w.org\/{rel}","templated":true}]}}