{"id":3717,"date":"2018-08-01T15:17:57","date_gmt":"2018-08-01T15:17:57","guid":{"rendered":"http:\/\/trenaferragens1.hospedagemdesites.ws\/produto\/import-placeholder-for-4436\/"},"modified":"2018-08-01T15:18:10","modified_gmt":"2018-08-01T15:18:10","slug":"telha-canalete-t49-crfs","status":"publish","type":"product","link":"https:\/\/trenaferragens.com.br\/?product=telha-canalete-t49-crfs","title":{"rendered":"Telha Canalete T49 CRFS"},"content":{"rendered":"<p>Telha Canalete T49 CRFS<\/p>\n<p>Detalhes da telha Canalete 49<\/p>\n<p>Produto econ\u00f4mico, vence grandes v\u00e3os e pode ser utilizado para fechamentos laterais. Seu uso permite a utiliza\u00e7\u00e3o de estruturas de apoio simplificado e oferece liberdade de projeto gra\u00e7as a sua resist\u00eancia e durabilidade.<\/p>\n<p>&nbsp;<\/p>\n<div class=\"attr-name coberturas\">Comprimentos<\/div>\n<div class=\"attr-value \">2,00m; 2,50m; 3,00m; 3,60m; 4,00m; 4,50m; 5,00m; 5,50m; 6,00m; 6,50m e 7,20m<\/div>\n<div class=\"clearfix\"><\/div>\n<div class=\"attr-name coberturas\">Largura<\/div>\n<div class=\"attr-value \">0,52m<\/div>\n<div class=\"clearfix\"><\/div>\n<div class=\"attr-name coberturas\">Largura \u00fatil<\/div>\n<div class=\"attr-value \">0,49m<\/div>\n<div class=\"clearfix\"><\/div>\n<div class=\"attr-name coberturas\">Espessura<\/div>\n<div class=\"attr-value \">8mm<\/div>\n<div class=\"clearfix\"><\/div>\n<div class=\"attr-name coberturas\">V\u00e3o m\u00e1ximo<\/div>\n<div class=\"attr-value \">Consultar equipe t\u00e9cnica Eternit<\/div>\n<div class=\"clearfix\"><\/div>\n<div class=\"attr-name coberturas\">Inclina\u00e7\u00e3o m\u00ednima com recobrimento<\/div>\n<div class=\"attr-value big-attr\">5% (3\u00b0)<\/div>\n<div class=\"clearfix\"><\/div>\n<div class=\"attr-name coberturas\">Inclina\u00e7\u00e3o m\u00ednima sem recobrimento<\/div>\n<div class=\"attr-value big-attr\">3% (2\u00b0)<\/div>\n<div class=\"clearfix\"><\/div>\n<div class=\"attr-name coberturas\">Pe\u00e7as complementares<\/div>\n<div class=\"attr-value big-attr\">cumeeira normal, cumeeira normal terminal, cumeeira articulada, rufo e tamp\u00e3o<\/div>\n<div class=\"clearfix\"><\/div>\n<div class=\"attr-name coberturas\">Garantia<\/div>\n<div class=\"attr-value big-attr\">5 anos<\/div>\n","protected":false},"excerpt":{"rendered":"<div class=\"attr-name coberturas\">Comprimentos<\/div>\n<div class=\"attr-value \">2,00m; 2,50m; 3,00m; 3,60m; 4,00m; 4,50m; 5,00m; 5,50m; 6,00m; 6,50m e 7,20m<\/div>\n<div class=\"clearfix\"><\/div>\n<div class=\"attr-name coberturas\">Largura<\/div>\n<div class=\"attr-value \">0,52m<\/div>\n<div class=\"clearfix\"><\/div>\n<div class=\"attr-name coberturas\">Largura \u00fatil<\/div>\n<div class=\"attr-value \">0,49m<\/div>\n<div class=\"clearfix\"><\/div>\n<div class=\"attr-name coberturas\">Espessura<\/div>\n<div class=\"attr-value \">8mm<\/div>\n<div class=\"clearfix\"><\/div>\n<div class=\"attr-name coberturas\"><\/div>\n","protected":false},"featured_media":425,"comment_status":"open","ping_status":"closed","template":"","meta":[],"product_cat":[219],"product_tag":[279],"_links":{"self":[{"href":"https:\/\/trenaferragens.com.br\/index.php?rest_route=\/wp\/v2\/product\/3717"}],"collection":[{"href":"https:\/\/trenaferragens.com.br\/index.php?rest_route=\/wp\/v2\/product"}],"about":[{"href":"https:\/\/trenaferragens.com.br\/index.php?rest_route=\/wp\/v2\/types\/product"}],"replies":[{"embeddable":true,"href":"https:\/\/trenaferragens.com.br\/index.php?rest_route=%2Fwp%2Fv2%2Fcomments&post=3717"}],"wp:featuredmedia":[{"embeddable":true,"href":"https:\/\/trenaferragens.com.br\/index.php?rest_route=\/wp\/v2\/media\/425"}],"wp:attachment":[{"href":"https:\/\/trenaferragens.com.br\/index.php?rest_route=%2Fwp%2Fv2%2Fmedia&parent=3717"}],"wp:term":[{"taxonomy":"product_cat","embeddable":true,"href":"https:\/\/trenaferragens.com.br\/index.php?rest_route=%2Fwp%2Fv2%2Fproduct_cat&post=3717"},{"taxonomy":"product_tag","embeddable":true,"href":"https:\/\/trenaferragens.com.br\/index.php?rest_route=%2Fwp%2Fv2%2Fproduct_tag&post=3717"}],"curies":[{"name":"wp","href":"https:\/\/api.w.org\/{rel}","templated":true}]}}