{"id":3718,"date":"2018-08-01T15:17:57","date_gmt":"2018-08-01T15:17:57","guid":{"rendered":"http:\/\/trenaferragens1.hospedagemdesites.ws\/produto\/import-placeholder-for-4438\/"},"modified":"2022-08-15T14:23:50","modified_gmt":"2022-08-15T14:23:50","slug":"telha-canalete-t90-crfs","status":"publish","type":"product","link":"https:\/\/trenaferragens.com.br\/?product=telha-canalete-t90-crfs","title":{"rendered":"Telha Canalete T90 CRFS"},"content":{"rendered":"<p>Telha Canalete T90 CRFS<\/p>\n<p>Detalhes da telha Canalete 90<\/p>\n<p>Produto econ\u00f4mico, vence grandes v\u00e3os e pode ser utilizado para fechamentos laterais. Seu uso permite a utiliza\u00e7\u00e3o de estruturas de apoio simplificado e oferece liberdade de projeto gra\u00e7as a sua resist\u00eancia e durabilidade.<\/p>\n<p>&nbsp;<\/p>\n<div class=\"attr-name coberturas\">Comprimento<\/div>\n<div class=\"attr-value \">3,00m; 3,70m; 4,60m; 6,00m; 6,70m; 7,40m; 8,20m e 9,20m<\/div>\n<div class=\"clearfix\"><\/div>\n<div class=\"attr-name coberturas\">Largura<\/div>\n<div class=\"attr-value \">1,00m<\/div>\n<div class=\"clearfix\"><\/div>\n<div class=\"attr-name coberturas\">Largura \u00fatil<\/div>\n<div class=\"attr-value \">0,90m<\/div>\n<div class=\"clearfix\"><\/div>\n<div class=\"attr-name coberturas\">Espessura<\/div>\n<div class=\"attr-value \">8mm<\/div>\n<div class=\"clearfix\"><\/div>\n<div class=\"attr-name coberturas\">V\u00e3o m\u00e1ximo<\/div>\n<div class=\"attr-value \">Consultar equipe t\u00e9cnica Eternit<\/div>\n<div class=\"clearfix\"><\/div>\n<div class=\"attr-name coberturas\">Inclina\u00e7\u00e3o m\u00ednima com recobrimento<\/div>\n<div class=\"attr-value big-attr\">9% (5\u00b0)<\/div>\n<div class=\"clearfix\"><\/div>\n<div class=\"attr-name coberturas\">Inclina\u00e7\u00e3o m\u00ednima sem recobrimento<\/div>\n<div class=\"attr-value big-attr\">3% (2\u00b0)<\/div>\n<div class=\"clearfix\"><\/div>\n<div class=\"attr-name coberturas\">Pe\u00e7as complementares<\/div>\n<div class=\"attr-value big-attr\">cumeeira normal, cumeeira normal terminal, cumeeira shed, cumeeira articulada, terminal de aba plana, tamp\u00e3o, rufo e placa pinga<\/div>\n<div class=\"clearfix\"><\/div>\n<div class=\"attr-name coberturas\">Garantia<\/div>\n<div class=\"attr-value big-attr\">5 anos<\/div>\n","protected":false},"excerpt":{"rendered":"<div class=\"attr-name coberturas\">\n<div class=\"attr-name coberturas\">Comprimento<\/div>\n<div class=\"attr-value \">3,00m; 3,70m; 4,60m; 6,00m; 6,70m; 7,40m; 8,20m e 9,20m<\/div>\n<div class=\"clearfix\"><\/div>\n<div class=\"attr-name coberturas\">Largura<\/div>\n<div class=\"attr-value \">1,00m<\/div>\n<div class=\"clearfix\"><\/div>\n<div class=\"attr-name coberturas\">Largura \u00fatil<\/div>\n<div class=\"attr-value \">0,90m<\/div>\n<div class=\"clearfix\"><\/div>\n<div class=\"attr-name coberturas\">Espessura<\/div>\n<div class=\"attr-value \">8mm<\/div>\n<\/div>\n","protected":false},"featured_media":426,"comment_status":"open","ping_status":"closed","template":"","meta":[],"product_cat":[219],"product_tag":[280],"_links":{"self":[{"href":"https:\/\/trenaferragens.com.br\/index.php?rest_route=\/wp\/v2\/product\/3718"}],"collection":[{"href":"https:\/\/trenaferragens.com.br\/index.php?rest_route=\/wp\/v2\/product"}],"about":[{"href":"https:\/\/trenaferragens.com.br\/index.php?rest_route=\/wp\/v2\/types\/product"}],"replies":[{"embeddable":true,"href":"https:\/\/trenaferragens.com.br\/index.php?rest_route=%2Fwp%2Fv2%2Fcomments&post=3718"}],"wp:featuredmedia":[{"embeddable":true,"href":"https:\/\/trenaferragens.com.br\/index.php?rest_route=\/wp\/v2\/media\/426"}],"wp:attachment":[{"href":"https:\/\/trenaferragens.com.br\/index.php?rest_route=%2Fwp%2Fv2%2Fmedia&parent=3718"}],"wp:term":[{"taxonomy":"product_cat","embeddable":true,"href":"https:\/\/trenaferragens.com.br\/index.php?rest_route=%2Fwp%2Fv2%2Fproduct_cat&post=3718"},{"taxonomy":"product_tag","embeddable":true,"href":"https:\/\/trenaferragens.com.br\/index.php?rest_route=%2Fwp%2Fv2%2Fproduct_tag&post=3718"}],"curies":[{"name":"wp","href":"https:\/\/api.w.org\/{rel}","templated":true}]}}