{"id":3721,"date":"2018-08-01T15:17:58","date_gmt":"2018-08-01T15:17:58","guid":{"rendered":"http:\/\/trenaferragens1.hospedagemdesites.ws\/produto\/import-placeholder-for-4446\/"},"modified":"2022-02-01T12:31:56","modified_gmt":"2022-02-01T12:31:56","slug":"prego-com-cabeca-gerdau","status":"publish","type":"product","link":"https:\/\/trenaferragens.com.br\/?product=prego-com-cabeca-gerdau","title":{"rendered":"Prego Com Cabe\u00e7a Gerdau"},"content":{"rendered":"<p>Prego Com Cabe\u00e7a Gerdau<\/p>\n<p>A Gerdau oferece uma linha completa de produtos para a Constru\u00e7\u00e3o Civil trazendo qualidade e produtividade para todo o mercado. Nossos produtos s\u00e3o certificados e atendem aos mais rigorosos padr\u00f5es de qualidade e sustentabilidade\u200b.<\/p>\n","protected":false},"excerpt":{"rendered":"<p>\u200b\u200b\u200bPregos com\/sem cabe\u00e7a em acabamento Galvanizado.<\/p>\n<div><\/div>\n<div>APLICA\u00c7\u00d5ES: M\u00f3veis especiais; Bricolagem; Adornos; Molduras e fixa\u00e7\u00e3o externa em constru\u00e7\u00e3o civil.<\/div>\n<div><\/div>\n<div>BENEF\u00cdCIOS: Resistente \u00e0 corros\u00e3o; Est\u00e9tica, Maior durabilidade e seguran\u00e7a na fixa\u00e7\u00e3o.<\/div>\n","protected":false},"featured_media":429,"comment_status":"open","ping_status":"closed","template":"","meta":[],"product_cat":[198,199],"product_tag":[284],"_links":{"self":[{"href":"https:\/\/trenaferragens.com.br\/index.php?rest_route=\/wp\/v2\/product\/3721"}],"collection":[{"href":"https:\/\/trenaferragens.com.br\/index.php?rest_route=\/wp\/v2\/product"}],"about":[{"href":"https:\/\/trenaferragens.com.br\/index.php?rest_route=\/wp\/v2\/types\/product"}],"replies":[{"embeddable":true,"href":"https:\/\/trenaferragens.com.br\/index.php?rest_route=%2Fwp%2Fv2%2Fcomments&post=3721"}],"wp:featuredmedia":[{"embeddable":true,"href":"https:\/\/trenaferragens.com.br\/index.php?rest_route=\/wp\/v2\/media\/429"}],"wp:attachment":[{"href":"https:\/\/trenaferragens.com.br\/index.php?rest_route=%2Fwp%2Fv2%2Fmedia&parent=3721"}],"wp:term":[{"taxonomy":"product_cat","embeddable":true,"href":"https:\/\/trenaferragens.com.br\/index.php?rest_route=%2Fwp%2Fv2%2Fproduct_cat&post=3721"},{"taxonomy":"product_tag","embeddable":true,"href":"https:\/\/trenaferragens.com.br\/index.php?rest_route=%2Fwp%2Fv2%2Fproduct_tag&post=3721"}],"curies":[{"name":"wp","href":"https:\/\/api.w.org\/{rel}","templated":true}]}}