{"id":3724,"date":"2018-08-01T15:17:59","date_gmt":"2018-08-01T15:17:59","guid":{"rendered":"http:\/\/trenaferragens1.hospedagemdesites.ws\/produto\/import-placeholder-for-4506\/"},"modified":"2018-08-01T15:18:14","modified_gmt":"2018-08-01T15:18:14","slug":"mangueira-jardim-giga-flex","status":"publish","type":"product","link":"https:\/\/trenaferragens.com.br\/?product=mangueira-jardim-giga-flex","title":{"rendered":"Mangueira Jardim Giga Flex"},"content":{"rendered":"<p>Mangueira Jardim Giga Flex<\/p>\n<p>APLICA\u00c7\u00c3O:<\/p>\n<p>\u00c9 indicada para jardinagem em geral, recomendada para uso dom\u00e9stico ou profissional na jardinagem. Mangueiras flex\u00edvel e de f\u00e1cil manuseio.<\/p>\n","protected":false},"excerpt":{"rendered":"<p>DISPON\u00cdVEL NO TAMANHO:<\/p>\n<p>Mangueira Jardim Giga Flex 1\/1&#215;2.0MM<\/p>\n<p>MAT\u00c9RIA PRIMA:<\/p>\n<p>Fabricadas com 2 camadas em PVC sendo a camada interna em cor preta e uma camada refor\u00e7ada de fios poli\u00e9ster.<\/p>\n","protected":false},"featured_media":433,"comment_status":"open","ping_status":"closed","template":"","meta":[],"product_cat":[1094],"product_tag":[287],"_links":{"self":[{"href":"https:\/\/trenaferragens.com.br\/index.php?rest_route=\/wp\/v2\/product\/3724"}],"collection":[{"href":"https:\/\/trenaferragens.com.br\/index.php?rest_route=\/wp\/v2\/product"}],"about":[{"href":"https:\/\/trenaferragens.com.br\/index.php?rest_route=\/wp\/v2\/types\/product"}],"replies":[{"embeddable":true,"href":"https:\/\/trenaferragens.com.br\/index.php?rest_route=%2Fwp%2Fv2%2Fcomments&post=3724"}],"wp:featuredmedia":[{"embeddable":true,"href":"https:\/\/trenaferragens.com.br\/index.php?rest_route=\/wp\/v2\/media\/433"}],"wp:attachment":[{"href":"https:\/\/trenaferragens.com.br\/index.php?rest_route=%2Fwp%2Fv2%2Fmedia&parent=3724"}],"wp:term":[{"taxonomy":"product_cat","embeddable":true,"href":"https:\/\/trenaferragens.com.br\/index.php?rest_route=%2Fwp%2Fv2%2Fproduct_cat&post=3724"},{"taxonomy":"product_tag","embeddable":true,"href":"https:\/\/trenaferragens.com.br\/index.php?rest_route=%2Fwp%2Fv2%2Fproduct_tag&post=3724"}],"curies":[{"name":"wp","href":"https:\/\/api.w.org\/{rel}","templated":true}]}}