{"id":3725,"date":"2018-08-01T15:18:00","date_gmt":"2018-08-01T15:18:00","guid":{"rendered":"http:\/\/trenaferragens1.hospedagemdesites.ws\/produto\/import-placeholder-for-4508\/"},"modified":"2018-08-01T15:18:14","modified_gmt":"2018-08-01T15:18:14","slug":"tarraxa-de-ferro-p-tubo-pvc","status":"publish","type":"product","link":"https:\/\/trenaferragens.com.br\/?product=tarraxa-de-ferro-p-tubo-pvc","title":{"rendered":"Tarraxa de Ferro P\/ Tubo PVC"},"content":{"rendered":"<p>Tarraxa de Ferro P\/ Tubo PVC<\/p>\n<p>A <strong>Meikon Metal\u00fargica Com\u00e9rcio e Ind\u00fastria Ltda<\/strong>. atua no mercado \u00e0 mais de 30 anos, tendo in\u00edcio de suas atividades em 06 de junho de 1983. Come\u00e7ou com a fabrica\u00e7\u00e3o de parafusos para tanques e vasos sanit\u00e1rios, inovando mais tarde atrav\u00e9s da cria\u00e7\u00e3o da <strong>Tarraxa R\u00e1pida Meikon<\/strong> e o <strong>Corta F\u00e1cil<\/strong> (cortador para tubos de pl\u00e1sticos r\u00edgidos). Hoje com mais de 80 itens em linha de constru\u00e7\u00e3o, exporta para toda Am\u00e9rica Latina, Europa, \u00c1sia e \u00c1frica.<br \/>\nA Meikon conta atualmente com um avan\u00e7ado sistema de <strong>ENTREGA R\u00c1PIDA <\/strong>proporcionando a seus clientes otimiza\u00e7\u00e3o no custo de estocagem, seguran\u00e7a e pontualidade no atendimento, evitando perda de oportunidade de neg\u00f3cio. Sua pol\u00edtica de pre\u00e7os sempre competitivos e produtos de alto n\u00edvel de qualidade garantem a excel\u00eancia no mercado.<br \/>\nMelhorias veem sendo promovidas em sua infra-estrutura e investimentos intensivos na qualifica\u00e7\u00e3o de seus colaboradores para atender cada vez melhor, associado \u00e0 pol\u00edtica de responsabilidade social e ambiental reafirmando o compromisso com o desenvolvimento sustent\u00e1vel do pa\u00eds.<\/p>\n","protected":false},"excerpt":{"rendered":"<p>DISPON\u00cdVEL NOS TAMANHOS:<\/p>\n<p>Tarraxa de Ferro P\/ Tubo PVC 1\/2<\/p>\n<p>Tarraxa de Ferro P\/ Tubo PVC 3\/4<\/p>\n<p>Tarraxa de Ferro P\/ Tubo PVC 1<\/p>\n<p>Tarraxa de Ferro P\/ Tubo PVC 1 . 1\/4<\/p>\n<p>Tarraxa de Ferro P\/ Tubo PVC 1 . 1\/2<\/p>\n<p>Tarraxa de Ferro P\/ Tubo PVC 2<\/p>\n<p>Tarraxa de Ferro P\/ Tubo PVC 2 . 1\/2<\/p>\n<p>Tarraxa de Ferro P\/ Tubo PVC 3<\/p>\n<p>Tarraxa de Ferro P\/ Tubo PVC 4<\/p>\n","protected":false},"featured_media":434,"comment_status":"open","ping_status":"closed","template":"","meta":[],"product_cat":[1094],"product_tag":[288],"_links":{"self":[{"href":"https:\/\/trenaferragens.com.br\/index.php?rest_route=\/wp\/v2\/product\/3725"}],"collection":[{"href":"https:\/\/trenaferragens.com.br\/index.php?rest_route=\/wp\/v2\/product"}],"about":[{"href":"https:\/\/trenaferragens.com.br\/index.php?rest_route=\/wp\/v2\/types\/product"}],"replies":[{"embeddable":true,"href":"https:\/\/trenaferragens.com.br\/index.php?rest_route=%2Fwp%2Fv2%2Fcomments&post=3725"}],"wp:featuredmedia":[{"embeddable":true,"href":"https:\/\/trenaferragens.com.br\/index.php?rest_route=\/wp\/v2\/media\/434"}],"wp:attachment":[{"href":"https:\/\/trenaferragens.com.br\/index.php?rest_route=%2Fwp%2Fv2%2Fmedia&parent=3725"}],"wp:term":[{"taxonomy":"product_cat","embeddable":true,"href":"https:\/\/trenaferragens.com.br\/index.php?rest_route=%2Fwp%2Fv2%2Fproduct_cat&post=3725"},{"taxonomy":"product_tag","embeddable":true,"href":"https:\/\/trenaferragens.com.br\/index.php?rest_route=%2Fwp%2Fv2%2Fproduct_tag&post=3725"}],"curies":[{"name":"wp","href":"https:\/\/api.w.org\/{rel}","templated":true}]}}