{"id":3729,"date":"2018-08-01T15:18:01","date_gmt":"2018-08-01T15:18:01","guid":{"rendered":"http:\/\/trenaferragens1.hospedagemdesites.ws\/produto\/import-placeholder-for-4532\/"},"modified":"2018-08-01T15:18:17","modified_gmt":"2018-08-01T15:18:17","slug":"luva-de-reducao-tupy","status":"publish","type":"product","link":"https:\/\/trenaferragens.com.br\/?product=luva-de-reducao-tupy","title":{"rendered":"Luva de Redu\u00e7\u00e3o Tupy"},"content":{"rendered":"<p>Luva de Redu\u00e7\u00e3o Tupy<\/p>\n<p>A TUPY fabrica a mais completa linha de Conex\u00f5es de ferro male\u00e1vel, utilizadas na condu\u00e7\u00e3o de l\u00edquidos, gases e vapores, para uso residencial, predial e industrial.<\/p>\n<p>As conex\u00f5es TUPY, com roscas BSP e NPT, s\u00e3o produzidas com diversos acabamentos de superf\u00edcie e em conformidade com as normas nacionais e internacionais. Al\u00e9m de ocuparem posi\u00e7\u00e3o de lideran\u00e7a no mercado brasileiro, s\u00e3o exportadas para todos os continentes, garantindo aplica\u00e7\u00f5es duradouras nas mais diversas condi\u00e7\u00f5es de uso.<\/p>\n<p>As conex\u00f5es TUPY chegam ao mercado por meio de grandes atacadistas de material para ind\u00fastrias, dep\u00f3sitos de material de constru\u00e7\u00e3o, lojas de material de acabamento, com\u00e9rcio especializado em hidr\u00e1ulica e redes de auto-servi\u00e7o.<\/p>\n","protected":false},"excerpt":{"rendered":"<p>DISPON\u00cdVEL NOS TAMANHOS:<\/p>\n<p>Luva de Red 3\/4&#215;1\/2<\/p>\n<p>Luva de Red 1&#215;1\/2<\/p>\n<p>Luva de Red 1&#215;3\/4<\/p>\n<p>Luva de Red 1 1\/4x 1\/2<\/p>\n<p>Luva de Red 1 1\/4x 3\/4<\/p>\n<p>Luva de Red 1 1\/4&#215;1<\/p>\n<p>Luva de Red 1 1\/2x 3\/4<\/p>\n<p>Luva de Red 1 1\/2&#215;1<\/p>\n<p>Luva de Red 1 1\/2&#215;1 1\/4<\/p>\n<p>Luva de Red 2x 1<\/p>\n<p>Luva de Red 2x 1 1\/4<\/p>\n<p>Luva de Red 2&#215;1 1\/2<\/p>\n<p>Luva de Red 2 1\/2&#215;1 1\/4<\/p>\n<p>Luva de Red 2 1\/2&#215;1 1\/2<\/p>\n<p>Luva de Red 2 1\/2&#215;2<\/p>\n<p>Luva de Red 3&#215;1 1\/2<\/p>\n<p>Luva de Red 3&#215;2<\/p>\n<p>Luva de Red 3&#215;2 1\/2<\/p>\n<p>Luva de Red 4&#215;2<\/p>\n<p>Luva de Red 4&#215;2 1\/2<\/p>\n<p>Luva de Red 4&#215;3<\/p>\n","protected":false},"featured_media":455,"comment_status":"open","ping_status":"closed","template":"","meta":[],"product_cat":[186,290],"product_tag":[293],"_links":{"self":[{"href":"https:\/\/trenaferragens.com.br\/index.php?rest_route=\/wp\/v2\/product\/3729"}],"collection":[{"href":"https:\/\/trenaferragens.com.br\/index.php?rest_route=\/wp\/v2\/product"}],"about":[{"href":"https:\/\/trenaferragens.com.br\/index.php?rest_route=\/wp\/v2\/types\/product"}],"replies":[{"embeddable":true,"href":"https:\/\/trenaferragens.com.br\/index.php?rest_route=%2Fwp%2Fv2%2Fcomments&post=3729"}],"wp:featuredmedia":[{"embeddable":true,"href":"https:\/\/trenaferragens.com.br\/index.php?rest_route=\/wp\/v2\/media\/455"}],"wp:attachment":[{"href":"https:\/\/trenaferragens.com.br\/index.php?rest_route=%2Fwp%2Fv2%2Fmedia&parent=3729"}],"wp:term":[{"taxonomy":"product_cat","embeddable":true,"href":"https:\/\/trenaferragens.com.br\/index.php?rest_route=%2Fwp%2Fv2%2Fproduct_cat&post=3729"},{"taxonomy":"product_tag","embeddable":true,"href":"https:\/\/trenaferragens.com.br\/index.php?rest_route=%2Fwp%2Fv2%2Fproduct_tag&post=3729"}],"curies":[{"name":"wp","href":"https:\/\/api.w.org\/{rel}","templated":true}]}}