{"id":3733,"date":"2018-08-01T15:18:03","date_gmt":"2018-08-01T15:18:03","guid":{"rendered":"http:\/\/trenaferragens1.hospedagemdesites.ws\/produto\/import-placeholder-for-4541\/"},"modified":"2022-12-05T19:58:14","modified_gmt":"2022-12-05T19:58:14","slug":"luva-flexivel-tupypress-tupy","status":"publish","type":"product","link":"https:\/\/trenaferragens.com.br\/?product=luva-flexivel-tupypress-tupy","title":{"rendered":"Luva Flex\u00edvel Tupypress Tupy"},"content":{"rendered":"<p>Luva Flex\u00edvel Tupypress Tupy<\/p>\n<p>A TUPY fabrica a mais completa linha de Conex\u00f5es de ferro male\u00e1vel, utilizadas na condu\u00e7\u00e3o de l\u00edquidos, gases e vapores, para uso residencial, predial e industrial.<\/p>\n<p>As conex\u00f5es TUPY, com roscas BSP e NPT, s\u00e3o produzidas com diversos acabamentos de superf\u00edcie e em conformidade com as normas nacionais e internacionais. Al\u00e9m de ocuparem posi\u00e7\u00e3o de lideran\u00e7a no mercado brasileiro, s\u00e3o exportadas para todos os continentes, garantindo aplica\u00e7\u00f5es duradouras nas mais diversas condi\u00e7\u00f5es de uso.<\/p>\n<p>As conex\u00f5es TUPY chegam ao mercado por meio de grandes atacadistas de material para ind\u00fastrias, dep\u00f3sitos de material de constru\u00e7\u00e3o, lojas de material de acabamento, com\u00e9rcio especializado em hidr\u00e1ulica e redes de auto-servi\u00e7o.<\/p>\n","protected":false},"excerpt":{"rendered":"<p>DISPON\u00cdVEL NOS TAMANHOS:<\/p>\n<p>Luva Flex\u00edvel Tupypress 1\/2<\/p>\n<p>Luva Flex\u00edvel Tupypress 3\/4<\/p>\n<p>Luva Flex\u00edvel Tupypress 1<\/p>\n<p>Luva Flex\u00edvel Tupypress 1 1\/4<\/p>\n<p>Luva Flex\u00edvel Tupypress 1.1\/2<\/p>\n<p>Luva Flex\u00edvel Tupypress 2<\/p>\n","protected":false},"featured_media":459,"comment_status":"open","ping_status":"closed","template":"","meta":[],"product_cat":[186,290],"product_tag":[297],"_links":{"self":[{"href":"https:\/\/trenaferragens.com.br\/index.php?rest_route=\/wp\/v2\/product\/3733"}],"collection":[{"href":"https:\/\/trenaferragens.com.br\/index.php?rest_route=\/wp\/v2\/product"}],"about":[{"href":"https:\/\/trenaferragens.com.br\/index.php?rest_route=\/wp\/v2\/types\/product"}],"replies":[{"embeddable":true,"href":"https:\/\/trenaferragens.com.br\/index.php?rest_route=%2Fwp%2Fv2%2Fcomments&post=3733"}],"wp:featuredmedia":[{"embeddable":true,"href":"https:\/\/trenaferragens.com.br\/index.php?rest_route=\/wp\/v2\/media\/459"}],"wp:attachment":[{"href":"https:\/\/trenaferragens.com.br\/index.php?rest_route=%2Fwp%2Fv2%2Fmedia&parent=3733"}],"wp:term":[{"taxonomy":"product_cat","embeddable":true,"href":"https:\/\/trenaferragens.com.br\/index.php?rest_route=%2Fwp%2Fv2%2Fproduct_cat&post=3733"},{"taxonomy":"product_tag","embeddable":true,"href":"https:\/\/trenaferragens.com.br\/index.php?rest_route=%2Fwp%2Fv2%2Fproduct_tag&post=3733"}],"curies":[{"name":"wp","href":"https:\/\/api.w.org\/{rel}","templated":true}]}}