{"id":3767,"date":"2018-08-01T15:18:39","date_gmt":"2018-08-01T15:18:39","guid":{"rendered":"http:\/\/trenaferragens1.hospedagemdesites.ws\/produto\/import-placeholder-for-4708\/"},"modified":"2018-08-01T15:18:57","modified_gmt":"2018-08-01T15:18:57","slug":"base-misturador-chuveiro-3-4x1-2","status":"publish","type":"product","link":"https:\/\/trenaferragens.com.br\/?product=base-misturador-chuveiro-3-4x1-2","title":{"rendered":"Base Misturador Chuveiro 3\/4&#215;1\/2"},"content":{"rendered":"<p>Base Misturador Chuveiro 3\/4&#215;1\/2<\/p>\n<h3>MISTURADORES DOCOLBASE<\/h3>\n<p>Em apenas uma pe\u00e7a, os misturadores garantem praticidade e seguran\u00e7a na instala\u00e7\u00e3o. Por serem comercializados montados, asseguram o perfeito alinhamento dos acabamentos e proporcionam facilidade na instala\u00e7\u00e3o.<\/p>\n<p>Possuem tripla veda\u00e7\u00e3o O&#8217;ring ao longo do eixo que garante maior durabilidade e seguran\u00e7a contra vazamentos. Sua haste n\u00e3o ascendente reduz o atrito dos vedantes do eixo e assegura que n\u00e3o haja deslocamentos no acabamento colocado sobre o registro.<\/p>\n<p>S\u00e3o Indicados para uso em instala\u00e7\u00f5es hidr\u00e1ulicas prediais.<\/p>\n","protected":false},"excerpt":{"rendered":"<p>Sistema de acionamento rotativo: proporciona veda\u00e7\u00e3o perfeita e facilidade na regulagem da vaz\u00e3o.<\/p>\n<p>Funcionamento perfeito at\u00e9 a press\u00e3o m\u00e1xima de 14 kgf\/cm2 (199 psi).<\/p>\n<p>Temperatura m\u00e1xima da \u00e1gua: 80 \u00b0C<\/p>\n","protected":false},"featured_media":533,"comment_status":"open","ping_status":"closed","template":"","meta":[],"product_cat":[304,168],"product_tag":[340],"_links":{"self":[{"href":"https:\/\/trenaferragens.com.br\/index.php?rest_route=\/wp\/v2\/product\/3767"}],"collection":[{"href":"https:\/\/trenaferragens.com.br\/index.php?rest_route=\/wp\/v2\/product"}],"about":[{"href":"https:\/\/trenaferragens.com.br\/index.php?rest_route=\/wp\/v2\/types\/product"}],"replies":[{"embeddable":true,"href":"https:\/\/trenaferragens.com.br\/index.php?rest_route=%2Fwp%2Fv2%2Fcomments&post=3767"}],"wp:featuredmedia":[{"embeddable":true,"href":"https:\/\/trenaferragens.com.br\/index.php?rest_route=\/wp\/v2\/media\/533"}],"wp:attachment":[{"href":"https:\/\/trenaferragens.com.br\/index.php?rest_route=%2Fwp%2Fv2%2Fmedia&parent=3767"}],"wp:term":[{"taxonomy":"product_cat","embeddable":true,"href":"https:\/\/trenaferragens.com.br\/index.php?rest_route=%2Fwp%2Fv2%2Fproduct_cat&post=3767"},{"taxonomy":"product_tag","embeddable":true,"href":"https:\/\/trenaferragens.com.br\/index.php?rest_route=%2Fwp%2Fv2%2Fproduct_tag&post=3767"}],"curies":[{"name":"wp","href":"https:\/\/api.w.org\/{rel}","templated":true}]}}