{"id":3768,"date":"2018-08-01T15:18:39","date_gmt":"2018-08-01T15:18:39","guid":{"rendered":"http:\/\/trenaferragens1.hospedagemdesites.ws\/produto\/import-placeholder-for-4710\/"},"modified":"2018-08-01T15:18:58","modified_gmt":"2018-08-01T15:18:58","slug":"base-valvula-descarga-1-1-2","status":"publish","type":"product","link":"https:\/\/trenaferragens.com.br\/?product=base-valvula-descarga-1-1-2","title":{"rendered":"Base V\u00e1lvula Descarga 1.1\/2"},"content":{"rendered":"<p>Base V\u00e1lvula Descarga 1.1\/2<\/p>\n<h3>V\u00c1LVULAS DE DESCARGA DOCOLBASE<\/h3>\n<p>Com tecnologia confi\u00e1vel, econ\u00f4mica e dur\u00e1vel, a V\u00e1lvula de Descarga Docol \u00e9 a primeira\u00a0 livre do golpe de ar\u00edete. Possui registro integrado para fechar e regular a vaz\u00e3o para limpeza da bacia sanit\u00e1ria, o que proporciona mais efici\u00eancia com um ciclo completo e sem desperd\u00edcio de \u00e1gua.<br \/>\nEcologicamente correta, \u00e9 fabricada com material altamente recicl\u00e1vel, garantindo preserva\u00e7\u00e3o do meio ambiente, al\u00e9m de promover o uso racional da \u00e1gua.<br \/>\nPr\u00e1tico e funcional, seu sistema autolimpante dispensa lubrifica\u00e7\u00e3o, e o sistema hidromec\u00e2nico garante a abertura imediata e total e o funcionamento autom\u00e1tico. Al\u00e9m disso, possui f\u00e1cil manuten\u00e7\u00e3o que n\u00e3o exige quebra de parede e pode ser feita diretamente pela abertura frontal da v\u00e1lvula. \u00c9 compat\u00edvel com todos os acabamentos para V\u00e1lvula de Descarga Docol.<\/p>\n","protected":false},"excerpt":{"rendered":"<p>Bitola: 1 1\/2&#8243;<\/p>\n<p>Funcionamento perfeito de 0,15 a 1,5 kgf\/cm\u00b2 ou 2,2 a 22 psi.<\/p>\n<p>Garantia Toda Vida: qualidade e seguran\u00e7a por tempo indeterminado. Para mais informa\u00e7\u00f5es, acesse <a href=\"http:\/\/www.docol.com.br\/pt\/garantia\">http:\/\/www.docol.com.br\/pt\/garantia<\/a><\/p>\n<p><strong><a href=\"http:\/\/www.docol.com.br\/pt\/produto\/banheiro\/acabamentos?aplicacao=acabamento-para-valvula-de-descarga\" target=\"_blank\" rel=\"noopener noreferrer\">Clique aqui<\/a><\/strong> e confira todos os modelos de Acabamento para V\u00e1lvula de Descarga Docol.<\/p>\n<p>Possui registro integrado para fechar e regular a vaz\u00e3o para limpeza da bacia sanit\u00e1ria. Mais efici\u00eancia com um ciclo completo e nenhum desperd\u00edcio de \u00e1gua.<\/p>\n<p>Acionamento silencioso, com tecnologia e suavidade.<\/p>\n<p>Produzido com material recicl\u00e1vel que atende aos requisitos de sustentabilidade, contribuindo com a preserva\u00e7\u00e3o do meio ambiente e o uso racional da \u00e1gua.<\/p>\n<p>Sistema autolimpante que dispensa lubrifica\u00e7\u00e3o.<\/p>\n<p>Sistema hidromec\u00e2nico que garante a abertura imediata e total da v\u00e1lvula e seu funcionamento autom\u00e1tico.<\/p>\n<p>Instala\u00e7\u00e3o embutida que proporciona maior seguran\u00e7a e melhor aproveitamento do espa\u00e7o dentro do banheiro.<\/p>\n<p>F\u00e1cil manuten\u00e7\u00e3o. N\u00e3o exige quebra de parede e pode ser feita diretamente pela abertura frontal da v\u00e1lvula de descarga, pois possui total disponibilidade de pe\u00e7as.<\/p>\n<p>Compat\u00edvel com todos os Acabamentos para V\u00e1lvula de Descarga Docol.<\/p>\n","protected":false},"featured_media":534,"comment_status":"open","ping_status":"closed","template":"","meta":[],"product_cat":[304,168],"product_tag":[341],"_links":{"self":[{"href":"https:\/\/trenaferragens.com.br\/index.php?rest_route=\/wp\/v2\/product\/3768"}],"collection":[{"href":"https:\/\/trenaferragens.com.br\/index.php?rest_route=\/wp\/v2\/product"}],"about":[{"href":"https:\/\/trenaferragens.com.br\/index.php?rest_route=\/wp\/v2\/types\/product"}],"replies":[{"embeddable":true,"href":"https:\/\/trenaferragens.com.br\/index.php?rest_route=%2Fwp%2Fv2%2Fcomments&post=3768"}],"wp:featuredmedia":[{"embeddable":true,"href":"https:\/\/trenaferragens.com.br\/index.php?rest_route=\/wp\/v2\/media\/534"}],"wp:attachment":[{"href":"https:\/\/trenaferragens.com.br\/index.php?rest_route=%2Fwp%2Fv2%2Fmedia&parent=3768"}],"wp:term":[{"taxonomy":"product_cat","embeddable":true,"href":"https:\/\/trenaferragens.com.br\/index.php?rest_route=%2Fwp%2Fv2%2Fproduct_cat&post=3768"},{"taxonomy":"product_tag","embeddable":true,"href":"https:\/\/trenaferragens.com.br\/index.php?rest_route=%2Fwp%2Fv2%2Fproduct_tag&post=3768"}],"curies":[{"name":"wp","href":"https:\/\/api.w.org\/{rel}","templated":true}]}}