{"id":3771,"date":"2018-08-01T15:18:41","date_gmt":"2018-08-01T15:18:41","guid":{"rendered":"http:\/\/trenaferragens1.hospedagemdesites.ws\/produto\/import-placeholder-for-4787\/"},"modified":"2018-08-01T15:18:59","modified_gmt":"2018-08-01T15:18:59","slug":"base-registro-de-pressao","status":"publish","type":"product","link":"https:\/\/trenaferragens.com.br\/?product=base-registro-de-pressao","title":{"rendered":"Base Registro de Press\u00e3o"},"content":{"rendered":"<p>Base Registro de Press\u00e3o<\/p>\n<h3>REGISTRO DE PRESS\u00c3O DOCOLBASE<\/h3>\n<p>O produto \u00e9 destinado a interromper ou regular a vaz\u00e3o de \u00e1gua. Pode ser utilizado para instala\u00e7\u00f5es hidr\u00e1ulicas embutidas para chuveiro, banheiras e duchas higi\u00eanicas. Seu sistema de veda\u00e7\u00e3o em borracha nitr\u00edlica proporciona veda\u00e7\u00e3o perfeita com durabilidade m\u00e9dia de abertura e fechamento superior a 50 mil vezes.<br \/>\nAl\u00e9m disso, possui haste n\u00e3o ascendente que reduz o atrito dos vedantes do eixo e garante que n\u00e3o haja deslocamentos no acabamento colocado sobre o registro.<br \/>\nPossui mecanismo totalmente feito em lat\u00e3o, e possui tripla veda\u00e7\u00e3o ao longo do eixo, proporcionando maior durabilidade e garantia contra vazamentos. Atende \u00e0 Norma de Registro de Press\u00e3o para instala\u00e7\u00f5es hidr\u00e1ulicas prediais \u2013 ABNT NBR 15704-1 \u2013 Rosca ABNT NBR 8133 (ISO 228\/1).<\/p>\n<p>&nbsp;<\/p>\n","protected":false},"excerpt":{"rendered":"<p>Destinado a interromper ou regular a vaz\u00e3o de \u00e1gua dos chuveiros por meio de um eficiente sistema de veda\u00e7\u00e3o.<\/p>\n<p>Mecanismo totalmente feito de lat\u00e3o.<\/p>\n<p>Possui tripla veda\u00e7\u00e3o ao longo do eixo, proporcionando maior durabilidade e garantia contra vazamentos.<\/p>\n<p>Sistema de veda\u00e7\u00e3o em borracha nitr\u00edlica: proporciona veda\u00e7\u00e3o perfeita com durabilidade m\u00e9dia de abertura e fechamento superior a 50 mil vezes.<\/p>\n<p>Atende \u00e0 Norma de Registro de Press\u00e3o para instala\u00e7\u00f5es hidr\u00e1ulicas prediais \u2013 ABNT NBR 15704-1 \u2013 Rosca ABNT NBR 8133 (ISO 228\/1).<\/p>\n<p>Haste n\u00e3o ascendente: reduz o atrito dos vedantes do eixo e garante que n\u00e3o haja deslocamentos no acabamento colocado sobre o registro.<\/p>\n<p>Press\u00e3o m\u00e1xima de uso recomendada: 140 m.c.a<\/p>\n<p>Sistema de acionamento rotativo: Proporciona veda\u00e7\u00e3o perfeita e facilidade na regulagem da vaz\u00e3o.<\/p>\n<p>Aplica\u00e7\u00e3o: indicado para instala\u00e7\u00f5es hidr\u00e1ulicas embutidas para chuveiro, banheiras e duchas higi\u00eanicas.<\/p>\n<p>Temperatura m\u00e1xima de trabalho: 70 \u00baC.<\/p>\n<p>Garantia Toda Vida: qualidade e seguran\u00e7a por tempo indeterminado. Para mais informa\u00e7\u00f5es, acesse <a href=\"http:\/\/www.docol.com.br\/pt\/garantia\">http:\/\/www.docol.com.br\/pt\/garantia<\/a><\/p>\n","protected":false},"featured_media":541,"comment_status":"open","ping_status":"closed","template":"","meta":[],"product_cat":[304,168],"product_tag":[344],"_links":{"self":[{"href":"https:\/\/trenaferragens.com.br\/index.php?rest_route=\/wp\/v2\/product\/3771"}],"collection":[{"href":"https:\/\/trenaferragens.com.br\/index.php?rest_route=\/wp\/v2\/product"}],"about":[{"href":"https:\/\/trenaferragens.com.br\/index.php?rest_route=\/wp\/v2\/types\/product"}],"replies":[{"embeddable":true,"href":"https:\/\/trenaferragens.com.br\/index.php?rest_route=%2Fwp%2Fv2%2Fcomments&post=3771"}],"wp:featuredmedia":[{"embeddable":true,"href":"https:\/\/trenaferragens.com.br\/index.php?rest_route=\/wp\/v2\/media\/541"}],"wp:attachment":[{"href":"https:\/\/trenaferragens.com.br\/index.php?rest_route=%2Fwp%2Fv2%2Fmedia&parent=3771"}],"wp:term":[{"taxonomy":"product_cat","embeddable":true,"href":"https:\/\/trenaferragens.com.br\/index.php?rest_route=%2Fwp%2Fv2%2Fproduct_cat&post=3771"},{"taxonomy":"product_tag","embeddable":true,"href":"https:\/\/trenaferragens.com.br\/index.php?rest_route=%2Fwp%2Fv2%2Fproduct_tag&post=3771"}],"curies":[{"name":"wp","href":"https:\/\/api.w.org\/{rel}","templated":true}]}}