{"id":3775,"date":"2018-08-01T15:18:44","date_gmt":"2018-08-01T15:18:44","guid":{"rendered":"http:\/\/trenaferragens1.hospedagemdesites.ws\/produto\/import-placeholder-for-4812\/"},"modified":"2018-08-01T15:19:01","modified_gmt":"2018-08-01T15:19:01","slug":"tomadinha-p-fluorescente-nylon","status":"publish","type":"product","link":"https:\/\/trenaferragens.com.br\/?product=tomadinha-p-fluorescente-nylon","title":{"rendered":"Tomadinha P\/Fluorescente Nylon"},"content":{"rendered":"<p>Tomadinha P\/Fluorescente Nylon<\/p>\n<p>Linha de embutir elegante e econ\u00f4mica, com aplica\u00e7\u00e3o de parafusos externos.<\/p>\n<p>Sin\u00f4nimo de economia e qualidade, a Linha Stylus tem \u00f3timo acabamento, garantindo durabilidade sem perder a eleg\u00e2ncia.<br \/>\nDispon\u00edvel na cor branca, um cl\u00e1ssico que harmoniza com os mais diversos ambientes.<\/p>\n","protected":false},"excerpt":{"rendered":"<p>Tomadinha P\/Fluorescente Nylon<\/p>\n","protected":false},"featured_media":545,"comment_status":"closed","ping_status":"closed","template":"","meta":[],"product_cat":[194,308],"product_tag":[348],"_links":{"self":[{"href":"https:\/\/trenaferragens.com.br\/index.php?rest_route=\/wp\/v2\/product\/3775"}],"collection":[{"href":"https:\/\/trenaferragens.com.br\/index.php?rest_route=\/wp\/v2\/product"}],"about":[{"href":"https:\/\/trenaferragens.com.br\/index.php?rest_route=\/wp\/v2\/types\/product"}],"replies":[{"embeddable":true,"href":"https:\/\/trenaferragens.com.br\/index.php?rest_route=%2Fwp%2Fv2%2Fcomments&post=3775"}],"wp:featuredmedia":[{"embeddable":true,"href":"https:\/\/trenaferragens.com.br\/index.php?rest_route=\/wp\/v2\/media\/545"}],"wp:attachment":[{"href":"https:\/\/trenaferragens.com.br\/index.php?rest_route=%2Fwp%2Fv2%2Fmedia&parent=3775"}],"wp:term":[{"taxonomy":"product_cat","embeddable":true,"href":"https:\/\/trenaferragens.com.br\/index.php?rest_route=%2Fwp%2Fv2%2Fproduct_cat&post=3775"},{"taxonomy":"product_tag","embeddable":true,"href":"https:\/\/trenaferragens.com.br\/index.php?rest_route=%2Fwp%2Fv2%2Fproduct_tag&post=3775"}],"curies":[{"name":"wp","href":"https:\/\/api.w.org\/{rel}","templated":true}]}}