{"id":3778,"date":"2018-08-01T15:19:06","date_gmt":"2018-08-01T15:19:06","guid":{"rendered":"http:\/\/trenaferragens1.hospedagemdesites.ws\/produto\/import-placeholder-for-4822\/"},"modified":"2022-11-02T13:08:28","modified_gmt":"2022-11-02T13:08:28","slug":"oleo-anticorrosivo-m1-300ml","status":"publish","type":"product","link":"https:\/\/trenaferragens.com.br\/?product=oleo-anticorrosivo-m1-300ml","title":{"rendered":"\u00d3leo Anticorrosivo M1 300ML"},"content":{"rendered":"<p><span style=\"font-size: 14.4px;\">\u00d3leo Anticorrosivo M1 300ML<\/span><\/p>\n<p>STARRETT<\/p>\n<p>A Starrett, uma das maiores fabricantes de serras, ferramentas e instrumentos de medi\u00e7\u00e3o do mundo, iniciou sua opera\u00e7\u00e3o no Brasil em 1956. Sua primeira f\u00e1brica foi constru\u00edda na cidade de S\u00e3o Paulo e, depois, a planta industrial foi transferida para o interior, na cidade de Itu\/SP, onde continua at\u00e9 hoje produzindo ferramentas, serras e instrumentos de medi\u00e7\u00e3o.<\/p>\n<p>O hist\u00f3rico da Starrett teve in\u00edcio em 1878, quando Laroy S. Starrett inventou o esquadro combinado, que continua sendo uma das mais pr\u00e1ticas e vers\u00e1teis inven\u00e7\u00f5es em ferramentas de todo o mundo.<\/p>\n<p>Em 1880, foi constru\u00edda a primeira f\u00e1brica em Athol, Massachusetts nos Estados Unidos. Hoje, a Starrett conta com 09 f\u00e1bricas, sendo 06 nos Estados Unidos, 01 na Esc\u00f3cia, 01 na China e 01 em Itu, no Brasil.<\/p>\n<p>A empresa produz mais de cinco mil produtos, tais como l\u00e2minas de serras de fita para corte de metais, madeira e carne, ferramentas de precis\u00e3o e instrumentos de medi\u00e7\u00e3o.<\/p>\n<p>Os produtos Starrett s\u00e3o vendidos em mais de 100 pa\u00edses por meio de uma rede de distribuidores atendendo a uma variada gama de segmentos que vai desde ferramentas para a ind\u00fastria automobil\u00edstica, avia\u00e7\u00e3o, marinha, at\u00e9 equipamentos agr\u00edcolas, ferramentas para trabalhos manuais (fa\u00e7a voc\u00ea mesmo!) para construtores, carpinteiros, encanadores, eletricistas etc.<\/p>\n","protected":false},"excerpt":{"rendered":"<p>\u00d3leo Anticorrosivo M1 300ML<\/p>\n<p>A Starrett \u00e9 l\u00edder em instrumentos de medi\u00e7\u00e3o de alta precis\u00e3o. N\u00f3s usamos M1 em nossas \u00e1reas de fabrica\u00e7\u00e3o. Ele funciona, e funcionar\u00e1 com voc\u00ea tamb\u00e9m.<\/p>\n<p><strong>M1 \u00e9 o lubrificante de maior valia para o seu dinheiro. Ele seca e n\u00e3o atrai sujeira, poeira e outras impurezas, como fazem muitos lubrificantes famosos.<\/strong><\/p>\n<ul>\n<li>O M1 produz uma micropel\u00edcula \u00e0 prova de ar, que\u00a0seca e protege, evitando sujeira e encardimentos que outros lubrificantes \u201c\u00famidos\u201d normalmente atraem. M1 atua efetivamente sobre sujeira concentrada, removendo-a na limpeza dos metais.<\/li>\n<li>A lata vaporiza de cabe\u00e7a para baixo, em locais inc\u00f4modos, sem perder o poder propelente.<\/li>\n<li>Lubrifica: M1 n\u00e3o cont\u00e9m silicone, e se mant\u00e9m inalterado mesmo sob temperaturas elevadas. Excelente lubrificante, ideal em qualquer tempo.\u00a0\u00a0A grande capacidade de penetra\u00e7\u00e3o atua rapidamente, liberando porcas emperradas, prisioneiros e partes met\u00e1licas.<\/li>\n<li>Protege os metais contra ferrugem e danos causados pela corros\u00e3o, mantendo uma pel\u00edcula protetora que adere aos metais.<\/li>\n<li>Limpa: remove graxa, piche e encardimento das superf\u00edcies pintadas e partes met\u00e1licas. Limpa, d\u00e1 polimento e prote\u00e7\u00e3o duradoura.<\/li>\n<li>Elimina Rangidos: suas propriedades lubrificantes instant\u00e2neas se expandem para dentro daquelas partes de dif\u00edcil acesso, eliminando rangidos e ader\u00eancias.<\/li>\n<li>Remove Umidade: M1 n\u00e3o \u00e9 sol\u00favel em \u00e1gua; por isso ele se instala sob a umidade, retirando-a da superf\u00edcie a ser protegida.<\/li>\n<li>N\u00e3o Condutor: previne contra curtocircuitos em ambientes de intensa umidade, impedindo o desperd\u00edcio de eletricidade atrav\u00e9s de fios \u00famidos de igni\u00e7\u00e3o.<\/li>\n<li>Al\u00e9m da A\u00e7\u00e3o Instant\u00e2nea, M1 possui uma f\u00f3rmula exclusiva que n\u00e3o cont\u00e9m clorofluorcarbonetos nem detergentes nocivos ao meio ambiente. Na embalagem aerossol, M1 utiliza propelente que n\u00e3o ataca a camada de oz\u00f4nio. M1 \u00e9 prote\u00e7\u00e3o total.<\/li>\n<\/ul>\n<p><strong>Aplica\u00e7\u00f5es Industriais<br \/>\n<\/strong>As aplica\u00e7\u00f5es na ind\u00fastria s\u00e3o igualmente numerosas. Protege as superf\u00edcies de trabalho do maquin\u00e1rio; \u00e9 usado nos tanques onde as pe\u00e7as s\u00e3o mergulhadas durante o processo de produ\u00e7\u00e3o, protegendo-as; tamb\u00e9m \u00e9 aplicado sobre ferramentas armazenadas, como medida de preven\u00e7\u00e3o. M1 \u00e9 eficaz at\u00e9 mesmo em situa\u00e7\u00f5es de extrema corros\u00e3o, que destr\u00f3i equipamentos met\u00e1licos como rolos, cremalheiras, correias transportadoras etc, usados em ambientes mar\u00edtimos ou locais de processamento de alimentos.<br \/>\n<strong>Aplica\u00e7\u00f5es Universais<br \/>\n<\/strong>Use para secar sistemas de igni\u00e7\u00e3o de ve\u00edculos quando molhados. Excelente nos patins e bicicletas. Ideal para corredi\u00e7as de gavetas e batentes de janelas. Remove piche de para-choques de ve\u00edculos e superf\u00edcies pintadas. Pode tamb\u00e9m ser facilmente removido das superf\u00edcies antes da aplica\u00e7\u00e3o de pintura. Usado em ferramentas, dobradi\u00e7as, dispositivos, armas, facas, molinetes, travas e assim por diante.<\/p>\n","protected":false},"featured_media":548,"comment_status":"open","ping_status":"closed","template":"","meta":[],"product_cat":[1855,189],"product_tag":[351],"_links":{"self":[{"href":"https:\/\/trenaferragens.com.br\/index.php?rest_route=\/wp\/v2\/product\/3778"}],"collection":[{"href":"https:\/\/trenaferragens.com.br\/index.php?rest_route=\/wp\/v2\/product"}],"about":[{"href":"https:\/\/trenaferragens.com.br\/index.php?rest_route=\/wp\/v2\/types\/product"}],"replies":[{"embeddable":true,"href":"https:\/\/trenaferragens.com.br\/index.php?rest_route=%2Fwp%2Fv2%2Fcomments&post=3778"}],"wp:featuredmedia":[{"embeddable":true,"href":"https:\/\/trenaferragens.com.br\/index.php?rest_route=\/wp\/v2\/media\/548"}],"wp:attachment":[{"href":"https:\/\/trenaferragens.com.br\/index.php?rest_route=%2Fwp%2Fv2%2Fmedia&parent=3778"}],"wp:term":[{"taxonomy":"product_cat","embeddable":true,"href":"https:\/\/trenaferragens.com.br\/index.php?rest_route=%2Fwp%2Fv2%2Fproduct_cat&post=3778"},{"taxonomy":"product_tag","embeddable":true,"href":"https:\/\/trenaferragens.com.br\/index.php?rest_route=%2Fwp%2Fv2%2Fproduct_tag&post=3778"}],"curies":[{"name":"wp","href":"https:\/\/api.w.org\/{rel}","templated":true}]}}