{"id":3779,"date":"2018-08-01T15:19:07","date_gmt":"2018-08-01T15:19:07","guid":{"rendered":"http:\/\/trenaferragens1.hospedagemdesites.ws\/produto\/import-placeholder-for-4824\/"},"modified":"2018-08-01T15:19:22","modified_gmt":"2018-08-01T15:19:22","slug":"tomada-c-placa-pialplus","status":"publish","type":"product","link":"https:\/\/trenaferragens.com.br\/?product=tomada-c-placa-pialplus","title":{"rendered":"Tomada C\/Placa Pialplus"},"content":{"rendered":"<p>Tomada C\/Placa Pialplus<\/p>\n<p>PIAL-LEGRAND<\/p>\n<p>O Grupo Legrand Brasil est\u00e1 consolidado por marcas de refer\u00eancia mundial e regional como Legrand, Bticino, HDL, Lorenzetti Materiais El\u00e9tricos, SMS e Daneva, al\u00e9m das linhas de produtos Pial, Cemar e Cablofil. Nossas marcas e produtos comp\u00f4em coerentes sistemas que incorporam as mais recentes inova\u00e7\u00f5es tecnol\u00f3gicas para oferecer melhorias de conforto, seguran\u00e7a e comunica\u00e7\u00e3o para todos os tipos de projetos.<\/p>\n<p><strong>Solu\u00e7\u00f5es para o conforto, efici\u00eancia energ\u00e9tica, comunica\u00e7\u00e3o, gest\u00e3o de seguran\u00e7a e controle da instala\u00e7\u00e3o: interruptores e tomadas, sistema de automa\u00e7\u00e3o residencial, interfonia, circuito fechado de televis\u00e3o e sistema de alarme antifurto.<\/strong><\/p>\n<p>Linha Pialplus: Refer\u00eancia em o todo mercado. Agrega originalidade aos seus projetos com simplicidade e modularidade.<\/p>\n<p>PENSANDO SEMPRE EM SATISFAZER AS SUAS NECESSIDADES, OFERECEMOS LINHAS ESPEC\u00cdFICAS DE INTERRUPTORES E TOMADAS.<\/p>\n","protected":false},"excerpt":{"rendered":"<p>Tomada C\/Placa Pialplus<\/p>\n<p>DISPON\u00cdVEL NAS OP\u00c7\u00d5ES<\/p>\n<p>Tomada C\/Placa Pialplus 10A<\/p>\n<p>Tomada C\/Placa Pialplus 20A<\/p>\n","protected":false},"featured_media":549,"comment_status":"open","ping_status":"closed","template":"","meta":[],"product_cat":[194,306],"product_tag":[352],"_links":{"self":[{"href":"https:\/\/trenaferragens.com.br\/index.php?rest_route=\/wp\/v2\/product\/3779"}],"collection":[{"href":"https:\/\/trenaferragens.com.br\/index.php?rest_route=\/wp\/v2\/product"}],"about":[{"href":"https:\/\/trenaferragens.com.br\/index.php?rest_route=\/wp\/v2\/types\/product"}],"replies":[{"embeddable":true,"href":"https:\/\/trenaferragens.com.br\/index.php?rest_route=%2Fwp%2Fv2%2Fcomments&post=3779"}],"wp:featuredmedia":[{"embeddable":true,"href":"https:\/\/trenaferragens.com.br\/index.php?rest_route=\/wp\/v2\/media\/549"}],"wp:attachment":[{"href":"https:\/\/trenaferragens.com.br\/index.php?rest_route=%2Fwp%2Fv2%2Fmedia&parent=3779"}],"wp:term":[{"taxonomy":"product_cat","embeddable":true,"href":"https:\/\/trenaferragens.com.br\/index.php?rest_route=%2Fwp%2Fv2%2Fproduct_cat&post=3779"},{"taxonomy":"product_tag","embeddable":true,"href":"https:\/\/trenaferragens.com.br\/index.php?rest_route=%2Fwp%2Fv2%2Fproduct_tag&post=3779"}],"curies":[{"name":"wp","href":"https:\/\/api.w.org\/{rel}","templated":true}]}}