{"id":3806,"date":"2018-08-01T15:19:19","date_gmt":"2018-08-01T15:19:19","guid":{"rendered":"http:\/\/trenaferragens1.hospedagemdesites.ws\/produto\/import-placeholder-for-4891\/"},"modified":"2018-08-01T15:20:01","modified_gmt":"2018-08-01T15:20:01","slug":"luva-macho-femea","status":"publish","type":"product","link":"https:\/\/trenaferragens.com.br\/?product=luva-macho-femea","title":{"rendered":"Luva Macho\/F\u00eamea"},"content":{"rendered":"<p>Luva Macho\/F\u00eamea<\/p>\n<p>A TUPY fabrica a mais completa linha de Conex\u00f5es de ferro male\u00e1vel, utilizadas na condu\u00e7\u00e3o de l\u00edquidos, gases e vapores, para uso residencial, predial e industrial.<\/p>\n<p>As conex\u00f5es TUPY, com roscas BSP e NPT, s\u00e3o produzidas com diversos acabamentos de superf\u00edcie e em conformidade com as normas nacionais e internacionais. Al\u00e9m de ocuparem posi\u00e7\u00e3o de lideran\u00e7a no mercado brasileiro, s\u00e3o exportadas para todos os continentes, garantindo aplica\u00e7\u00f5es duradouras nas mais diversas condi\u00e7\u00f5es de uso.<\/p>\n<p>As conex\u00f5es TUPY chegam ao mercado por meio de grandes atacadistas de material para ind\u00fastrias, dep\u00f3sitos de material de constru\u00e7\u00e3o, lojas de material de acabamento, com\u00e9rcio especializado em hidr\u00e1ulica e redes de auto-servi\u00e7o.<\/p>\n","protected":false},"excerpt":{"rendered":"<p>DISPON\u00cdVEL NOS TAMANHOS:<\/p>\n<p>Luva Macho\/F\u00eamea 1\/2<\/p>\n<p>Luva Macho\/F\u00eamea 3\/4<\/p>\n<p>Luva Macho\/F\u00eamea Longa 1\/2<\/p>\n<p>Luva Macho\/F\u00eamea Longa 3\/4<\/p>\n","protected":false},"featured_media":613,"comment_status":"open","ping_status":"closed","template":"","meta":[],"product_cat":[186,290],"product_tag":[379],"_links":{"self":[{"href":"https:\/\/trenaferragens.com.br\/index.php?rest_route=\/wp\/v2\/product\/3806"}],"collection":[{"href":"https:\/\/trenaferragens.com.br\/index.php?rest_route=\/wp\/v2\/product"}],"about":[{"href":"https:\/\/trenaferragens.com.br\/index.php?rest_route=\/wp\/v2\/types\/product"}],"replies":[{"embeddable":true,"href":"https:\/\/trenaferragens.com.br\/index.php?rest_route=%2Fwp%2Fv2%2Fcomments&post=3806"}],"wp:featuredmedia":[{"embeddable":true,"href":"https:\/\/trenaferragens.com.br\/index.php?rest_route=\/wp\/v2\/media\/613"}],"wp:attachment":[{"href":"https:\/\/trenaferragens.com.br\/index.php?rest_route=%2Fwp%2Fv2%2Fmedia&parent=3806"}],"wp:term":[{"taxonomy":"product_cat","embeddable":true,"href":"https:\/\/trenaferragens.com.br\/index.php?rest_route=%2Fwp%2Fv2%2Fproduct_cat&post=3806"},{"taxonomy":"product_tag","embeddable":true,"href":"https:\/\/trenaferragens.com.br\/index.php?rest_route=%2Fwp%2Fv2%2Fproduct_tag&post=3806"}],"curies":[{"name":"wp","href":"https:\/\/api.w.org\/{rel}","templated":true}]}}