{"id":3813,"date":"2018-08-01T15:19:45","date_gmt":"2018-08-01T15:19:45","guid":{"rendered":"http:\/\/trenaferragens1.hospedagemdesites.ws\/produto\/import-placeholder-for-4908\/"},"modified":"2018-08-01T15:20:06","modified_gmt":"2018-08-01T15:20:06","slug":"alpex-gas-adaptador-fixo-femea","status":"publish","type":"product","link":"https:\/\/trenaferragens.com.br\/?product=alpex-gas-adaptador-fixo-femea","title":{"rendered":"Alpex G\u00e1s Adaptador Fixo F\u00eamea"},"content":{"rendered":"<p>Alpex G\u00e1s Adaptador Fixo F\u00eamea<\/p>\n<p><span style=\"font-size: 14.4px;\">A Tigre Tubos e Conex\u00f5es oferta solu\u00e7\u00f5es recheadas de inova\u00e7\u00e3o e qualidade. A empresa possui linhas para os segmentos Predial, Industrial, Infraestrutura e Irriga\u00e7\u00e3o. S\u00e3o linhas completas, com produtos de excelente durabilidade, que garantem total tranquilidade na hora de construir ou reformar.<\/span><\/p>\n<div class=\"product-section\"><\/div>\n","protected":false},"excerpt":{"rendered":"<p>Alpex G\u00e1s Adaptador Fixo F\u00eamea<\/p>\n<p>DISPON\u00cdVEL NOS TAMANHOS:<\/p>\n<p>Alpex G\u00e1s Adaptador Fixo F\u00eamea 20 1\/2<\/p>\n<p>Alpex G\u00e1s Adaptador Fixo F\u00eamea 20 3\/4<\/p>\n<p>Alpex G\u00e1s Adaptador Fixo F\u00eamea 26 3\/4<\/p>\n<p>&nbsp;<\/p>\n<p>&nbsp;<\/p>\n","protected":false},"featured_media":620,"comment_status":"open","ping_status":"closed","template":"","meta":[],"product_cat":[300,186],"product_tag":[387],"_links":{"self":[{"href":"https:\/\/trenaferragens.com.br\/index.php?rest_route=\/wp\/v2\/product\/3813"}],"collection":[{"href":"https:\/\/trenaferragens.com.br\/index.php?rest_route=\/wp\/v2\/product"}],"about":[{"href":"https:\/\/trenaferragens.com.br\/index.php?rest_route=\/wp\/v2\/types\/product"}],"replies":[{"embeddable":true,"href":"https:\/\/trenaferragens.com.br\/index.php?rest_route=%2Fwp%2Fv2%2Fcomments&post=3813"}],"wp:featuredmedia":[{"embeddable":true,"href":"https:\/\/trenaferragens.com.br\/index.php?rest_route=\/wp\/v2\/media\/620"}],"wp:attachment":[{"href":"https:\/\/trenaferragens.com.br\/index.php?rest_route=%2Fwp%2Fv2%2Fmedia&parent=3813"}],"wp:term":[{"taxonomy":"product_cat","embeddable":true,"href":"https:\/\/trenaferragens.com.br\/index.php?rest_route=%2Fwp%2Fv2%2Fproduct_cat&post=3813"},{"taxonomy":"product_tag","embeddable":true,"href":"https:\/\/trenaferragens.com.br\/index.php?rest_route=%2Fwp%2Fv2%2Fproduct_tag&post=3813"}],"curies":[{"name":"wp","href":"https:\/\/api.w.org\/{rel}","templated":true}]}}