{"id":3834,"date":"2018-08-01T15:20:00","date_gmt":"2018-08-01T15:20:00","guid":{"rendered":"http:\/\/trenaferragens1.hospedagemdesites.ws\/produto\/import-placeholder-for-4953\/"},"modified":"2018-08-01T15:20:17","modified_gmt":"2018-08-01T15:20:17","slug":"caixa-descarga-plena-s-rabicho","status":"publish","type":"product","link":"https:\/\/trenaferragens.com.br\/?product=caixa-descarga-plena-s-rabicho","title":{"rendered":"Caixa Descarga Plena S\/Rabicho"},"content":{"rendered":"<p>Caixa Descarga Plena S\/Rabicho<\/p>\n<div class=\"product-section\">\n<div class=\"row\">\n<div class=\"large-10 col pb-0 mb-0\">\n<div class=\"panel entry-content\">\n<p>A Tigre Tubos e Conex\u00f5es oferta solu\u00e7\u00f5es recheadas de inova\u00e7\u00e3o e qualidade. A empresa possui linhas para os segmentos Predial, Industrial, Infraestrutura e Irriga\u00e7\u00e3o. S\u00e3o linhas completas, com produtos de excelente durabilidade, que garantem total tranquilidade na hora de construir ou reformar.<\/p>\n<\/div>\n<\/div>\n<\/div>\n<\/div>\n<div class=\"product-section\"><\/div>\n","protected":false},"excerpt":{"rendered":"<p>Caixa Descarga Plena S\/Rabicho<\/p>\n<p>DISPON\u00cdVEL NAS CORES:<\/p>\n<p>Caixa Descarga Plena S\/Rabicho<\/p>\n<p>BEGE, BRANCO, CARAMELO, CINZA E CINZA 100.<\/p>\n<h4 class=\"h4\">BENEF\u00cdCIOS<\/h4>\n<p>Economia de \u00e1gua &#8211; m\u00e1ximo de 9 litros a cada descarga, podendo ser\u00a0regulado para 6,8 litros.<\/p>\n<p>Estanqueidade do sistema garantida;<\/p>\n<p>Facilidade de regulagem do volume de \u00e1gua atrav\u00e9s da torneira boia;<\/p>\n<p>Garantia de limpeza do vaso;<\/p>\n<p>Instala\u00e7\u00e3o facilitada &#8211; vem com r\u00e9gua para posicionamento da caixa;<\/p>\n<p>Simplifica\u00e7\u00e3o e praticidade de instala\u00e7\u00e3o pelo simples encaixe dos componentes;<\/p>\n<p>Facilidade de limpeza &#8211; superf\u00edcies lisas.<\/p>\n","protected":false},"featured_media":656,"comment_status":"open","ping_status":"closed","template":"","meta":[],"product_cat":[168,300],"product_tag":[408],"_links":{"self":[{"href":"https:\/\/trenaferragens.com.br\/index.php?rest_route=\/wp\/v2\/product\/3834"}],"collection":[{"href":"https:\/\/trenaferragens.com.br\/index.php?rest_route=\/wp\/v2\/product"}],"about":[{"href":"https:\/\/trenaferragens.com.br\/index.php?rest_route=\/wp\/v2\/types\/product"}],"replies":[{"embeddable":true,"href":"https:\/\/trenaferragens.com.br\/index.php?rest_route=%2Fwp%2Fv2%2Fcomments&post=3834"}],"wp:featuredmedia":[{"embeddable":true,"href":"https:\/\/trenaferragens.com.br\/index.php?rest_route=\/wp\/v2\/media\/656"}],"wp:attachment":[{"href":"https:\/\/trenaferragens.com.br\/index.php?rest_route=%2Fwp%2Fv2%2Fmedia&parent=3834"}],"wp:term":[{"taxonomy":"product_cat","embeddable":true,"href":"https:\/\/trenaferragens.com.br\/index.php?rest_route=%2Fwp%2Fv2%2Fproduct_cat&post=3834"},{"taxonomy":"product_tag","embeddable":true,"href":"https:\/\/trenaferragens.com.br\/index.php?rest_route=%2Fwp%2Fv2%2Fproduct_tag&post=3834"}],"curies":[{"name":"wp","href":"https:\/\/api.w.org\/{rel}","templated":true}]}}