{"id":3846,"date":"2018-08-01T15:20:28","date_gmt":"2018-08-01T15:20:28","guid":{"rendered":"http:\/\/trenaferragens1.hospedagemdesites.ws\/produto\/import-placeholder-for-4981\/"},"modified":"2018-08-01T15:20:48","modified_gmt":"2018-08-01T15:20:48","slug":"condulete-top-pvc-caixa-6-entradas","status":"publish","type":"product","link":"https:\/\/trenaferragens.com.br\/?product=condulete-top-pvc-caixa-6-entradas","title":{"rendered":"Condulete Top PVC Caixa 6 Entradas"},"content":{"rendered":"<p>Condulete Top PVC Caixa 6 Entradas<\/p>\n<div class=\"product-section\">\n<div class=\"row\">\n<div class=\"large-10 col pb-0 mb-0\">\n<div class=\"panel entry-content\">\n<div class=\"product-section\">\n<div class=\"row\">\n<div class=\"large-10 col pb-0 mb-0\">\n<div class=\"panel entry-content\">\n<p>A Tigre Tubos e Conex\u00f5es oferta solu\u00e7\u00f5es recheadas de inova\u00e7\u00e3o e qualidade. A empresa possui linhas para os segmentos Predial, Industrial, Infraestrutura e Irriga\u00e7\u00e3o. S\u00e3o linhas completas, com produtos de excelente durabilidade, que garantem total tranquilidade na hora de construir ou reformar.<\/p>\n<\/div>\n<\/div>\n<\/div>\n<\/div>\n<\/div>\n<\/div>\n<\/div>\n<\/div>\n<div class=\"product-section\"><\/div>\n","protected":false},"excerpt":{"rendered":"<p>Condulete Top PVC Caixa 6 Entradas<\/p>\n<p>&nbsp;<\/p>\n","protected":false},"featured_media":688,"comment_status":"open","ping_status":"closed","template":"","meta":[],"product_cat":[194,300],"product_tag":[421],"_links":{"self":[{"href":"https:\/\/trenaferragens.com.br\/index.php?rest_route=\/wp\/v2\/product\/3846"}],"collection":[{"href":"https:\/\/trenaferragens.com.br\/index.php?rest_route=\/wp\/v2\/product"}],"about":[{"href":"https:\/\/trenaferragens.com.br\/index.php?rest_route=\/wp\/v2\/types\/product"}],"replies":[{"embeddable":true,"href":"https:\/\/trenaferragens.com.br\/index.php?rest_route=%2Fwp%2Fv2%2Fcomments&post=3846"}],"wp:featuredmedia":[{"embeddable":true,"href":"https:\/\/trenaferragens.com.br\/index.php?rest_route=\/wp\/v2\/media\/688"}],"wp:attachment":[{"href":"https:\/\/trenaferragens.com.br\/index.php?rest_route=%2Fwp%2Fv2%2Fmedia&parent=3846"}],"wp:term":[{"taxonomy":"product_cat","embeddable":true,"href":"https:\/\/trenaferragens.com.br\/index.php?rest_route=%2Fwp%2Fv2%2Fproduct_cat&post=3846"},{"taxonomy":"product_tag","embeddable":true,"href":"https:\/\/trenaferragens.com.br\/index.php?rest_route=%2Fwp%2Fv2%2Fproduct_tag&post=3846"}],"curies":[{"name":"wp","href":"https:\/\/api.w.org\/{rel}","templated":true}]}}