{"id":3861,"date":"2018-08-01T15:20:36","date_gmt":"2018-08-01T15:20:36","guid":{"rendered":"http:\/\/trenaferragens1.hospedagemdesites.ws\/produto\/import-placeholder-for-5013\/"},"modified":"2018-08-01T15:21:23","modified_gmt":"2018-08-01T15:21:23","slug":"fita-isolante-tigre-profissional-20m","status":"publish","type":"product","link":"https:\/\/trenaferragens.com.br\/?product=fita-isolante-tigre-profissional-20m","title":{"rendered":"Fita Isolante Tigre (Profissional) 20M"},"content":{"rendered":"<p>Fita Isolante Tigre (Profissional) 20M<\/p>\n<p>A Tigre Tubos e Conex\u00f5es oferta solu\u00e7\u00f5es recheadas de inova\u00e7\u00e3o e qualidade. A empresa possui linhas para os segmentos Predial, Industrial, Infraestrutura e Irriga\u00e7\u00e3o. S\u00e3o linhas completas, com produtos de excelente durabilidade, que garantem total tranquilidade na hora de construir ou reformar.<\/p>\n","protected":false},"excerpt":{"rendered":"<p>Fita Isolante Tigre (Profissional) 20M<\/p>\n<h4 class=\"h4\">BENEF\u00cdCIOS<\/h4>\n<p>&#8211; Seguran\u00e7a &#8211;\u00a0Produto normatizado com certifica\u00e7\u00e3o em padr\u00f5es nacionais e internacionais. Filme em PVC n\u00e3o propaga chamas. Alta rigidez diel\u00e9trica: suporta varia\u00e7\u00f5es de tens\u00e3o;<\/p>\n<p>&#8211; F\u00e1cil Instala\u00e7\u00e3o &#8211;\u00a0Flexibilidade da fita garante um bom manuseio nas diversas condi\u00e7\u00f5es de uso;<\/p>\n<p>&#8211; Maior Ader\u00eancia &#8211;\u00a0F\u00f3rmula especial garante boa fixa\u00e7\u00e3o ao longo do tempo;<\/p>\n<p>&#8211; Resist\u00eancia &#8211;\u00a0Dorso vin\u00edlico com excelente resist\u00eancia mec\u00e2nica.<\/p>\n","protected":false},"featured_media":724,"comment_status":"open","ping_status":"closed","template":"","meta":[],"product_cat":[168,300],"product_tag":[436],"_links":{"self":[{"href":"https:\/\/trenaferragens.com.br\/index.php?rest_route=\/wp\/v2\/product\/3861"}],"collection":[{"href":"https:\/\/trenaferragens.com.br\/index.php?rest_route=\/wp\/v2\/product"}],"about":[{"href":"https:\/\/trenaferragens.com.br\/index.php?rest_route=\/wp\/v2\/types\/product"}],"replies":[{"embeddable":true,"href":"https:\/\/trenaferragens.com.br\/index.php?rest_route=%2Fwp%2Fv2%2Fcomments&post=3861"}],"wp:featuredmedia":[{"embeddable":true,"href":"https:\/\/trenaferragens.com.br\/index.php?rest_route=\/wp\/v2\/media\/724"}],"wp:attachment":[{"href":"https:\/\/trenaferragens.com.br\/index.php?rest_route=%2Fwp%2Fv2%2Fmedia&parent=3861"}],"wp:term":[{"taxonomy":"product_cat","embeddable":true,"href":"https:\/\/trenaferragens.com.br\/index.php?rest_route=%2Fwp%2Fv2%2Fproduct_cat&post=3861"},{"taxonomy":"product_tag","embeddable":true,"href":"https:\/\/trenaferragens.com.br\/index.php?rest_route=%2Fwp%2Fv2%2Fproduct_tag&post=3861"}],"curies":[{"name":"wp","href":"https:\/\/api.w.org\/{rel}","templated":true}]}}