{"id":3862,"date":"2018-08-01T15:20:37","date_gmt":"2018-08-01T15:20:37","guid":{"rendered":"http:\/\/trenaferragens1.hospedagemdesites.ws\/produto\/import-placeholder-for-5015\/"},"modified":"2018-08-01T15:21:24","modified_gmt":"2018-08-01T15:21:24","slug":"fita-veda-rosca-tigre","status":"publish","type":"product","link":"https:\/\/trenaferragens.com.br\/?product=fita-veda-rosca-tigre","title":{"rendered":"Fita Veda Rosca Tigre"},"content":{"rendered":"<p>Fita Veda Rosca Tigre<\/p>\n<p>A Tigre Tubos e Conex\u00f5es oferta solu\u00e7\u00f5es recheadas de inova\u00e7\u00e3o e qualidade. A empresa possui linhas para os segmentos Predial, Industrial, Infraestrutura e Irriga\u00e7\u00e3o. S\u00e3o linhas completas, com produtos de excelente durabilidade, que garantem total tranquilidade na hora de construir ou reformar.<\/p>\n","protected":false},"excerpt":{"rendered":"[embed]https:\/\/youtu.be\/QCXVDE5zJAc[\/embed]\n<p>Fita Veda Rosca Tigre<\/p>\n<p>DISPON\u00cdVEL NOS TAMANHOS:<\/p>\n<p>Fita Veda Rosca Tigre 10MT<\/p>\n<p>Fita Veda Rosca Tigre 25MT<\/p>\n<p>Fita Veda Rosca Tigre 50MT<\/p>\n<p>&nbsp;<\/p>\n<h4 class=\"h4\">BENEF\u00cdCIOS<\/h4>\n<p>&#8211; Veda\u00e7\u00e3o completa e maior resist\u00eancia nas juntas;<\/p>\n<p>&#8211; F\u00e1cil aplica\u00e7\u00e3o;<\/p>\n<p>&#8211; Facilidade na desmontagem das juntas para uma eventual manuten\u00e7\u00e3o;<\/p>\n<p>&#8211; Prote\u00e7\u00e3o contra oxida\u00e7\u00f5es, ferrugens e engripamentos.<\/p>\n","protected":false},"featured_media":725,"comment_status":"open","ping_status":"closed","template":"","meta":[],"product_cat":[168,300],"product_tag":[437],"_links":{"self":[{"href":"https:\/\/trenaferragens.com.br\/index.php?rest_route=\/wp\/v2\/product\/3862"}],"collection":[{"href":"https:\/\/trenaferragens.com.br\/index.php?rest_route=\/wp\/v2\/product"}],"about":[{"href":"https:\/\/trenaferragens.com.br\/index.php?rest_route=\/wp\/v2\/types\/product"}],"replies":[{"embeddable":true,"href":"https:\/\/trenaferragens.com.br\/index.php?rest_route=%2Fwp%2Fv2%2Fcomments&post=3862"}],"wp:featuredmedia":[{"embeddable":true,"href":"https:\/\/trenaferragens.com.br\/index.php?rest_route=\/wp\/v2\/media\/725"}],"wp:attachment":[{"href":"https:\/\/trenaferragens.com.br\/index.php?rest_route=%2Fwp%2Fv2%2Fmedia&parent=3862"}],"wp:term":[{"taxonomy":"product_cat","embeddable":true,"href":"https:\/\/trenaferragens.com.br\/index.php?rest_route=%2Fwp%2Fv2%2Fproduct_cat&post=3862"},{"taxonomy":"product_tag","embeddable":true,"href":"https:\/\/trenaferragens.com.br\/index.php?rest_route=%2Fwp%2Fv2%2Fproduct_tag&post=3862"}],"curies":[{"name":"wp","href":"https:\/\/api.w.org\/{rel}","templated":true}]}}