{"id":3863,"date":"2018-08-01T15:20:38","date_gmt":"2018-08-01T15:20:38","guid":{"rendered":"http:\/\/trenaferragens1.hospedagemdesites.ws\/produto\/import-placeholder-for-5017\/"},"modified":"2018-08-01T15:21:25","modified_gmt":"2018-08-01T15:21:25","slug":"fixador-dryfix-eletrica","status":"publish","type":"product","link":"https:\/\/trenaferragens.com.br\/?product=fixador-dryfix-eletrica","title":{"rendered":"Fixador Dryfix El\u00e9trica"},"content":{"rendered":"<p>Fixador Dryfix El\u00e9trica<\/p>\n<p>A Tigre Tubos e Conex\u00f5es oferta solu\u00e7\u00f5es recheadas de inova\u00e7\u00e3o e qualidade. A empresa possui linhas para os segmentos Predial, Industrial, Infraestrutura e Irriga\u00e7\u00e3o. S\u00e3o linhas completas, com produtos de excelente durabilidade, que garantem total tranquilidade na hora de construir ou reformar.<\/p>\n","protected":false},"excerpt":{"rendered":"<p>Fixador Dryfix El\u00e9trica<\/p>\n<p>DISPON\u00cdVEL NOS TAMANHOS:<\/p>\n<p>Fixador Dryfix El\u00e9trica 20MM<\/p>\n<p>Fixador Dryfix El\u00e9trica 25MM<\/p>\n<p>&nbsp;<\/p>\n<p>BENEF\u00cdCIOS<\/p>\n<p>Elevada resist\u00eancia a impactos<\/p>\n<p>Facilidade de aquisi\u00e7\u00e3o<\/p>\n<p>F\u00e1cil instala\u00e7\u00e3o<\/p>\n<p>Maior produtividade:<\/p>\n<p>Estanqueidade garantida:<\/p>\n<p>Melhor desempenho hidr\u00e1ulico<\/p>\n<p>Intercambialidade problema de falta do anel no canteiro de obras.<\/p>\n<p>Manuten\u00e7\u00e3o facilitada<\/p>\n<p>CARACTER\u00cdSTICAS<\/p>\n<p>Mat\u00e9ria-prima: PVC sigma 12 com composto modifi cador de impacto;<\/p>\n<p>Cor: azul;<\/p>\n<p>Press\u00e3o de servi\u00e7o: 1 MPa ou 100 m.c.a. a 20\u00baC (nominal);<\/p>\n<p>Compat\u00edvel com as conex\u00f5es de ferro fundido (di\u00e2metro equivalente);<\/p>\n<p>Tubos com sistema JEI (junta el\u00e1stica integrada)<\/p>\n<p>Classe de rigidez de 16000 Pa.<\/p>\n","protected":false},"featured_media":726,"comment_status":"open","ping_status":"closed","template":"","meta":[],"product_cat":[168,300],"product_tag":[438],"_links":{"self":[{"href":"https:\/\/trenaferragens.com.br\/index.php?rest_route=\/wp\/v2\/product\/3863"}],"collection":[{"href":"https:\/\/trenaferragens.com.br\/index.php?rest_route=\/wp\/v2\/product"}],"about":[{"href":"https:\/\/trenaferragens.com.br\/index.php?rest_route=\/wp\/v2\/types\/product"}],"replies":[{"embeddable":true,"href":"https:\/\/trenaferragens.com.br\/index.php?rest_route=%2Fwp%2Fv2%2Fcomments&post=3863"}],"wp:featuredmedia":[{"embeddable":true,"href":"https:\/\/trenaferragens.com.br\/index.php?rest_route=\/wp\/v2\/media\/726"}],"wp:attachment":[{"href":"https:\/\/trenaferragens.com.br\/index.php?rest_route=%2Fwp%2Fv2%2Fmedia&parent=3863"}],"wp:term":[{"taxonomy":"product_cat","embeddable":true,"href":"https:\/\/trenaferragens.com.br\/index.php?rest_route=%2Fwp%2Fv2%2Fproduct_cat&post=3863"},{"taxonomy":"product_tag","embeddable":true,"href":"https:\/\/trenaferragens.com.br\/index.php?rest_route=%2Fwp%2Fv2%2Fproduct_tag&post=3863"}],"curies":[{"name":"wp","href":"https:\/\/api.w.org\/{rel}","templated":true}]}}