{"id":3887,"date":"2018-08-01T15:21:18","date_gmt":"2018-08-01T15:21:18","guid":{"rendered":"http:\/\/trenaferragens1.hospedagemdesites.ws\/produto\/import-placeholder-for-5060\/"},"modified":"2018-08-01T15:21:36","modified_gmt":"2018-08-01T15:21:36","slug":"tubo-ppr-pn-20","status":"publish","type":"product","link":"https:\/\/trenaferragens.com.br\/?product=tubo-ppr-pn-20","title":{"rendered":"Tubo PPR PN 20"},"content":{"rendered":"<p>Tubo PPR PN 20<\/p>\n<p>A Tigre Tubos e Conex\u00f5es oferta solu\u00e7\u00f5es recheadas de inova\u00e7\u00e3o e qualidade. A empresa possui linhas para os segmentos Predial, Industrial, Infraestrutura e Irriga\u00e7\u00e3o. S\u00e3o linhas completas, com produtos de excelente durabilidade, que garantem total tranquilidade na hora de construir ou reformar.<\/p>\n","protected":false},"excerpt":{"rendered":"<p>Tubo PPR PN 20<\/p>\n<p>DISPON\u00cdVEL NOS TAMANHOS:<\/p>\n<p>Tubo PPR PN 20 &#8211; 25MM<\/p>\n<p>Tubo PPR PN 20 &#8211; 32MM<\/p>\n<p>Tubo PPR PN 20 &#8211; 40MM<\/p>\n<p>Tubo PPR PN 20 &#8211; 50MM<\/p>\n<p>Tubo PPR PN 20 &#8211; 63MM<\/p>\n<p>Tubo PPR PN 20 &#8211; 75MM<\/p>\n<p>Tubo PPR PN 20 &#8211; 90MM<\/p>\n<p>Tubo PPR PN 20 &#8211; 110MM<\/p>\n","protected":false},"featured_media":769,"comment_status":"open","ping_status":"closed","template":"","meta":[],"product_cat":[300,186],"product_tag":[459],"_links":{"self":[{"href":"https:\/\/trenaferragens.com.br\/index.php?rest_route=\/wp\/v2\/product\/3887"}],"collection":[{"href":"https:\/\/trenaferragens.com.br\/index.php?rest_route=\/wp\/v2\/product"}],"about":[{"href":"https:\/\/trenaferragens.com.br\/index.php?rest_route=\/wp\/v2\/types\/product"}],"replies":[{"embeddable":true,"href":"https:\/\/trenaferragens.com.br\/index.php?rest_route=%2Fwp%2Fv2%2Fcomments&post=3887"}],"wp:featuredmedia":[{"embeddable":true,"href":"https:\/\/trenaferragens.com.br\/index.php?rest_route=\/wp\/v2\/media\/769"}],"wp:attachment":[{"href":"https:\/\/trenaferragens.com.br\/index.php?rest_route=%2Fwp%2Fv2%2Fmedia&parent=3887"}],"wp:term":[{"taxonomy":"product_cat","embeddable":true,"href":"https:\/\/trenaferragens.com.br\/index.php?rest_route=%2Fwp%2Fv2%2Fproduct_cat&post=3887"},{"taxonomy":"product_tag","embeddable":true,"href":"https:\/\/trenaferragens.com.br\/index.php?rest_route=%2Fwp%2Fv2%2Fproduct_tag&post=3887"}],"curies":[{"name":"wp","href":"https:\/\/api.w.org\/{rel}","templated":true}]}}