{"id":3890,"date":"2018-08-01T15:21:20","date_gmt":"2018-08-01T15:21:20","guid":{"rendered":"http:\/\/trenaferragens1.hospedagemdesites.ws\/produto\/import-placeholder-for-5066\/"},"modified":"2018-08-01T15:21:38","modified_gmt":"2018-08-01T15:21:38","slug":"rabicho-pvc","status":"publish","type":"product","link":"https:\/\/trenaferragens.com.br\/?product=rabicho-pvc","title":{"rendered":"Rabicho PVC"},"content":{"rendered":"<p>Rabicho PVC<\/p>\n<p>A Tigre Tubos e Conex\u00f5es oferta solu\u00e7\u00f5es recheadas de inova\u00e7\u00e3o e qualidade. A empresa possui linhas para os segmentos Predial, Industrial, Infraestrutura e Irriga\u00e7\u00e3o. S\u00e3o linhas completas, com produtos de excelente durabilidade, que garantem total tranquilidade na hora de construir ou reformar.<\/p>\n","protected":false},"excerpt":{"rendered":"<p>Rabicho PVC<\/p>\n<p>DISPON\u00cdVEL NOS TAMANHOS:<\/p>\n<p>Rabicho PVC 30CM<\/p>\n<p>Rabicho PVC 40CM<\/p>\n<p>Rabicho PVC 50CM<\/p>\n<p>Rabicho PVC 60CM<\/p>\n<h4 class=\"h4\">BENEF\u00cdCIOS<\/h4>\n<p>&#8211; Maior flexibilidade que garante f\u00e1cil instala\u00e7\u00e3o;<\/p>\n<p>&#8211; Espig\u00e3o com exclusivo encaixe para o anel de veda\u00e7\u00e3o, que evita sua perda durante a instala\u00e7\u00e3o;<\/p>\n<p>&#8211; Acabamento perfeito e de f\u00e1cil limpeza;<\/p>\n<p>&#8211; Resistente \u00e0 corros\u00e3o;<\/p>\n<p>&#8211; Estanqueidade garantida pelo sistema de veda\u00e7\u00e3o na entrada e na sa\u00edda;<\/p>\n<p>&#8211; N\u00e3o exige m\u00e3o de obra especializada para instala\u00e7\u00e3o e manuten\u00e7\u00e3o.<\/p>\n<p>&nbsp;<\/p>\n","protected":false},"featured_media":772,"comment_status":"open","ping_status":"closed","template":"","meta":[],"product_cat":[168,300],"product_tag":[462],"_links":{"self":[{"href":"https:\/\/trenaferragens.com.br\/index.php?rest_route=\/wp\/v2\/product\/3890"}],"collection":[{"href":"https:\/\/trenaferragens.com.br\/index.php?rest_route=\/wp\/v2\/product"}],"about":[{"href":"https:\/\/trenaferragens.com.br\/index.php?rest_route=\/wp\/v2\/types\/product"}],"replies":[{"embeddable":true,"href":"https:\/\/trenaferragens.com.br\/index.php?rest_route=%2Fwp%2Fv2%2Fcomments&post=3890"}],"wp:featuredmedia":[{"embeddable":true,"href":"https:\/\/trenaferragens.com.br\/index.php?rest_route=\/wp\/v2\/media\/772"}],"wp:attachment":[{"href":"https:\/\/trenaferragens.com.br\/index.php?rest_route=%2Fwp%2Fv2%2Fmedia&parent=3890"}],"wp:term":[{"taxonomy":"product_cat","embeddable":true,"href":"https:\/\/trenaferragens.com.br\/index.php?rest_route=%2Fwp%2Fv2%2Fproduct_cat&post=3890"},{"taxonomy":"product_tag","embeddable":true,"href":"https:\/\/trenaferragens.com.br\/index.php?rest_route=%2Fwp%2Fv2%2Fproduct_tag&post=3890"}],"curies":[{"name":"wp","href":"https:\/\/api.w.org\/{rel}","templated":true}]}}