{"id":3891,"date":"2018-08-01T15:21:21","date_gmt":"2018-08-01T15:21:21","guid":{"rendered":"http:\/\/trenaferragens1.hospedagemdesites.ws\/produto\/import-placeholder-for-5068\/"},"modified":"2018-08-01T15:21:38","modified_gmt":"2018-08-01T15:21:38","slug":"ralo-linear-70cm-grelha","status":"publish","type":"product","link":"https:\/\/trenaferragens.com.br\/?product=ralo-linear-70cm-grelha","title":{"rendered":"Ralo Linear 70CM &#8211; Grelha"},"content":{"rendered":"<p>Ralo Linear 70CM &#8211; Grelha<\/p>\n<p>A Tigre Tubos e Conex\u00f5es oferta solu\u00e7\u00f5es recheadas de inova\u00e7\u00e3o e qualidade. A empresa possui linhas para os segmentos Predial, Industrial, Infraestrutura e Irriga\u00e7\u00e3o. S\u00e3o linhas completas, com produtos de excelente durabilidade, que garantem total tranquilidade na hora de construir ou reformar.<\/p>\n","protected":false},"excerpt":{"rendered":"<p>Ralo Linear 70CM &#8211; Grelha<\/p>\n<p>DISPON\u00cdVEL NAS OP\u00c7\u00d5ES:<\/p>\n<p>Ralo Linear 70CM &#8211; Grelha &#8211; BRANCA<\/p>\n<p>Ralo Linear 70CM &#8211; Grelha &#8211; AREIA<\/p>\n<p>Ralo Linear 70CM &#8211; Grelha &#8211; CINZA<\/p>\n<p>Ralo Linear 70CM &#8211; Grelha &#8211; INOX<\/p>\n","protected":false},"featured_media":773,"comment_status":"open","ping_status":"closed","template":"","meta":[],"product_cat":[168,300],"product_tag":[463],"_links":{"self":[{"href":"https:\/\/trenaferragens.com.br\/index.php?rest_route=\/wp\/v2\/product\/3891"}],"collection":[{"href":"https:\/\/trenaferragens.com.br\/index.php?rest_route=\/wp\/v2\/product"}],"about":[{"href":"https:\/\/trenaferragens.com.br\/index.php?rest_route=\/wp\/v2\/types\/product"}],"replies":[{"embeddable":true,"href":"https:\/\/trenaferragens.com.br\/index.php?rest_route=%2Fwp%2Fv2%2Fcomments&post=3891"}],"wp:featuredmedia":[{"embeddable":true,"href":"https:\/\/trenaferragens.com.br\/index.php?rest_route=\/wp\/v2\/media\/773"}],"wp:attachment":[{"href":"https:\/\/trenaferragens.com.br\/index.php?rest_route=%2Fwp%2Fv2%2Fmedia&parent=3891"}],"wp:term":[{"taxonomy":"product_cat","embeddable":true,"href":"https:\/\/trenaferragens.com.br\/index.php?rest_route=%2Fwp%2Fv2%2Fproduct_cat&post=3891"},{"taxonomy":"product_tag","embeddable":true,"href":"https:\/\/trenaferragens.com.br\/index.php?rest_route=%2Fwp%2Fv2%2Fproduct_tag&post=3891"}],"curies":[{"name":"wp","href":"https:\/\/api.w.org\/{rel}","templated":true}]}}