{"id":3893,"date":"2018-08-01T15:21:22","date_gmt":"2018-08-01T15:21:22","guid":{"rendered":"http:\/\/trenaferragens1.hospedagemdesites.ws\/produto\/import-placeholder-for-5074\/"},"modified":"2018-08-01T15:21:40","modified_gmt":"2018-08-01T15:21:40","slug":"registro-chuveiro-cpvc-branco-22mm","status":"publish","type":"product","link":"https:\/\/trenaferragens.com.br\/?product=registro-chuveiro-cpvc-branco-22mm","title":{"rendered":"Registro Chuveiro CPVC Branco 22MM"},"content":{"rendered":"<p>Registro Chuveiro CPVC Branco 22MM<\/p>\n<p>A Tigre Tubos e Conex\u00f5es oferta solu\u00e7\u00f5es recheadas de inova\u00e7\u00e3o e qualidade. A empresa possui linhas para os segmentos Predial, Industrial, Infraestrutura e Irriga\u00e7\u00e3o. S\u00e3o linhas completas, com produtos de excelente durabilidade, que garantem total tranquilidade na hora de construir ou reformar.<\/p>\n","protected":false},"excerpt":{"rendered":"<p>Registro Chuveiro CPVC Branco 22MM<\/p>\n<p>\u00c1gua quente de um jeito f\u00e1cil, seguro e eficiente. O Registro de Chuveiro Aquatherm\u00ae regula o fluxo da \u00e1gua quente dos chuveiros residenciais. Garantia de durabilidade, pois n\u00e3o sofre oxida\u00e7\u00e3o, ferrugem ou corros\u00e3o. Mais praticidade com o sistema abre e fecha de 1\/2 volta. Mais economia e seguran\u00e7a com menor probabilidade de vazamentos.<\/p>\n<h4 class=\"h4\">BENEF\u00cdCIOS<\/h4>\n<p>&#8211; Excelente est\u00e9tica;<\/p>\n<p>&#8211; Praticidade na opera\u00e7\u00e3o &#8211; abre e fecha facilmente com apenas 1\/2 volta;<\/p>\n<p>&#8211; Durabilidade &#8211; garantida pelo mecanismo interno mais resistente em compara\u00e7\u00e3o com os registros de press\u00e3o convencionais;<\/p>\n<p>&#8211; F\u00e1cil instala\u00e7\u00e3o &#8211; Dispensa equipamentos especiais e m\u00e3o de obra especializada;<\/p>\n<p>&#8211; Manuten\u00e7\u00e3o facilitada &#8211; devido ao mecanismo de reposi\u00e7\u00e3o comercializado separadamente.<\/p>\n","protected":false},"featured_media":775,"comment_status":"open","ping_status":"closed","template":"","meta":[],"product_cat":[168,300],"product_tag":[465],"_links":{"self":[{"href":"https:\/\/trenaferragens.com.br\/index.php?rest_route=\/wp\/v2\/product\/3893"}],"collection":[{"href":"https:\/\/trenaferragens.com.br\/index.php?rest_route=\/wp\/v2\/product"}],"about":[{"href":"https:\/\/trenaferragens.com.br\/index.php?rest_route=\/wp\/v2\/types\/product"}],"replies":[{"embeddable":true,"href":"https:\/\/trenaferragens.com.br\/index.php?rest_route=%2Fwp%2Fv2%2Fcomments&post=3893"}],"wp:featuredmedia":[{"embeddable":true,"href":"https:\/\/trenaferragens.com.br\/index.php?rest_route=\/wp\/v2\/media\/775"}],"wp:attachment":[{"href":"https:\/\/trenaferragens.com.br\/index.php?rest_route=%2Fwp%2Fv2%2Fmedia&parent=3893"}],"wp:term":[{"taxonomy":"product_cat","embeddable":true,"href":"https:\/\/trenaferragens.com.br\/index.php?rest_route=%2Fwp%2Fv2%2Fproduct_cat&post=3893"},{"taxonomy":"product_tag","embeddable":true,"href":"https:\/\/trenaferragens.com.br\/index.php?rest_route=%2Fwp%2Fv2%2Fproduct_tag&post=3893"}],"curies":[{"name":"wp","href":"https:\/\/api.w.org\/{rel}","templated":true}]}}