{"id":3901,"date":"2018-08-01T15:21:42","date_gmt":"2018-08-01T15:21:42","guid":{"rendered":"http:\/\/trenaferragens1.hospedagemdesites.ws\/produto\/import-placeholder-for-5076\/"},"modified":"2018-08-01T15:22:01","modified_gmt":"2018-08-01T15:22:01","slug":"registro-chuveiro-pvc-branco","status":"publish","type":"product","link":"https:\/\/trenaferragens.com.br\/?product=registro-chuveiro-pvc-branco","title":{"rendered":"Registro Chuveiro PVC Branco"},"content":{"rendered":"<p>Registro Chuveiro PVC Branco<\/p>\n<p>A Tigre Tubos e Conex\u00f5es oferta solu\u00e7\u00f5es recheadas de inova\u00e7\u00e3o e qualidade. A empresa possui linhas para os segmentos Predial, Industrial, Infraestrutura e Irriga\u00e7\u00e3o. S\u00e3o linhas completas, com produtos de excelente durabilidade, que garantem total tranquilidade na hora de construir ou reformar.<\/p>\n","protected":false},"excerpt":{"rendered":"<p>Registro Chuveiro PVC Branco<\/p>\n<p>DISPON\u00cdVEL NOS TAMANHOS:<\/p>\n<p>Registro Chuveiro PVC Branco 25MM<\/p>\n<p>Registro Chuveiro PVC Branco 3\/4<\/p>\n<p>BENEF\u00cdCIOS<\/p>\n<p>\u2022 Facilidade de instala\u00e7\u00e3o.<\/p>\n<p>\u2022 Durabilidade.<\/p>\n<p>\u2022 Abre e fecha com 1\/2 volta.<\/p>\n<p>CARACTER\u00cdSTICAS<\/p>\n<p>\u2022 100% pl\u00e1stico.<\/p>\n<p>\u2022 O registro \u00e9 de PVC, a mesma mat\u00e9ria-prima dos tubos e conex\u00f5es, bastando soldar com o Adesivo Pl\u00e1stico para PVC Tigre ou rosquear com fita veda rosca.<\/p>\n<p>\u2022 N\u00e3o cria incrusta\u00e7\u00f5es, portanto mant\u00e9m o excelente desempenho hidr\u00e1ulico por muito tempo .<\/p>\n<p>\u2022 Vem com capa protetora que possui marca\u00e7\u00e3o do n\u00edvel de reboco.<\/p>\n<p>\u2022 Facilidade de manuten\u00e7\u00e3o: n\u00e3o precisa quebrar a parede para trocar o mecanismo.<\/p>\n<p>\u2022 Pode receber acabamentos met\u00e1licos de outros fabricantes.<\/p>\n<p>\u2022 Agora a base vai com preme para instala\u00e7\u00e3o de acabamentos met\u00e1licos.<\/p>\n<p>COMPLEMENTOS<\/p>\n<p>Linha Sold\u00e1vel e Rosc\u00e1vel<\/p>\n<p>Adesivo Pl\u00e1stico para PVC<\/p>\n<p>Solu\u00e7\u00e3o Preparadora<\/p>\n<p>Fita Veda Rosca.<\/p>\n","protected":false},"featured_media":776,"comment_status":"open","ping_status":"closed","template":"","meta":[],"product_cat":[168,300],"product_tag":[466],"_links":{"self":[{"href":"https:\/\/trenaferragens.com.br\/index.php?rest_route=\/wp\/v2\/product\/3901"}],"collection":[{"href":"https:\/\/trenaferragens.com.br\/index.php?rest_route=\/wp\/v2\/product"}],"about":[{"href":"https:\/\/trenaferragens.com.br\/index.php?rest_route=\/wp\/v2\/types\/product"}],"replies":[{"embeddable":true,"href":"https:\/\/trenaferragens.com.br\/index.php?rest_route=%2Fwp%2Fv2%2Fcomments&post=3901"}],"wp:featuredmedia":[{"embeddable":true,"href":"https:\/\/trenaferragens.com.br\/index.php?rest_route=\/wp\/v2\/media\/776"}],"wp:attachment":[{"href":"https:\/\/trenaferragens.com.br\/index.php?rest_route=%2Fwp%2Fv2%2Fmedia&parent=3901"}],"wp:term":[{"taxonomy":"product_cat","embeddable":true,"href":"https:\/\/trenaferragens.com.br\/index.php?rest_route=%2Fwp%2Fv2%2Fproduct_cat&post=3901"},{"taxonomy":"product_tag","embeddable":true,"href":"https:\/\/trenaferragens.com.br\/index.php?rest_route=%2Fwp%2Fv2%2Fproduct_tag&post=3901"}],"curies":[{"name":"wp","href":"https:\/\/api.w.org\/{rel}","templated":true}]}}