{"id":3902,"date":"2018-08-01T15:21:42","date_gmt":"2018-08-01T15:21:42","guid":{"rendered":"http:\/\/trenaferragens1.hospedagemdesites.ws\/produto\/import-placeholder-for-5078\/"},"modified":"2018-08-01T15:22:01","modified_gmt":"2018-08-01T15:22:01","slug":"sifao-flex-ajustavel-multiuso-66cm","status":"publish","type":"product","link":"https:\/\/trenaferragens.com.br\/?product=sifao-flex-ajustavel-multiuso-66cm","title":{"rendered":"Sif\u00e3o Flex Ajust\u00e1vel Multiuso 66CM"},"content":{"rendered":"<p>Sif\u00e3o Flex Ajust\u00e1vel Multiuso 66CM<\/p>\n<p>A Tigre Tubos e Conex\u00f5es oferta solu\u00e7\u00f5es recheadas de inova\u00e7\u00e3o e qualidade. A empresa possui linhas para os segmentos Predial, Industrial, Infraestrutura e Irriga\u00e7\u00e3o. S\u00e3o linhas completas, com produtos de excelente durabilidade, que garantem total tranquilidade na hora de construir ou reformar.<\/p>\n","protected":false},"excerpt":{"rendered":"<p>Sif\u00e3o Flex Ajust\u00e1vel Multiuso 66CM<\/p>\n<p>DISPON\u00cdVEL NAS OP\u00c7\u00d5ES:<\/p>\n<p>Sif\u00e3o Flex Ajust\u00e1vel Multiuso 66CM &#8211; Metalizado CR<\/p>\n<p>Sif\u00e3o Flex Ajust\u00e1vel Multiuso 66CM &#8211; Branco<\/p>\n<h4 class=\"h4\">BENEF\u00cdCIOS<\/h4>\n<p>&#8211; Flexibilidade &#8211; tubo extens\u00edvel para adapta\u00e7\u00e3o em locais de pouco espa\u00e7o;<\/p>\n<p>&#8211; F\u00e1cil instala\u00e7\u00e3o &#8211; dispensa o uso de ferramentas, sendo suficiente apenas aperto manual;<\/p>\n<p>&#8211; F\u00e1cil manuten\u00e7\u00e3o &#8211; permite acesso f\u00e1cil numa prov\u00e1vel limpeza e desobstru\u00e7\u00e3o da tubula\u00e7\u00e3o de esgoto;<\/p>\n<p>&#8211; Melhor veda\u00e7\u00e3o &#8211; anel de borracha j\u00e1 vai incorporado na bucha de redu\u00e7\u00e3o.<\/p>\n","protected":false},"featured_media":787,"comment_status":"open","ping_status":"closed","template":"","meta":[],"product_cat":[168,300],"product_tag":[467],"_links":{"self":[{"href":"https:\/\/trenaferragens.com.br\/index.php?rest_route=\/wp\/v2\/product\/3902"}],"collection":[{"href":"https:\/\/trenaferragens.com.br\/index.php?rest_route=\/wp\/v2\/product"}],"about":[{"href":"https:\/\/trenaferragens.com.br\/index.php?rest_route=\/wp\/v2\/types\/product"}],"replies":[{"embeddable":true,"href":"https:\/\/trenaferragens.com.br\/index.php?rest_route=%2Fwp%2Fv2%2Fcomments&post=3902"}],"wp:featuredmedia":[{"embeddable":true,"href":"https:\/\/trenaferragens.com.br\/index.php?rest_route=\/wp\/v2\/media\/787"}],"wp:attachment":[{"href":"https:\/\/trenaferragens.com.br\/index.php?rest_route=%2Fwp%2Fv2%2Fmedia&parent=3902"}],"wp:term":[{"taxonomy":"product_cat","embeddable":true,"href":"https:\/\/trenaferragens.com.br\/index.php?rest_route=%2Fwp%2Fv2%2Fproduct_cat&post=3902"},{"taxonomy":"product_tag","embeddable":true,"href":"https:\/\/trenaferragens.com.br\/index.php?rest_route=%2Fwp%2Fv2%2Fproduct_tag&post=3902"}],"curies":[{"name":"wp","href":"https:\/\/api.w.org\/{rel}","templated":true}]}}