{"id":3906,"date":"2018-08-01T15:21:44","date_gmt":"2018-08-01T15:21:44","guid":{"rendered":"http:\/\/trenaferragens1.hospedagemdesites.ws\/produto\/import-placeholder-for-5086\/"},"modified":"2018-08-01T15:22:04","modified_gmt":"2018-08-01T15:22:04","slug":"adaptador-caixa-dagua-c-anel","status":"publish","type":"product","link":"https:\/\/trenaferragens.com.br\/?product=adaptador-caixa-dagua-c-anel","title":{"rendered":"Adaptador Caixa D&#8217;\u00c1gua C\/Anel"},"content":{"rendered":"<p>Adaptador Caixa D&#8217;\u00c1gua C\/Anel<\/p>\n<p>A Tigre Tubos e Conex\u00f5es oferta solu\u00e7\u00f5es recheadas de inova\u00e7\u00e3o e qualidade. A empresa possui linhas para os segmentos Predial, Industrial, Infraestrutura e Irriga\u00e7\u00e3o. S\u00e3o linhas completas, com produtos de excelente durabilidade, que garantem total tranquilidade na hora de construir ou reformar.<\/p>\n","protected":false},"excerpt":{"rendered":"<p>Adaptador Caixa D&#8217;\u00c1gua C\/Anel<\/p>\n<p>DISPON\u00cdVEL NOS TAMANHOS:<\/p>\n<p>Adaptador Caixa D&#8217;\u00c1gua C\/Anel &#8211; 1\/2<\/p>\n<p>Adaptador Caixa D&#8217;\u00c1gua C\/Anel &#8211; 3\/4<\/p>\n<p>Adaptador Caixa D&#8217;\u00c1gua C\/Anel &#8211; 1<\/p>\n<p>Adaptador Caixa D&#8217;\u00c1gua C\/Anel &#8211; 1.1\/4<\/p>\n<p>Adaptador Caixa D&#8217;\u00c1gua C\/Anel &#8211; 1.1\/2<\/p>\n<p>Adaptador Caixa D&#8217;\u00c1gua C\/Anel &#8211; 2<\/p>\n","protected":false},"featured_media":791,"comment_status":"open","ping_status":"closed","template":"","meta":[],"product_cat":[210,300],"product_tag":[471],"_links":{"self":[{"href":"https:\/\/trenaferragens.com.br\/index.php?rest_route=\/wp\/v2\/product\/3906"}],"collection":[{"href":"https:\/\/trenaferragens.com.br\/index.php?rest_route=\/wp\/v2\/product"}],"about":[{"href":"https:\/\/trenaferragens.com.br\/index.php?rest_route=\/wp\/v2\/types\/product"}],"replies":[{"embeddable":true,"href":"https:\/\/trenaferragens.com.br\/index.php?rest_route=%2Fwp%2Fv2%2Fcomments&post=3906"}],"wp:featuredmedia":[{"embeddable":true,"href":"https:\/\/trenaferragens.com.br\/index.php?rest_route=\/wp\/v2\/media\/791"}],"wp:attachment":[{"href":"https:\/\/trenaferragens.com.br\/index.php?rest_route=%2Fwp%2Fv2%2Fmedia&parent=3906"}],"wp:term":[{"taxonomy":"product_cat","embeddable":true,"href":"https:\/\/trenaferragens.com.br\/index.php?rest_route=%2Fwp%2Fv2%2Fproduct_cat&post=3906"},{"taxonomy":"product_tag","embeddable":true,"href":"https:\/\/trenaferragens.com.br\/index.php?rest_route=%2Fwp%2Fv2%2Fproduct_tag&post=3906"}],"curies":[{"name":"wp","href":"https:\/\/api.w.org\/{rel}","templated":true}]}}